{"id":3749,"date":"2021-02-04T09:51:35","date_gmt":"2021-02-04T06:51:35","guid":{"rendered":"http:\/\/www.maltepedekimatbaalar.com\/?page_id=3749"},"modified":"2021-06-18T09:32:15","modified_gmt":"2021-06-18T06:32:15","slug":"about-us","status":"publish","type":"page","link":"https:\/\/www.stopgrup.com\/bg\/about-us\/","title":{"rendered":"About Us"},"content":{"rendered":"[vc_row equal_height=&#8221;yes&#8221; css=&#8221;.vc_custom_1548062129681{padding-bottom: 100px !important;}&#8221;][vc_column width=&#8221;5\/6&#8243; offset=&#8221;vc_col-lg-offset-1&#8243;][vc_single_image image=&#8221;3751&#8243; img_size=&#8221;full&#8221; alignment=&#8221;center&#8221;][\/vc_column][vc_column width=&#8221;3\/4&#8243; css=&#8221;.vc_custom_1612421316670{padding-right: 75px !important;}&#8221; offset=&#8221;vc_col-lg-offset-2&#8243;]<div class=\"cws_spacing cws_spacing_size_sm_desctop-on cws_spacing_tablet-on cws_spacing_mobile-on\"><div class=\"cws_spacing cws_spacing_default\" style=\"height:40px;\"><\/div> <div class=\"cws_spacing cws_spacing_size_sm_desctop\" style=\"height:40px;\"><\/div> <div class=\"cws_spacing cws_spacing_tablet\" style=\"height:40px;\"><\/div> <div class=\"cws_spacing cws_spacing_mobile\" style=\"height:40px;\"><\/div><\/div><div class='cws_textmodule cws_vc_shortcode_module' id='cws_textmodule_69f91518cfe06'><div class='cws_textmodule_wrapper '><div class='cws_textmodule_text text_align_left'><div class='cws_textmodule_titles display_block'><h3 class='cws_textmodule_title'><span>Hakk\u0131m\u0131zda<\/span><\/h3><\/div><div class='cws_textmodule_content'><div class='text_content_wrapper'><p>Stop Grup insan tecr\u00fcbesine dayal\u0131 alt yap\u0131s\u0131, farkl\u0131 sekt\u00f6rlerdeki \u00e7al\u0131\u015fmalar\u0131 ile edindi\u011fi ticari birikimi ve m\u00fc\u015fteri memnuniyeti odakl\u0131 hizmet anlay\u0131\u015f\u0131 sayesinde, k\u0131sa say\u0131labilecek bir s\u00fcrede, \u00e7ok ciddi ve de\u011ferli referanslar edinmi\u015f, sekt\u00f6rde ba\u015far\u0131l\u0131 bir konum elde etmi\u015ftir. 2014 y\u0131l\u0131nda ihracata da y\u00f6nelen \u015firketimiz ba\u015fta orta do\u011fu ve afrika k\u0131tas\u0131 olmak \u00fczere avrupa ve uzak do\u011fuya \u00fcr\u00fcnler ihra\u00e7 etmi\u015ftir.\u00a021 A\u011fustos 2018 \u0130talya\/Roma kentinde Aisico test merkezinde\u00a0<strong>CRASH TEST\/\u00c7ARPI\u015eMA TEST<\/strong>\u2018ini ba\u015far\u0131 ile ge\u00e7ip bu test ile\u00a0<strong>IWA, ASTM F2656<\/strong>\u00a0ve\u00a0<strong>PAS68(K-12)<\/strong>\u00a0sertifikalar\u0131n\u0131 alm\u0131\u015f olduk. -1.3 penetrasyon sonucu ile T\u00fcrkiye de en iyi sonucu elde ettik.<\/p>\n<p>Stop Grup, kaliteli teknik malzemelerle \u00fcretti\u011fi \u00fcr\u00fcnleri, s\u00fcrekli AR-GE \u00e7al\u0131\u015fmalar\u0131na yapt\u0131\u011f\u0131 ve yapmaya devam etti\u011fi yat\u0131r\u0131mlar\u0131, en \u00f6nemlisi kalifiye teknik kadrosuyla, s\u00fcrekli geli\u015fen ve daha iyi olma yolunda \u00e7al\u0131\u015fmalar\u0131na devam eden bir firmad\u0131r. \u015eirketimiz, kendisinden mal ve\/veya hizmet talep eden ki\u015fi ve\/veya kurumlar\u0131n i\u015fin \u00f6l\u00e7e\u011fine bakmadan her t\u00fcrl\u00fc talebine ayn\u0131 ciddiyet ve \u00f6zenle cevap vermektedir.<\/p>\n<\/div><\/div><\/div><\/div><\/div><div class=\"cws_spacing cws_spacing_size_sm_desctop-on cws_spacing_tablet-on cws_spacing_mobile-on\"><div class=\"cws_spacing cws_spacing_default\" style=\"height:40px;\"><\/div> <div class=\"cws_spacing cws_spacing_size_sm_desctop\" style=\"height:40px;\"><\/div> <div class=\"cws_spacing cws_spacing_tablet\" style=\"height:40px;\"><\/div> <div class=\"cws_spacing cws_spacing_mobile\" style=\"height:40px;\"><\/div><\/div><div class='cws_textmodule cws_vc_shortcode_module' id='cws_textmodule_69f91518d029a'><div class='cws_textmodule_wrapper '><div class='cws_textmodule_text text_align_left'><div class='cws_textmodule_titles display_block'><h3 class='cws_textmodule_title'><span>Misyonumuz<\/span><\/h3><\/div><div class='cws_textmodule_content'><div class='text_content_wrapper'><p>Ticari anlamda ba\u015far\u0131l\u0131 olmak i\u00e7in, yurt i\u00e7i ve yurt d\u0131\u015f\u0131 pazara do\u011fru ve kaliteli \u00fcr\u00fcn ve hizmet \u00fcreterek \u00fclke ekonomisi i\u00e7in katma de\u011fer \u00fcretmek ve geli\u015fmesine paralel olarak istihdama do\u011frudan ve dolayl\u0131 olarak olumlu katk\u0131 sa\u011flamakt\u0131r.<\/p>\n<\/div><\/div><\/div><\/div><\/div><div class=\"cws_spacing cws_spacing_size_sm_desctop-on cws_spacing_tablet-on cws_spacing_mobile-on\"><div class=\"cws_spacing cws_spacing_default\" style=\"height:40px;\"><\/div> <div class=\"cws_spacing cws_spacing_size_sm_desctop\" style=\"height:40px;\"><\/div> <div class=\"cws_spacing cws_spacing_tablet\" style=\"height:40px;\"><\/div> <div class=\"cws_spacing cws_spacing_mobile\" style=\"height:40px;\"><\/div><\/div><div class='cws_textmodule cws_vc_shortcode_module' id='cws_textmodule_69f91518d06ed'><div class='cws_textmodule_wrapper '><div class='cws_textmodule_text text_align_left'><div class='cws_textmodule_titles display_block'><h3 class='cws_textmodule_title'><span>Vizyonumuz<\/span><\/h3><\/div><div class='cws_textmodule_content'><div class='text_content_wrapper'><p>Kaliteli \u00fcr\u00fcnlerimizi ve hizmetlerimizi teknik ve insani alanlara yapt\u0131\u011f\u0131m\u0131z yat\u0131r\u0131mlarla geli\u015ftimek, sayg\u0131n ve de\u011ferli bir marka olarak bizden mal ve\/veya hizmet talep eden t\u00fcm \u00f6zel ve t\u00fczel ki\u015filere do\u011fru \u00fcr\u00fcn ve hizmet sunmakt\u0131r.<\/p>\n<\/div><\/div><\/div><\/div><\/div>[\/vc_column][\/vc_row]\n","protected":false},"excerpt":{"rendered":"<p>[vc_row equal_height=&#8221;yes&#8221; css=&#8221;.vc_custom_1548062129681{padding-bottom: 100px !important;}&#8221;][vc_column width=&#8221;5\/6&#8243; offset=&#8221;vc_col-lg-offset-1&#8243;][vc_single_image image=&#8221;3751&#8243; img_size=&#8221;full&#8221; alignment=&#8221;center&#8221;][\/vc_column][vc_column width=&#8221;3\/4&#8243; css=&#8221;.vc_custom_1612421316670{padding-right: 75px !important;}&#8221; offset=&#8221;vc_col-lg-offset-2&#8243;][\/vc_column][\/vc_row]<\/p>\n","protected":false},"author":1,"featured_media":0,"parent":0,"menu_order":0,"comment_status":"closed","ping_status":"closed","template":"","meta":[],"yoast_head":"<!-- This site is optimized with the Yoast SEO plugin v16.4 - https:\/\/yoast.com\/wordpress\/plugins\/seo\/ -->\n<title>About Us - Stop Grup \u00c7it ve Bariyer Sistemleri<\/title>\n<meta name=\"robots\" content=\"index, follow, max-snippet:-1, max-image-preview:large, max-video-preview:-1\" \/>\n<link rel=\"canonical\" href=\"https:\/\/www.stopgrup.com\/bg\/about-us\/\" \/>\n<meta property=\"og:locale\" content=\"tr_TR\" \/>\n<meta property=\"og:type\" content=\"article\" \/>\n<meta property=\"og:title\" content=\"About Us - Stop Grup \u00c7it ve Bariyer Sistemleri\" \/>\n<meta property=\"og:description\" content=\"[vc_row equal_height=&#8221;yes&#8221; css=&#8221;.vc_custom_1548062129681{padding-bottom: 100px !important;}&#8221;][vc_column width=&#8221;5\/6&#8243; offset=&#8221;vc_col-lg-offset-1&#8243;][vc_single_image image=&#8221;3751&#8243; img_size=&#8221;full&#8221; alignment=&#8221;center&#8221;][\/vc_column][vc_column width=&#8221;3\/4&#8243; css=&#8221;.vc_custom_1612421316670{padding-right: 75px !important;}&#8221; offset=&#8221;vc_col-lg-offset-2&#8243;][\/vc_column][\/vc_row]\" \/>\n<meta property=\"og:url\" content=\"https:\/\/www.stopgrup.com\/bg\/about-us\/\" \/>\n<meta property=\"og:site_name\" content=\"Stop Grup \u00c7it ve Bariyer Sistemleri\" \/>\n<meta property=\"article:modified_time\" content=\"2021-06-18T06:32:15+00:00\" \/>\n<meta name=\"twitter:card\" content=\"summary_large_image\" \/>\n<meta name=\"twitter:label1\" content=\"Tahmini okuma s\u00fcresi\" \/>\n\t<meta name=\"twitter:data1\" content=\"1 dakika\" \/>\n<script type=\"application\/ld+json\" class=\"yoast-schema-graph\">{\"@context\":\"https:\/\/schema.org\",\"@graph\":[{\"@type\":\"WebSite\",\"@id\":\"https:\/\/www.stopgrup.com\/bg\/#website\",\"url\":\"https:\/\/www.stopgrup.com\/bg\/\",\"name\":\"Stop Grup \\u00c7it ve Bariyer Sistemleri\",\"description\":\"\",\"potentialAction\":[{\"@type\":\"SearchAction\",\"target\":\"https:\/\/www.stopgrup.com\/bg\/?s={search_term_string}\",\"query-input\":\"required name=search_term_string\"}],\"inLanguage\":\"tr\"},{\"@type\":\"WebPage\",\"@id\":\"https:\/\/www.stopgrup.com\/bg\/about-us\/#webpage\",\"url\":\"https:\/\/www.stopgrup.com\/bg\/about-us\/\",\"name\":\"About Us - Stop Grup \\u00c7it ve Bariyer Sistemleri\",\"isPartOf\":{\"@id\":\"https:\/\/www.stopgrup.com\/bg\/#website\"},\"datePublished\":\"2021-02-04T06:51:35+00:00\",\"dateModified\":\"2021-06-18T06:32:15+00:00\",\"breadcrumb\":{\"@id\":\"https:\/\/www.stopgrup.com\/bg\/about-us\/#breadcrumb\"},\"inLanguage\":\"tr\",\"potentialAction\":[{\"@type\":\"ReadAction\",\"target\":[\"https:\/\/www.stopgrup.com\/bg\/about-us\/\"]}]},{\"@type\":\"BreadcrumbList\",\"@id\":\"https:\/\/www.stopgrup.com\/bg\/about-us\/#breadcrumb\",\"itemListElement\":[{\"@type\":\"ListItem\",\"position\":1,\"item\":{\"@type\":\"WebPage\",\"@id\":\"https:\/\/www.stopgrup.com\/bg\/\",\"url\":\"https:\/\/www.stopgrup.com\/bg\/\",\"name\":\"Anasayfa\"}},{\"@type\":\"ListItem\",\"position\":2,\"item\":{\"@id\":\"https:\/\/www.stopgrup.com\/bg\/about-us\/#webpage\"}}]}]}<\/script>\n<!-- \/ Yoast SEO plugin. -->","_links":{"self":[{"href":"https:\/\/www.stopgrup.com\/bg\/wp-json\/wp\/v2\/pages\/3749"}],"collection":[{"href":"https:\/\/www.stopgrup.com\/bg\/wp-json\/wp\/v2\/pages"}],"about":[{"href":"https:\/\/www.stopgrup.com\/bg\/wp-json\/wp\/v2\/types\/page"}],"author":[{"embeddable":true,"href":"https:\/\/www.stopgrup.com\/bg\/wp-json\/wp\/v2\/users\/1"}],"replies":[{"embeddable":true,"href":"https:\/\/www.stopgrup.com\/bg\/wp-json\/wp\/v2\/comments?post=3749"}],"version-history":[{"count":6,"href":"https:\/\/www.stopgrup.com\/bg\/wp-json\/wp\/v2\/pages\/3749\/revisions"}],"predecessor-version":[{"id":6864,"href":"https:\/\/www.stopgrup.com\/bg\/wp-json\/wp\/v2\/pages\/3749\/revisions\/6864"}],"wp:attachment":[{"href":"https:\/\/www.stopgrup.com\/bg\/wp-json\/wp\/v2\/media?parent=3749"}],"curies":[{"name":"wp","href":"https:\/\/api.w.org\/{rel}","templated":true}]}}