{"id":1733,"date":"2019-01-25T13:53:45","date_gmt":"2019-01-25T13:53:45","guid":{"rendered":"http:\/\/www.maltepedekimatbaalar.com\/contacts\/"},"modified":"2023-02-28T14:58:59","modified_gmt":"2023-02-28T11:58:59","slug":"contact","status":"publish","type":"page","link":"https:\/\/www.stopgrup.com\/en\/contact\/","title":{"rendered":"Contact"},"content":{"rendered":"[vc_row][vc_column]<div class='cws_textmodule cws_vc_shortcode_module' id='cws_textmodule_6a06fdf4bf2eb'><div class='cws_textmodule_wrapper '><div class='cws_textmodule_text text_align_left'><div class='cws_textmodule_titles display_block'><h3 class='cws_textmodule_title'><span>\u0130LET\u0130\u015e\u0130M<\/span><\/h3><\/div><\/div><\/div><\/div><div class=\"cws_spacing\"><div class=\"cws_spacing cws_spacing_default\" style=\"height:50px;\"><\/div><\/div>[\/vc_column][\/vc_row][vc_row equal_height=&#8221;yes&#8221;][vc_column width=&#8221;1\/4&#8243; css=&#8221;.vc_custom_1612882299376{padding-bottom: 40px !important;padding-left: px !important;background-color: #e5e5e5 !important;}&#8221;]<div id='cws_service_item_6a06fdf4bf9ac' class='cws_service_item cws_vc_shortcode_module title_beside style_default a-left v-top'><div class='cws_service_item_wrapper clearfix'><div class='cws_service_info'><h6 class='cws_service_title'>Adres<\/h6><div class='cws_service_desc clearfix'><p>G\u00fczelce Mah. \u0130skenderun Cad. No:6<br \/>\nE-5 \u00dczeri B\u00fcy\u00fck\u00e7ekmece \/ \u0130STANBUL<\/p>\n<\/div><\/div><\/div><\/div><div class=\"cws_spacing\"><div class=\"cws_spacing cws_spacing_default\" style=\"height:25px;\"><\/div><\/div><div id='cws_service_item_6a06fdf4bff0b' class='cws_service_item cws_vc_shortcode_module title_beside style_default a-left v-top'><div class='cws_service_item_wrapper clearfix'><div class='cws_service_info'><h6 class='cws_service_title'>Bizi Aray\u0131n<\/h6><div class='cws_service_desc clearfix'><p>+90 507 133 19 00<\/p>\n<\/div><\/div><\/div><\/div><div class=\"cws_spacing\"><div class=\"cws_spacing cws_spacing_default\" style=\"height:25px;\"><\/div><\/div><div id='cws_service_item_6a06fdf4c03b4' class='cws_service_item cws_vc_shortcode_module title_beside style_default a-left v-top'><div class='cws_service_item_wrapper clearfix'><div class='cws_service_info'><h6 class='cws_service_title'>Bize Yaz\u0131n<\/h6><div class='cws_service_desc clearfix'><p>export@stopgrup.com<\/p>\n<\/div><\/div><\/div><\/div><div class=\"cws_spacing\"><div class=\"cws_spacing cws_spacing_default\" style=\"height:25px;\"><\/div><\/div><div class='cws_textmodule cws_vc_shortcode_module' id='cws_textmodule_6a06fdf4c0827'><div class='cws_textmodule_wrapper '><div class='cws_textmodule_text text_align_left'><div class='cws_textmodule_titles display_block'><h6 class='cws_textmodule_title'><span>Bizi Takip Edin<\/span><\/h6><\/div><div class='cws_textmodule_content'><div class='text_content_wrapper'><div style=\"display: flex; padding-left: 20px;\"><i class=\"fa fa-facebook\" style=\"padding: 0px 5px;\"><\/i><br \/>\n<i class=\"fa fa-instagram\" style=\"padding: 0px 5px;\"><\/i><br \/>\n<i class=\"fa fa-linkedin\" style=\"padding: 0px 5px;\"><\/i><\/div>\n<\/div><\/div><\/div><\/div><\/div>[\/vc_column][vc_column width=&#8221;3\/4&#8243; css=&#8221;.vc_custom_1549879351572{padding-left: 50px !important;}&#8221;][contact-form-7 id=&#8221;2408&#8243;][\/vc_column][\/vc_row][vc_row][vc_column]<div class=\"cws_spacing\"><div class=\"cws_spacing cws_spacing_default\" style=\"height:100px;\"><\/div><\/div>[\/vc_column][\/vc_row][vc_row full_width=&#8221;stretch_row_content_no_spaces&#8221;][vc_column][vc_column_text]<iframe loading=\"lazy\" style=\"border: 0;\" tabindex=\"0\" src=\"https:\/\/www.google.com\/maps\/embed?pb=!1m18!1m12!1m3!1d3010.76357348164!2d28.51623211566201!3d41.00854772735654!2m3!1f0!2f0!3f0!3m2!1i1024!2i768!4f13.1!3m3!1m2!1s0x14b55d7c811b93c9%3A0xde1c83c69548b830!2sStop%20Grup%20G%C3%BCvenlik%20Sistemleri!5e0!3m2!1str!2str!4v1612523226365!5m2!1str!2str\" width=\"100%\" height=\"600\" frameborder=\"0\" allowfullscreen=\"allowfullscreen\" aria-hidden=\"false\"><\/iframe>[\/vc_column_text][\/vc_column][\/vc_row]\n","protected":false},"excerpt":{"rendered":"<p>[vc_row][vc_column][\/vc_column][\/vc_row][vc_row equal_height=&#8221;yes&#8221;][vc_column width=&#8221;1\/4&#8243; css=&#8221;.vc_custom_1612882299376{padding-bottom: 40px !important;padding-left: px !important;background-color: #e5e5e5 !important;}&#8221;][\/vc_column][vc_column width=&#8221;3\/4&#8243; css=&#8221;.vc_custom_1549879351572{padding-left: 50px !important;}&#8221;][contact-form-7 id=&#8221;2408&#8243;][\/vc_column][\/vc_row][vc_row][vc_column][\/vc_column][\/vc_row][vc_row full_width=&#8221;stretch_row_content_no_spaces&#8221;][vc_column][vc_column_text][\/vc_column_text][\/vc_column][\/vc_row]<\/p>\n","protected":false},"author":1,"featured_media":0,"parent":0,"menu_order":0,"comment_status":"closed","ping_status":"closed","template":"","meta":[],"yoast_head":"<!-- This site is optimized with the Yoast SEO plugin v16.4 - https:\/\/yoast.com\/wordpress\/plugins\/seo\/ -->\n<title>Contact - Stop Grup Fence and Barrier Systems<\/title>\n<meta name=\"robots\" content=\"index, follow, max-snippet:-1, max-image-preview:large, max-video-preview:-1\" \/>\n<link rel=\"canonical\" href=\"https:\/\/www.stopgrup.com\/en\/contact\/\" \/>\n<meta property=\"og:locale\" content=\"tr_TR\" \/>\n<meta property=\"og:type\" content=\"article\" \/>\n<meta property=\"og:title\" content=\"Contact - Stop Grup Fence and Barrier Systems\" \/>\n<meta property=\"og:description\" content=\"[vc_row][vc_column][\/vc_column][\/vc_row][vc_row equal_height=&#8221;yes&#8221;][vc_column width=&#8221;1\/4&#8243; css=&#8221;.vc_custom_1612882299376{padding-bottom: 40px !important;padding-left: px !important;background-color: #e5e5e5 !important;}&#8221;][\/vc_column][vc_column width=&#8221;3\/4&#8243; css=&#8221;.vc_custom_1549879351572{padding-left: 50px !important;}&#8221;][contact-form-7 id=&#8221;2408&#8243;][\/vc_column][\/vc_row][vc_row][vc_column][\/vc_column][\/vc_row][vc_row full_width=&#8221;stretch_row_content_no_spaces&#8221;][vc_column][vc_column_text][\/vc_column_text][\/vc_column][\/vc_row]\" \/>\n<meta property=\"og:url\" content=\"https:\/\/www.stopgrup.com\/en\/contact\/\" \/>\n<meta property=\"og:site_name\" content=\"Stop Grup Fence and Barrier Systems\" \/>\n<meta property=\"article:modified_time\" content=\"2023-02-28T11:58:59+00:00\" \/>\n<meta name=\"twitter:card\" content=\"summary_large_image\" \/>\n<meta name=\"twitter:label1\" content=\"Tahmini okuma s\u00fcresi\" \/>\n\t<meta name=\"twitter:data1\" content=\"1 dakika\" \/>\n<script type=\"application\/ld+json\" class=\"yoast-schema-graph\">{\"@context\":\"https:\/\/schema.org\",\"@graph\":[{\"@type\":\"WebSite\",\"@id\":\"https:\/\/www.stopgrup.com\/en\/#website\",\"url\":\"https:\/\/www.stopgrup.com\/en\/\",\"name\":\"Stop Grup Fence and Barrier Systems\",\"description\":\"\",\"potentialAction\":[{\"@type\":\"SearchAction\",\"target\":\"https:\/\/www.stopgrup.com\/en\/?s={search_term_string}\",\"query-input\":\"required name=search_term_string\"}],\"inLanguage\":\"tr\"},{\"@type\":\"WebPage\",\"@id\":\"https:\/\/www.stopgrup.com\/en\/contact\/#webpage\",\"url\":\"https:\/\/www.stopgrup.com\/en\/contact\/\",\"name\":\"Contact - Stop Grup Fence and Barrier Systems\",\"isPartOf\":{\"@id\":\"https:\/\/www.stopgrup.com\/en\/#website\"},\"datePublished\":\"2019-01-25T13:53:45+00:00\",\"dateModified\":\"2023-02-28T11:58:59+00:00\",\"breadcrumb\":{\"@id\":\"https:\/\/www.stopgrup.com\/en\/contact\/#breadcrumb\"},\"inLanguage\":\"tr\",\"potentialAction\":[{\"@type\":\"ReadAction\",\"target\":[\"https:\/\/www.stopgrup.com\/en\/contact\/\"]}]},{\"@type\":\"BreadcrumbList\",\"@id\":\"https:\/\/www.stopgrup.com\/en\/contact\/#breadcrumb\",\"itemListElement\":[{\"@type\":\"ListItem\",\"position\":1,\"item\":{\"@type\":\"WebPage\",\"@id\":\"https:\/\/www.stopgrup.com\/en\/\",\"url\":\"https:\/\/www.stopgrup.com\/en\/\",\"name\":\"Anasayfa\"}},{\"@type\":\"ListItem\",\"position\":2,\"item\":{\"@id\":\"https:\/\/www.stopgrup.com\/en\/contact\/#webpage\"}}]}]}<\/script>\n<!-- \/ Yoast SEO plugin. -->","_links":{"self":[{"href":"https:\/\/www.stopgrup.com\/en\/wp-json\/wp\/v2\/pages\/1733"}],"collection":[{"href":"https:\/\/www.stopgrup.com\/en\/wp-json\/wp\/v2\/pages"}],"about":[{"href":"https:\/\/www.stopgrup.com\/en\/wp-json\/wp\/v2\/types\/page"}],"author":[{"embeddable":true,"href":"https:\/\/www.stopgrup.com\/en\/wp-json\/wp\/v2\/users\/1"}],"replies":[{"embeddable":true,"href":"https:\/\/www.stopgrup.com\/en\/wp-json\/wp\/v2\/comments?post=1733"}],"version-history":[{"count":20,"href":"https:\/\/www.stopgrup.com\/en\/wp-json\/wp\/v2\/pages\/1733\/revisions"}],"predecessor-version":[{"id":7093,"href":"https:\/\/www.stopgrup.com\/en\/wp-json\/wp\/v2\/pages\/1733\/revisions\/7093"}],"wp:attachment":[{"href":"https:\/\/www.stopgrup.com\/en\/wp-json\/wp\/v2\/media?parent=1733"}],"curies":[{"name":"wp","href":"https:\/\/api.w.org\/{rel}","templated":true}]}}