{"id":3749,"date":"2021-02-04T09:51:35","date_gmt":"2021-02-04T06:51:35","guid":{"rendered":"http:\/\/www.maltepedekimatbaalar.com\/?page_id=3749"},"modified":"2021-07-08T12:49:02","modified_gmt":"2021-07-08T09:49:02","slug":"about-us","status":"publish","type":"page","link":"https:\/\/www.stopgrup.com\/en\/about-us\/","title":{"rendered":"About Us"},"content":{"rendered":"[vc_row equal_height=&#8221;yes&#8221; css=&#8221;.vc_custom_1548062129681{padding-bottom: 100px !important;}&#8221;][vc_column width=&#8221;5\/6&#8243; offset=&#8221;vc_col-lg-offset-1&#8243;][vc_single_image image=&#8221;3751&#8243; img_size=&#8221;full&#8221; alignment=&#8221;center&#8221;][\/vc_column][vc_column width=&#8221;3\/4&#8243; css=&#8221;.vc_custom_1612421316670{padding-right: 75px !important;}&#8221; offset=&#8221;vc_col-lg-offset-2&#8243;]<div class=\"cws_spacing cws_spacing_size_sm_desctop-on cws_spacing_tablet-on cws_spacing_mobile-on\"><div class=\"cws_spacing cws_spacing_default\" style=\"height:40px;\"><\/div> <div class=\"cws_spacing cws_spacing_size_sm_desctop\" style=\"height:40px;\"><\/div> <div class=\"cws_spacing cws_spacing_tablet\" style=\"height:40px;\"><\/div> <div class=\"cws_spacing cws_spacing_mobile\" style=\"height:40px;\"><\/div><\/div><div class='cws_textmodule cws_vc_shortcode_module' id='cws_textmodule_6a048fb7bb59f'><div class='cws_textmodule_wrapper '><div class='cws_textmodule_text text_align_left'><div class='cws_textmodule_titles display_block'><h3 class='cws_textmodule_title'><span>About Us<\/span><\/h3><\/div><div class='cws_textmodule_content'><div class='text_content_wrapper'><p>Stop Grup is found in 2010 by the name of \u201cStop \u00c7it Yap\u0131 Malzemeleri San. Tic. Ltd. \u015eti\u201d in \u0130stanbul Turkey and now she goes by the name \u201cStopGrup G\u00fcvenlik Sistemleri \u0130n\u015f. San. Ve Tic. A.\u015e\u201d. Our factory complex is built on 4000 m2 area that contains production lines, warehouses, offices and outdoor store zones.<\/p>\n<p>We are manufacturing Road blockers, hydraulic and manual bollards, on ground and underground tire killers. We are also proud to underline that we also have crash test certificates to name<strong> PAS68,<\/strong> <strong>IWA14<\/strong> and <strong>ASTM<\/strong> to our road blockers. Another product that we are manufacturing is grass fence, that we also have very good feedback from our customers in and out of Turkey.<\/p>\n<p>Thanks to our manufacture experience, our commercial experience and customer satisfaction-oriented services in different sectors; we have acquired very serious and valuable references in a short time and gained a respectable position in the sector.<\/p>\n<p>Stop Grup is a company that keeps developing and directing its operations towards becoming better. What makes us one of the best companies in sector are our products that produced by high quality technical materials and by qualified technical staff, our non-stop investments in R&amp;D and most importantly our love and respect to our job, our customers and environment.<br \/>\nStopGrup is also one of the best companies when it comes to after-sale services. We are fast to react and precise to solve the problem if any occurs.<\/p>\n<p>StopGrup responds to any requests of the customers demanding goods and\/or services without considering the scale of the work with the same seriousness and care.<\/p>\n<\/div><\/div><\/div><\/div><\/div><div class=\"cws_spacing cws_spacing_size_sm_desctop-on cws_spacing_tablet-on cws_spacing_mobile-on\"><div class=\"cws_spacing cws_spacing_default\" style=\"height:40px;\"><\/div> <div class=\"cws_spacing cws_spacing_size_sm_desctop\" style=\"height:40px;\"><\/div> <div class=\"cws_spacing cws_spacing_tablet\" style=\"height:40px;\"><\/div> <div class=\"cws_spacing cws_spacing_mobile\" style=\"height:40px;\"><\/div><\/div><div class='cws_textmodule cws_vc_shortcode_module' id='cws_textmodule_6a048fb7bbb62'><div class='cws_textmodule_wrapper '><div class='cws_textmodule_text text_align_left'><div class='cws_textmodule_titles display_block'><h3 class='cws_textmodule_title'><span>Our Mission<\/span><\/h3><\/div><div class='cws_textmodule_content'><div class='text_content_wrapper'><p>Our mission is delivering safe, high-quality and cost-effective product range and service for our customers while creating value to our partners and distributors.<\/p>\n<\/div><\/div><\/div><\/div><\/div><div class=\"cws_spacing cws_spacing_size_sm_desctop-on cws_spacing_tablet-on cws_spacing_mobile-on\"><div class=\"cws_spacing cws_spacing_default\" style=\"height:40px;\"><\/div> <div class=\"cws_spacing cws_spacing_size_sm_desctop\" style=\"height:40px;\"><\/div> <div class=\"cws_spacing cws_spacing_tablet\" style=\"height:40px;\"><\/div> <div class=\"cws_spacing cws_spacing_mobile\" style=\"height:40px;\"><\/div><\/div><div class='cws_textmodule cws_vc_shortcode_module' id='cws_textmodule_6a048fb7bc017'><div class='cws_textmodule_wrapper '><div class='cws_textmodule_text text_align_left'><div class='cws_textmodule_titles display_block'><h3 class='cws_textmodule_title'><span>Our Vision<\/span><\/h3><\/div><div class='cws_textmodule_content'><div class='text_content_wrapper'><p>To be one of the preferred global brands of physical access security product and service sector with conducting design and production of innovative products and solutions that comfort the clients, growing and improving is our aim since establishment.<\/p>\n<\/div><\/div><\/div><\/div><\/div>[\/vc_column][\/vc_row]\n","protected":false},"excerpt":{"rendered":"<p>[vc_row equal_height=&#8221;yes&#8221; css=&#8221;.vc_custom_1548062129681{padding-bottom: 100px !important;}&#8221;][vc_column width=&#8221;5\/6&#8243; offset=&#8221;vc_col-lg-offset-1&#8243;][vc_single_image image=&#8221;3751&#8243; img_size=&#8221;full&#8221; alignment=&#8221;center&#8221;][\/vc_column][vc_column width=&#8221;3\/4&#8243; css=&#8221;.vc_custom_1612421316670{padding-right: 75px !important;}&#8221; offset=&#8221;vc_col-lg-offset-2&#8243;][\/vc_column][\/vc_row]<\/p>\n","protected":false},"author":1,"featured_media":0,"parent":0,"menu_order":0,"comment_status":"closed","ping_status":"closed","template":"","meta":[],"yoast_head":"<!-- This site is optimized with the Yoast SEO plugin v16.4 - https:\/\/yoast.com\/wordpress\/plugins\/seo\/ -->\n<title>About Us - Stop Grup Fence and Barrier Systems<\/title>\n<meta name=\"robots\" content=\"index, follow, max-snippet:-1, max-image-preview:large, max-video-preview:-1\" \/>\n<link rel=\"canonical\" href=\"https:\/\/www.stopgrup.com\/en\/about-us\/\" \/>\n<meta property=\"og:locale\" content=\"tr_TR\" \/>\n<meta property=\"og:type\" content=\"article\" \/>\n<meta property=\"og:title\" content=\"About Us - Stop Grup Fence and Barrier Systems\" \/>\n<meta property=\"og:description\" content=\"[vc_row equal_height=&#8221;yes&#8221; css=&#8221;.vc_custom_1548062129681{padding-bottom: 100px !important;}&#8221;][vc_column width=&#8221;5\/6&#8243; offset=&#8221;vc_col-lg-offset-1&#8243;][vc_single_image image=&#8221;3751&#8243; img_size=&#8221;full&#8221; alignment=&#8221;center&#8221;][\/vc_column][vc_column width=&#8221;3\/4&#8243; css=&#8221;.vc_custom_1612421316670{padding-right: 75px !important;}&#8221; offset=&#8221;vc_col-lg-offset-2&#8243;][\/vc_column][\/vc_row]\" \/>\n<meta property=\"og:url\" content=\"https:\/\/www.stopgrup.com\/en\/about-us\/\" \/>\n<meta property=\"og:site_name\" content=\"Stop Grup Fence and Barrier Systems\" \/>\n<meta property=\"article:modified_time\" content=\"2021-07-08T09:49:02+00:00\" \/>\n<meta name=\"twitter:card\" content=\"summary_large_image\" \/>\n<meta name=\"twitter:label1\" content=\"Tahmini okuma s\u00fcresi\" \/>\n\t<meta name=\"twitter:data1\" content=\"2 dakika\" \/>\n<script type=\"application\/ld+json\" class=\"yoast-schema-graph\">{\"@context\":\"https:\/\/schema.org\",\"@graph\":[{\"@type\":\"WebSite\",\"@id\":\"https:\/\/www.stopgrup.com\/en\/#website\",\"url\":\"https:\/\/www.stopgrup.com\/en\/\",\"name\":\"Stop Grup Fence and Barrier Systems\",\"description\":\"\",\"potentialAction\":[{\"@type\":\"SearchAction\",\"target\":\"https:\/\/www.stopgrup.com\/en\/?s={search_term_string}\",\"query-input\":\"required name=search_term_string\"}],\"inLanguage\":\"tr\"},{\"@type\":\"WebPage\",\"@id\":\"https:\/\/www.stopgrup.com\/en\/about-us\/#webpage\",\"url\":\"https:\/\/www.stopgrup.com\/en\/about-us\/\",\"name\":\"About Us - Stop Grup Fence and Barrier Systems\",\"isPartOf\":{\"@id\":\"https:\/\/www.stopgrup.com\/en\/#website\"},\"datePublished\":\"2021-02-04T06:51:35+00:00\",\"dateModified\":\"2021-07-08T09:49:02+00:00\",\"breadcrumb\":{\"@id\":\"https:\/\/www.stopgrup.com\/en\/about-us\/#breadcrumb\"},\"inLanguage\":\"tr\",\"potentialAction\":[{\"@type\":\"ReadAction\",\"target\":[\"https:\/\/www.stopgrup.com\/en\/about-us\/\"]}]},{\"@type\":\"BreadcrumbList\",\"@id\":\"https:\/\/www.stopgrup.com\/en\/about-us\/#breadcrumb\",\"itemListElement\":[{\"@type\":\"ListItem\",\"position\":1,\"item\":{\"@type\":\"WebPage\",\"@id\":\"https:\/\/www.stopgrup.com\/en\/\",\"url\":\"https:\/\/www.stopgrup.com\/en\/\",\"name\":\"Anasayfa\"}},{\"@type\":\"ListItem\",\"position\":2,\"item\":{\"@id\":\"https:\/\/www.stopgrup.com\/en\/about-us\/#webpage\"}}]}]}<\/script>\n<!-- \/ Yoast SEO plugin. -->","_links":{"self":[{"href":"https:\/\/www.stopgrup.com\/en\/wp-json\/wp\/v2\/pages\/3749"}],"collection":[{"href":"https:\/\/www.stopgrup.com\/en\/wp-json\/wp\/v2\/pages"}],"about":[{"href":"https:\/\/www.stopgrup.com\/en\/wp-json\/wp\/v2\/types\/page"}],"author":[{"embeddable":true,"href":"https:\/\/www.stopgrup.com\/en\/wp-json\/wp\/v2\/users\/1"}],"replies":[{"embeddable":true,"href":"https:\/\/www.stopgrup.com\/en\/wp-json\/wp\/v2\/comments?post=3749"}],"version-history":[{"count":7,"href":"https:\/\/www.stopgrup.com\/en\/wp-json\/wp\/v2\/pages\/3749\/revisions"}],"predecessor-version":[{"id":6896,"href":"https:\/\/www.stopgrup.com\/en\/wp-json\/wp\/v2\/pages\/3749\/revisions\/6896"}],"wp:attachment":[{"href":"https:\/\/www.stopgrup.com\/en\/wp-json\/wp\/v2\/media?parent=3749"}],"curies":[{"name":"wp","href":"https:\/\/api.w.org\/{rel}","templated":true}]}}