{"id":3856,"date":"2021-02-10T08:43:14","date_gmt":"2021-02-10T05:43:14","guid":{"rendered":"http:\/\/www.maltepedekimatbaalar.com\/?page_id=3856"},"modified":"2021-08-10T10:37:58","modified_gmt":"2021-08-10T07:37:58","slug":"electromechanical-rising-bollard","status":"publish","type":"page","link":"https:\/\/www.stopgrup.com\/en\/electromechanical-rising-bollard\/","title":{"rendered":"Electromechanical Rising Bollard"},"content":{"rendered":"[vc_row full_width=&#8221;stretch_row_content_no_spaces&#8221;][vc_column]<div id='banner_id_69e5439246dec' class='banner style_1'><div class='banner_wrapper button-default a-center' style='background-image:url(https:\/\/www.stopgrup.com\/en\/wp-content\/uploads\/2020\/12\/text-bg-1.jpg);'><div class='banner_table'><div class='banner_cell'><h3 class='banner_title' style='color:#b5b5b5'><span class='banner_title_text'>Electromechanical Rising Bollard<\/span><\/h3><\/div><\/div><\/div><\/div><div class=\"cws_spacing\"><div class=\"cws_spacing cws_spacing_default\" style=\"height:32px;\"><\/div><\/div>[\/vc_column][\/vc_row][vc_row][vc_column width=&#8221;1\/4&#8243;]<div class='sc_button_wrapper align-center mobile-align-center'><div id='cws_vc_shortcode_button_69e54392474c2' class='cws_custom_button_wrapper cws_sc_button small advanced'><span><a href='https:\/\/www.stopgrup.com\/product-brochure\/electromechnical-bollard.pdf' class='cws_custom_button'><span>Product Brochure<\/span><\/a><\/span><\/div><\/div>[\/vc_column][vc_column width=&#8221;1\/2&#8243;]<div class='sc_button_wrapper align-center mobile-align-center'><div id='cws_vc_shortcode_button_69e54392476a8' class='cws_custom_button_wrapper cws_sc_button small advanced'><span><a class='cws_custom_button'><span>Technical Draw\u0131ngs<\/span><\/a><\/span><\/div><\/div><div class=\"cws_spacing\"><div class=\"cws_spacing cws_spacing_default\" style=\"height:32px;\"><\/div><\/div>[\/vc_column][vc_column width=&#8221;1\/4&#8243;]<div class='sc_button_wrapper align-center mobile-align-center'><div id='cws_vc_shortcode_button_69e543924788e' class='cws_custom_button_wrapper cws_sc_button small advanced'><span><a class='cws_custom_button'><span>Product Cert\u0131f\u0131cates<\/span><\/a><\/span><\/div><\/div>[\/vc_column][\/vc_row][vc_row][vc_column width=&#8221;1\/2&#8243;][vc_toggle title=&#8221;Electromechanical Rising Bollard&#8221; open=&#8221;true&#8221; custom_font_container=&#8221;tag:h4|font_size:10px|text_align:left&#8221; custom_use_theme_fonts=&#8221;yes&#8221;]\n<ul>\n<li>Working Voltage : 230 Vac 50 Hz<\/li>\n<li>Engine : D.C<\/li>\n<li>Current : Min 8 A\/ Max 18 A<\/li>\n<li>Maximum starting torque : 63 N.m (1490 N \u2013 152 kg)<\/li>\n<li>Nominal torque : 40 N.m (950 N \u2013 97 kg)<\/li>\n<li>Engine frequency : 36,66 Hz<\/li>\n<li>Motor angular velocity : 230 1\/s<\/li>\n<li>Reduction ratio : 1\/60<\/li>\n<li>Pinion Gear : Z:21 M:4 Db:84 mm<\/li>\n<li>Ingress Protection : IP68<\/li>\n<li>Nominal speed : 0,16 m\/s<\/li>\n<li>Maximum turnover per hour : 360<\/li>\n<li>Total operation period : 4-5min.<\/li>\n<li>Stroke : 600-700mm<\/li>\n<li>Operational Temperature : -15 \u00b0C \/ + 50 \u00b0C<\/li>\n<li>Limiting switch type : Inductive<\/li>\n<li>Electric control uni : PLC<\/li>\n<li>Security kit : Loop detector or photocell.<\/li>\n<li>Rising bollard moving part : \u00d8273x8mm<\/li>\n<li>External protective casing : \u00d8324x5mm<\/li>\n<li>Cr 304 Stainless Covering : \u00d8273x2mm<\/li>\n<li>Top cover : Aluminum cover with LED light strips<\/li>\n<li>Gas damper thrust : 400N<\/li>\n<\/ul>\n[\/vc_toggle][\/vc_column][vc_column width=&#8221;1\/12&#8243; offset=&#8221;vc_col-lg-6&#8243;][vc_images_carousel images=&#8221;3645&#8243; img_size=&#8221;full&#8221; autoplay=&#8221;yes&#8221; hide_pagination_control=&#8221;yes&#8221; wrap=&#8221;yes&#8221;][\/vc_column][\/vc_row][vc_row][vc_column]<div class=\"cws_spacing\"><div class=\"cws_spacing cws_spacing_default\" style=\"height:32px;\"><\/div><\/div>[\/vc_column][\/vc_row]\n","protected":false},"excerpt":{"rendered":"<p>[vc_row full_width=&#8221;stretch_row_content_no_spaces&#8221;][vc_column][\/vc_column][\/vc_row][vc_row][vc_column width=&#8221;1\/4&#8243;][\/vc_column][vc_column width=&#8221;1\/2&#8243;][\/vc_column][vc_column width=&#8221;1\/4&#8243;][\/vc_column][\/vc_row][vc_row][vc_column width=&#8221;1\/2&#8243;][vc_toggle title=&#8221;Electromechanical Rising Bollard&#8221; open=&#8221;true&#8221; custom_font_container=&#8221;tag:h4|font_size:10px|text_align:left&#8221; custom_use_theme_fonts=&#8221;yes&#8221;] Working Voltage : 230 Vac 50 Hz Engine : D.C Current : Min 8 A\/ Max 18 A Maximum starting torque : 63 N.m (1490 N \u2013 152 kg) Nominal torque : 40 N.m (950 N \u2013 97 kg) Engine frequency : 36,66 Hz Motor angular velocity : 230 1\/s Reduction ratio : 1\/60 Pinion Gear : Z:21 M:4 Db:84 mm Ingress Protection : IP68 Nominal speed : 0,16 m\/s Maximum turnover per hour : 360 Total operation period : 4-5min. Stroke : 600-700mm Operational Temperature : -15 \u00b0C \/ + 50 \u00b0C Limiting switch type : Inductive Electric control uni : PLC Security kit : Loop detector or photocell. Rising bollard moving part : \u00d8273x8mm External protective casing : \u00d8324x5mm Cr 304 Stainless Covering : \u00d8273x2mm Top cover : Aluminum cover with LED light strips Gas damper thrust : 400N [\/vc_toggle][\/vc_column][vc_column width=&#8221;1\/12&#8243; offset=&#8221;vc_col-lg-6&#8243;][vc_images_carousel images=&#8221;3645&#8243; img_size=&#8221;full&#8221; autoplay=&#8221;yes&#8221; hide_pagination_control=&#8221;yes&#8221; wrap=&#8221;yes&#8221;][\/vc_column][\/vc_row][vc_row][vc_column][\/vc_column][\/vc_row]<\/p>\n","protected":false},"author":1,"featured_media":3645,"parent":0,"menu_order":0,"comment_status":"closed","ping_status":"closed","template":"","meta":[],"yoast_head":"<!-- This site is optimized with the Yoast SEO plugin v16.4 - https:\/\/yoast.com\/wordpress\/plugins\/seo\/ -->\n<title>Electromechanical Rising Bollard - Stop Grup Fence and Barrier Systems<\/title>\n<meta name=\"robots\" content=\"index, follow, max-snippet:-1, max-image-preview:large, max-video-preview:-1\" \/>\n<link rel=\"canonical\" href=\"https:\/\/www.stopgrup.com\/en\/electromechanical-rising-bollard\/\" \/>\n<meta property=\"og:locale\" content=\"tr_TR\" \/>\n<meta property=\"og:type\" content=\"article\" \/>\n<meta property=\"og:title\" content=\"Electromechanical Rising Bollard - Stop Grup Fence and Barrier Systems\" \/>\n<meta property=\"og:description\" content=\"[vc_row full_width=&#8221;stretch_row_content_no_spaces&#8221;][vc_column][\/vc_column][\/vc_row][vc_row][vc_column width=&#8221;1\/4&#8243;][\/vc_column][vc_column width=&#8221;1\/2&#8243;][\/vc_column][vc_column width=&#8221;1\/4&#8243;][\/vc_column][\/vc_row][vc_row][vc_column width=&#8221;1\/2&#8243;][vc_toggle title=&#8221;Electromechanical Rising Bollard&#8221; open=&#8221;true&#8221; custom_font_container=&#8221;tag:h4|font_size:10px|text_align:left&#8221; custom_use_theme_fonts=&#8221;yes&#8221;] Working Voltage : 230 Vac 50 Hz Engine : D.C Current : Min 8 A\/ Max 18 A Maximum starting torque : 63 N.m (1490 N \u2013 152 kg) Nominal torque : 40 N.m (950 N \u2013 97 kg) Engine frequency : 36,66 Hz Motor angular velocity : 230 1\/s Reduction ratio : 1\/60 Pinion Gear : Z:21 M:4 Db:84 mm Ingress Protection : IP68 Nominal speed : 0,16 m\/s Maximum turnover per hour : 360 Total operation period : 4-5min. Stroke : 600-700mm Operational Temperature : -15 \u00b0C \/ + 50 \u00b0C Limiting switch type : Inductive Electric control uni : PLC Security kit : Loop detector or photocell. Rising bollard moving part : \u00d8273x8mm External protective casing : \u00d8324x5mm Cr 304 Stainless Covering : \u00d8273x2mm Top cover : Aluminum cover with LED light strips Gas damper thrust : 400N [\/vc_toggle][\/vc_column][vc_column width=&#8221;1\/12&#8243; offset=&#8221;vc_col-lg-6&#8243;][vc_images_carousel images=&#8221;3645&#8243; img_size=&#8221;full&#8221; autoplay=&#8221;yes&#8221; hide_pagination_control=&#8221;yes&#8221; wrap=&#8221;yes&#8221;][\/vc_column][\/vc_row][vc_row][vc_column][\/vc_column][\/vc_row]\" \/>\n<meta property=\"og:url\" content=\"https:\/\/www.stopgrup.com\/en\/electromechanical-rising-bollard\/\" \/>\n<meta property=\"og:site_name\" content=\"Stop Grup Fence and Barrier Systems\" \/>\n<meta property=\"article:modified_time\" content=\"2021-08-10T07:37:58+00:00\" \/>\n<meta property=\"og:image\" content=\"https:\/\/www.stopgrup.com\/en\/wp-content\/uploads\/2021\/01\/elektromekanik-mantar-bariyer.jpg\" \/>\n\t<meta property=\"og:image:width\" content=\"737\" \/>\n\t<meta property=\"og:image:height\" content=\"415\" \/>\n<meta name=\"twitter:card\" content=\"summary_large_image\" \/>\n<meta name=\"twitter:label1\" content=\"Tahmini okuma s\u00fcresi\" \/>\n\t<meta name=\"twitter:data1\" content=\"1 dakika\" \/>\n<script type=\"application\/ld+json\" class=\"yoast-schema-graph\">{\"@context\":\"https:\/\/schema.org\",\"@graph\":[{\"@type\":\"WebSite\",\"@id\":\"https:\/\/www.stopgrup.com\/en\/#website\",\"url\":\"https:\/\/www.stopgrup.com\/en\/\",\"name\":\"Stop Grup Fence and Barrier Systems\",\"description\":\"\",\"potentialAction\":[{\"@type\":\"SearchAction\",\"target\":\"https:\/\/www.stopgrup.com\/en\/?s={search_term_string}\",\"query-input\":\"required name=search_term_string\"}],\"inLanguage\":\"tr\"},{\"@type\":\"ImageObject\",\"@id\":\"https:\/\/www.stopgrup.com\/en\/electromechanical-rising-bollard\/#primaryimage\",\"inLanguage\":\"tr\",\"url\":\"https:\/\/www.stopgrup.com\/en\/wp-content\/uploads\/2021\/01\/elektromekanik-mantar-bariyer.jpg\",\"contentUrl\":\"https:\/\/www.stopgrup.com\/en\/wp-content\/uploads\/2021\/01\/elektromekanik-mantar-bariyer.jpg\",\"width\":737,\"height\":415,\"caption\":\"elektromekanik mantar bariyer\"},{\"@type\":\"WebPage\",\"@id\":\"https:\/\/www.stopgrup.com\/en\/electromechanical-rising-bollard\/#webpage\",\"url\":\"https:\/\/www.stopgrup.com\/en\/electromechanical-rising-bollard\/\",\"name\":\"Electromechanical Rising Bollard - Stop Grup Fence and Barrier Systems\",\"isPartOf\":{\"@id\":\"https:\/\/www.stopgrup.com\/en\/#website\"},\"primaryImageOfPage\":{\"@id\":\"https:\/\/www.stopgrup.com\/en\/electromechanical-rising-bollard\/#primaryimage\"},\"datePublished\":\"2021-02-10T05:43:14+00:00\",\"dateModified\":\"2021-08-10T07:37:58+00:00\",\"breadcrumb\":{\"@id\":\"https:\/\/www.stopgrup.com\/en\/electromechanical-rising-bollard\/#breadcrumb\"},\"inLanguage\":\"tr\",\"potentialAction\":[{\"@type\":\"ReadAction\",\"target\":[\"https:\/\/www.stopgrup.com\/en\/electromechanical-rising-bollard\/\"]}]},{\"@type\":\"BreadcrumbList\",\"@id\":\"https:\/\/www.stopgrup.com\/en\/electromechanical-rising-bollard\/#breadcrumb\",\"itemListElement\":[{\"@type\":\"ListItem\",\"position\":1,\"item\":{\"@type\":\"WebPage\",\"@id\":\"https:\/\/www.stopgrup.com\/en\/\",\"url\":\"https:\/\/www.stopgrup.com\/en\/\",\"name\":\"Anasayfa\"}},{\"@type\":\"ListItem\",\"position\":2,\"item\":{\"@id\":\"https:\/\/www.stopgrup.com\/en\/electromechanical-rising-bollard\/#webpage\"}}]}]}<\/script>\n<!-- \/ Yoast SEO plugin. -->","_links":{"self":[{"href":"https:\/\/www.stopgrup.com\/en\/wp-json\/wp\/v2\/pages\/3856"}],"collection":[{"href":"https:\/\/www.stopgrup.com\/en\/wp-json\/wp\/v2\/pages"}],"about":[{"href":"https:\/\/www.stopgrup.com\/en\/wp-json\/wp\/v2\/types\/page"}],"author":[{"embeddable":true,"href":"https:\/\/www.stopgrup.com\/en\/wp-json\/wp\/v2\/users\/1"}],"replies":[{"embeddable":true,"href":"https:\/\/www.stopgrup.com\/en\/wp-json\/wp\/v2\/comments?post=3856"}],"version-history":[{"count":11,"href":"https:\/\/www.stopgrup.com\/en\/wp-json\/wp\/v2\/pages\/3856\/revisions"}],"predecessor-version":[{"id":6946,"href":"https:\/\/www.stopgrup.com\/en\/wp-json\/wp\/v2\/pages\/3856\/revisions\/6946"}],"wp:featuredmedia":[{"embeddable":true,"href":"https:\/\/www.stopgrup.com\/en\/wp-json\/wp\/v2\/media\/3645"}],"wp:attachment":[{"href":"https:\/\/www.stopgrup.com\/en\/wp-json\/wp\/v2\/media?parent=3856"}],"curies":[{"name":"wp","href":"https:\/\/api.w.org\/{rel}","templated":true}]}}