{"id":3878,"date":"2021-02-10T10:25:59","date_gmt":"2021-02-10T07:25:59","guid":{"rendered":"http:\/\/www.maltepedekimatbaalar.com\/?page_id=3878"},"modified":"2021-06-23T13:14:59","modified_gmt":"2021-06-23T10:14:59","slug":"hydraulic-tire-killer","status":"publish","type":"page","link":"https:\/\/www.stopgrup.com\/en\/hydraulic-tire-killer\/","title":{"rendered":"Hydraulic Tire Killer"},"content":{"rendered":"[vc_row full_width=&#8221;stretch_row_content_no_spaces&#8221;][vc_column]<div id='banner_id_69e54181e6acc' class='banner style_1'><div class='banner_wrapper button-default a-center' style='background-image:url(https:\/\/www.stopgrup.com\/en\/wp-content\/uploads\/2020\/12\/text-bg-1.jpg);'><div class='banner_table'><div class='banner_cell'><h3 class='banner_title' style='color:#b5b5b5'><span class='banner_title_text'>Hydraulic Tire Killer<\/span><\/h3><\/div><\/div><\/div><\/div><div class=\"cws_spacing\"><div class=\"cws_spacing cws_spacing_default\" style=\"height:32px;\"><\/div><\/div>[\/vc_column][\/vc_row][vc_row][vc_column width=&#8221;1\/2&#8243;][vc_toggle title=&#8221;Hydraulic Tire Killer&#8221; open=&#8221;true&#8221; custom_font_container=&#8221;tag:h4|font_size:10px|text_align:left&#8221; custom_use_theme_fonts=&#8221;yes&#8221;]\n<ul>\n<li>Body Structure : ST44 Steel<\/li>\n<li>Opening\/Closing : Controlled hydraulic system (2sec.)<\/li>\n<li>Ingress Protection : IP55<\/li>\n<li>Spike Thickness : St 15mm Steel<\/li>\n<li>Spike Height : 320 mm.<\/li>\n<li>Optional : Control Button<\/li>\n<li>Outside Case : 520(W) x 110(H) x 2000 \/ 5000(L)mm.<\/li>\n<\/ul>\n<p>Special designed tire killers are used to prevent unwanted<br \/>\ncars passing or to regulate traffic in a certain directon.<br \/>\nControlled by remote control or buttons.[\/vc_toggle][vc_toggle title=&#8221;Hizmet Alan\u0131m\u0131z&#8221; open=&#8221;true&#8221; custom_font_container=&#8221;tag:h4|text_align:left&#8221;]Ba\u015fta \u0130stanbul, B\u00fcy\u00fck \u00c7ekmece, Beylikd\u00fcz\u00fc, Silivri olmak \u00fczere T\u00fcrkiye\u2019nin ve D\u00fcnyan\u0131n her yerine hizmet vermekteyiz.<\/p>\n<p>Dilerseniz \u00e7al\u0131\u015fmalar\u0131m\u0131za ait video g\u00f6r\u00fcnt\u00fclerine ula\u015fmak i\u00e7in\u00a0<a href=\"https:\/\/www.youtube.com\/channel\/UCxtSfHh4PHf_-f9lTAw5VnA\" target=\"_blank\" rel=\"noreferrer noopener\">StopGrup Youtube<\/a>\u00a0adresine ge\u00e7i\u015f yapabilirsiniz. Her zaman\u00a0<a href=\"https:\/\/www.stopgrup.com\/iletisim\/\" target=\"_blank\" rel=\"noreferrer noopener\">bize ula\u015fabilir<\/a>\u00a0ve ayr\u0131nt\u0131l\u0131 bilgi alabilirsiniz.[\/vc_toggle][\/vc_column][vc_column width=&#8221;1\/12&#8243; offset=&#8221;vc_col-lg-6&#8243;][vc_images_carousel images=&#8221;3653&#8243; img_size=&#8221;full&#8221; autoplay=&#8221;yes&#8221; hide_pagination_control=&#8221;yes&#8221; wrap=&#8221;yes&#8221;][\/vc_column][\/vc_row][vc_row][vc_column]<div class=\"cws_spacing\"><div class=\"cws_spacing cws_spacing_default\" style=\"height:32px;\"><\/div><\/div>[\/vc_column][\/vc_row]\n","protected":false},"excerpt":{"rendered":"<p>[vc_row full_width=&#8221;stretch_row_content_no_spaces&#8221;][vc_column][\/vc_column][\/vc_row][vc_row][vc_column width=&#8221;1\/2&#8243;][vc_toggle title=&#8221;Hydraulic Tire Killer&#8221; open=&#8221;true&#8221; custom_font_container=&#8221;tag:h4|font_size:10px|text_align:left&#8221; custom_use_theme_fonts=&#8221;yes&#8221;] Body Structure : ST44 Steel Opening\/Closing : Controlled hydraulic system (2sec.) Ingress Protection : IP55 Spike Thickness : St 15mm Steel Spike Height : 320 mm. Optional : Control Button Outside Case : 520(W) x 110(H) x 2000 \/ 5000(L)mm. Special designed tire killers are used to prevent unwanted cars passing or to regulate traffic in a certain directon. Controlled by remote control or buttons.[\/vc_toggle][vc_toggle title=&#8221;Hizmet Alan\u0131m\u0131z&#8221; open=&#8221;true&#8221; custom_font_container=&#8221;tag:h4|text_align:left&#8221;]Ba\u015fta \u0130stanbul, B\u00fcy\u00fck \u00c7ekmece, Beylikd\u00fcz\u00fc, Silivri olmak \u00fczere T\u00fcrkiye\u2019nin ve D\u00fcnyan\u0131n her yerine hizmet vermekteyiz. Dilerseniz \u00e7al\u0131\u015fmalar\u0131m\u0131za ait video g\u00f6r\u00fcnt\u00fclerine ula\u015fmak i\u00e7in\u00a0StopGrup Youtube\u00a0adresine ge\u00e7i\u015f yapabilirsiniz. Her zaman\u00a0bize ula\u015fabilir\u00a0ve ayr\u0131nt\u0131l\u0131 bilgi alabilirsiniz.[\/vc_toggle][\/vc_column][vc_column width=&#8221;1\/12&#8243; offset=&#8221;vc_col-lg-6&#8243;][vc_images_carousel images=&#8221;3653&#8243; img_size=&#8221;full&#8221; autoplay=&#8221;yes&#8221; hide_pagination_control=&#8221;yes&#8221; wrap=&#8221;yes&#8221;][\/vc_column][\/vc_row][vc_row][vc_column][\/vc_column][\/vc_row]<\/p>\n","protected":false},"author":1,"featured_media":3653,"parent":0,"menu_order":0,"comment_status":"closed","ping_status":"closed","template":"","meta":[],"yoast_head":"<!-- This site is optimized with the Yoast SEO plugin v16.4 - https:\/\/yoast.com\/wordpress\/plugins\/seo\/ -->\n<title>Hydraulic Tire Killer - Stop Grup Fence and Barrier Systems<\/title>\n<meta name=\"robots\" content=\"index, follow, max-snippet:-1, max-image-preview:large, max-video-preview:-1\" \/>\n<link rel=\"canonical\" href=\"https:\/\/www.stopgrup.com\/en\/hydraulic-tire-killer\/\" \/>\n<meta property=\"og:locale\" content=\"tr_TR\" \/>\n<meta property=\"og:type\" content=\"article\" \/>\n<meta property=\"og:title\" content=\"Hydraulic Tire Killer - Stop Grup Fence and Barrier Systems\" \/>\n<meta property=\"og:description\" content=\"[vc_row full_width=&#8221;stretch_row_content_no_spaces&#8221;][vc_column][\/vc_column][\/vc_row][vc_row][vc_column width=&#8221;1\/2&#8243;][vc_toggle title=&#8221;Hydraulic Tire Killer&#8221; open=&#8221;true&#8221; custom_font_container=&#8221;tag:h4|font_size:10px|text_align:left&#8221; custom_use_theme_fonts=&#8221;yes&#8221;] Body Structure : ST44 Steel Opening\/Closing : Controlled hydraulic system (2sec.) Ingress Protection : IP55 Spike Thickness : St 15mm Steel Spike Height : 320 mm. Optional : Control Button Outside Case : 520(W) x 110(H) x 2000 \/ 5000(L)mm. Special designed tire killers are used to prevent unwanted cars passing or to regulate traffic in a certain directon. Controlled by remote control or buttons.[\/vc_toggle][vc_toggle title=&#8221;Hizmet Alan\u0131m\u0131z&#8221; open=&#8221;true&#8221; custom_font_container=&#8221;tag:h4|text_align:left&#8221;]Ba\u015fta \u0130stanbul, B\u00fcy\u00fck \u00c7ekmece, Beylikd\u00fcz\u00fc, Silivri olmak \u00fczere T\u00fcrkiye\u2019nin ve D\u00fcnyan\u0131n her yerine hizmet vermekteyiz. Dilerseniz \u00e7al\u0131\u015fmalar\u0131m\u0131za ait video g\u00f6r\u00fcnt\u00fclerine ula\u015fmak i\u00e7in\u00a0StopGrup Youtube\u00a0adresine ge\u00e7i\u015f yapabilirsiniz. Her zaman\u00a0bize ula\u015fabilir\u00a0ve ayr\u0131nt\u0131l\u0131 bilgi alabilirsiniz.[\/vc_toggle][\/vc_column][vc_column width=&#8221;1\/12&#8243; offset=&#8221;vc_col-lg-6&#8243;][vc_images_carousel images=&#8221;3653&#8243; img_size=&#8221;full&#8221; autoplay=&#8221;yes&#8221; hide_pagination_control=&#8221;yes&#8221; wrap=&#8221;yes&#8221;][\/vc_column][\/vc_row][vc_row][vc_column][\/vc_column][\/vc_row]\" \/>\n<meta property=\"og:url\" content=\"https:\/\/www.stopgrup.com\/en\/hydraulic-tire-killer\/\" \/>\n<meta property=\"og:site_name\" content=\"Stop Grup Fence and Barrier Systems\" \/>\n<meta property=\"article:modified_time\" content=\"2021-06-23T10:14:59+00:00\" \/>\n<meta property=\"og:image\" content=\"https:\/\/www.stopgrup.com\/test\/wp-content\/uploads\/2021\/01\/hidrolik-tuzak.jpg\" \/>\n\t<meta property=\"og:image:width\" content=\"737\" \/>\n\t<meta property=\"og:image:height\" content=\"415\" \/>\n<meta name=\"twitter:card\" content=\"summary_large_image\" \/>\n<meta name=\"twitter:label1\" content=\"Tahmini okuma s\u00fcresi\" \/>\n\t<meta name=\"twitter:data1\" content=\"1 dakika\" \/>\n<script type=\"application\/ld+json\" class=\"yoast-schema-graph\">{\"@context\":\"https:\/\/schema.org\",\"@graph\":[{\"@type\":\"WebSite\",\"@id\":\"https:\/\/www.stopgrup.com\/en\/#website\",\"url\":\"https:\/\/www.stopgrup.com\/en\/\",\"name\":\"Stop Grup Fence and Barrier Systems\",\"description\":\"\",\"potentialAction\":[{\"@type\":\"SearchAction\",\"target\":\"https:\/\/www.stopgrup.com\/en\/?s={search_term_string}\",\"query-input\":\"required name=search_term_string\"}],\"inLanguage\":\"tr\"},{\"@type\":\"ImageObject\",\"@id\":\"https:\/\/www.stopgrup.com\/en\/hydraulic-tire-killer\/#primaryimage\",\"inLanguage\":\"tr\",\"url\":\"https:\/\/www.stopgrup.com\/en\/wp-content\/uploads\/2021\/01\/hidrolik-tuzak.jpg\",\"contentUrl\":\"https:\/\/www.stopgrup.com\/en\/wp-content\/uploads\/2021\/01\/hidrolik-tuzak.jpg\",\"width\":737,\"height\":415,\"caption\":\"hidrolik tuzak\"},{\"@type\":\"WebPage\",\"@id\":\"https:\/\/www.stopgrup.com\/en\/hydraulic-tire-killer\/#webpage\",\"url\":\"https:\/\/www.stopgrup.com\/en\/hydraulic-tire-killer\/\",\"name\":\"Hydraulic Tire Killer - Stop Grup Fence and Barrier Systems\",\"isPartOf\":{\"@id\":\"https:\/\/www.stopgrup.com\/en\/#website\"},\"primaryImageOfPage\":{\"@id\":\"https:\/\/www.stopgrup.com\/en\/hydraulic-tire-killer\/#primaryimage\"},\"datePublished\":\"2021-02-10T07:25:59+00:00\",\"dateModified\":\"2021-06-23T10:14:59+00:00\",\"breadcrumb\":{\"@id\":\"https:\/\/www.stopgrup.com\/en\/hydraulic-tire-killer\/#breadcrumb\"},\"inLanguage\":\"tr\",\"potentialAction\":[{\"@type\":\"ReadAction\",\"target\":[\"https:\/\/www.stopgrup.com\/en\/hydraulic-tire-killer\/\"]}]},{\"@type\":\"BreadcrumbList\",\"@id\":\"https:\/\/www.stopgrup.com\/en\/hydraulic-tire-killer\/#breadcrumb\",\"itemListElement\":[{\"@type\":\"ListItem\",\"position\":1,\"item\":{\"@type\":\"WebPage\",\"@id\":\"https:\/\/www.stopgrup.com\/en\/\",\"url\":\"https:\/\/www.stopgrup.com\/en\/\",\"name\":\"Anasayfa\"}},{\"@type\":\"ListItem\",\"position\":2,\"item\":{\"@id\":\"https:\/\/www.stopgrup.com\/en\/hydraulic-tire-killer\/#webpage\"}}]}]}<\/script>\n<!-- \/ Yoast SEO plugin. -->","_links":{"self":[{"href":"https:\/\/www.stopgrup.com\/en\/wp-json\/wp\/v2\/pages\/3878"}],"collection":[{"href":"https:\/\/www.stopgrup.com\/en\/wp-json\/wp\/v2\/pages"}],"about":[{"href":"https:\/\/www.stopgrup.com\/en\/wp-json\/wp\/v2\/types\/page"}],"author":[{"embeddable":true,"href":"https:\/\/www.stopgrup.com\/en\/wp-json\/wp\/v2\/users\/1"}],"replies":[{"embeddable":true,"href":"https:\/\/www.stopgrup.com\/en\/wp-json\/wp\/v2\/comments?post=3878"}],"version-history":[{"count":5,"href":"https:\/\/www.stopgrup.com\/en\/wp-json\/wp\/v2\/pages\/3878\/revisions"}],"predecessor-version":[{"id":6793,"href":"https:\/\/www.stopgrup.com\/en\/wp-json\/wp\/v2\/pages\/3878\/revisions\/6793"}],"wp:featuredmedia":[{"embeddable":true,"href":"https:\/\/www.stopgrup.com\/en\/wp-json\/wp\/v2\/media\/3653"}],"wp:attachment":[{"href":"https:\/\/www.stopgrup.com\/en\/wp-json\/wp\/v2\/media?parent=3878"}],"curies":[{"name":"wp","href":"https:\/\/api.w.org\/{rel}","templated":true}]}}