{"id":3933,"date":"2021-02-10T13:05:03","date_gmt":"2021-02-10T10:05:03","guid":{"rendered":"http:\/\/www.maltepedekimatbaalar.com\/?page_id=3933"},"modified":"2021-06-23T12:16:36","modified_gmt":"2021-06-23T09:16:36","slug":"double-panel-fence","status":"publish","type":"page","link":"https:\/\/www.stopgrup.com\/en\/double-panel-fence\/","title":{"rendered":"Double Panel Fence"},"content":{"rendered":"[vc_row full_width=&#8221;stretch_row_content_no_spaces&#8221;][vc_column]<div id='banner_id_69e1121f53139' class='banner style_1'><div class='banner_wrapper button-default a-center' style='background-image:url(https:\/\/www.stopgrup.com\/en\/wp-content\/uploads\/2021\/05\/7887.png);'><div class='banner_table'><div class='banner_cell'><h3 class='banner_title' style='color:#b5b5b5'><span class='banner_title_text'>Double Panel Fence<\/span><\/h3><\/div><\/div><\/div><\/div><div class=\"cws_spacing\"><div class=\"cws_spacing cws_spacing_default\" style=\"height:32px;\"><\/div><\/div>[\/vc_column][\/vc_row][vc_row][vc_column width=&#8221;1\/2&#8243;][vc_toggle title=&#8221;Double Panel Fence&#8221; open=&#8221;true&#8221; custom_font_container=&#8221;tag:h4|font_size:10px|text_align:left&#8221; custom_use_theme_fonts=&#8221;yes&#8221;]<strong>Advantages<\/strong><br \/>\nDouble Wire Advantage<\/p>\n<p>Thanks to this system, which provides high rigidity, solutions are offered for projects where strength and durability should be prioritized rather than visuality.<\/p>\n<p><strong>High Security<\/strong><\/p>\n<p>These fence systems, which offer high security solutions as well as a classic look, are also a suitable fence system for sports fields.<\/p>\n<p><strong>Long life<\/strong><\/p>\n<p>Maximum product life thanks to the polyester coating on the special application that increases the adherence applied after the galvanized coating.<\/p>\n<p><strong>Full System Solution<\/strong><\/p>\n<p>It can be easily applied in every project and ground conditions with the help of panels and profiles at different heights.[\/vc_toggle][vc_toggle title=&#8221;Panel System&#8221; open=&#8221;true&#8221;]\n<div class=\"rt_heading_wrapper style-2\">\n<h4 class=\"rt_heading style-2\"><img loading=\"lazy\" class=\"alignnone wp-image-6009\" src=\"https:\/\/www.stopgrup.com\/wp-content\/uploads\/2021\/05\/nylofor.png\" alt=\"\" width=\"276\" height=\"277\" \/><\/h4>\n<p><strong>Panel System<\/strong><\/p>\n<p>Double Panel Fence System They are heavy type panel fence systems consisting of 2x8mm horizontal and 6mm vertical wires. Panels with a mesh size of 200x50mm are produced in heights ranging from 1030 to 2030mm.<\/p>\n<p><strong>Colour options<\/strong><\/p>\n<p>The standard color of Double Panel Fence Systems is RAL 6005 green and can be produced in RAL 9010 white or all RAL colors upon order.<\/p>\n<p><strong>Coating Technique<\/strong><\/p>\n<p>Double Panel Fence products are produced using galvanized wires. Panels produced with galvanized wires are finally coated with polyester after a special application to increase the adequacy, making them have high strength in Stop Group\/Fence standards.<\/p>\n<p><strong>Profile and Connection System<\/strong><\/p>\n<p>60x60x1.5mm box profile system is used in Double Panel Fence systems.<\/p>\n<\/div>\n[\/vc_toggle][\/vc_column][vc_column width=&#8221;1\/12&#8243; offset=&#8221;vc_col-lg-6&#8243;][vc_images_carousel images=&#8221;6007&#8243; img_size=&#8221;full&#8221; autoplay=&#8221;yes&#8221; hide_pagination_control=&#8221;yes&#8221; wrap=&#8221;yes&#8221;][vc_toggle title=&#8221;Kullan\u0131m Alanlar\u0131&#8221; open=&#8221;true&#8221;]\n<div class=\"rt_heading_wrapper style-1\">\n<p class=\"rt_heading style-1\">Double Panel \u00c7it sistemleri profesyonel uygulamac\u0131lar taraf\u0131ndan \u00f6zellikle y\u00fcksek rijidite ve spor alanlar\u0131n\u0131n \u00e7evresi i\u00e7in tavsiye edilir.<\/p>\n<\/div>\n[\/vc_toggle][\/vc_column][\/vc_row][vc_row][vc_column]<div class=\"cws_spacing\"><div class=\"cws_spacing cws_spacing_default\" style=\"height:32px;\"><\/div><\/div>[\/vc_column][\/vc_row]\n","protected":false},"excerpt":{"rendered":"<p>[vc_row full_width=&#8221;stretch_row_content_no_spaces&#8221;][vc_column][\/vc_column][\/vc_row][vc_row][vc_column width=&#8221;1\/2&#8243;][vc_toggle title=&#8221;Double Panel Fence&#8221; open=&#8221;true&#8221; custom_font_container=&#8221;tag:h4|font_size:10px|text_align:left&#8221; custom_use_theme_fonts=&#8221;yes&#8221;]Advantages Double Wire Advantage Thanks to this system, which provides high rigidity, solutions are offered for projects where strength and durability should be prioritized rather than visuality. High Security These fence systems, which offer high security solutions as well as a classic look, are also a suitable fence system for sports fields. Long life Maximum product life thanks to the polyester coating on the special application that increases the adherence applied after the galvanized coating. Full System Solution It can be easily applied in every project and ground conditions with the help of panels and profiles at different heights.[\/vc_toggle][vc_toggle title=&#8221;Panel System&#8221; open=&#8221;true&#8221;] Panel System Double Panel Fence System They are heavy type panel fence systems consisting of 2x8mm horizontal and 6mm vertical wires. Panels with a mesh size of 200x50mm are produced in heights ranging from 1030 to 2030mm. Colour options The standard color of Double Panel Fence Systems is RAL 6005 green and can be produced in RAL 9010 white or all RAL colors upon order. Coating Technique Double Panel Fence products are produced using galvanized wires. Panels produced with galvanized wires are finally coated with polyester after a special application to increase the adequacy, making them have high strength in Stop Group\/Fence standards. Profile and Connection System 60x60x1.5mm box profile system is used in Double Panel Fence systems. [\/vc_toggle][\/vc_column][vc_column width=&#8221;1\/12&#8243; offset=&#8221;vc_col-lg-6&#8243;][vc_images_carousel images=&#8221;6007&#8243; img_size=&#8221;full&#8221; autoplay=&#8221;yes&#8221; hide_pagination_control=&#8221;yes&#8221; wrap=&#8221;yes&#8221;][vc_toggle title=&#8221;Kullan\u0131m Alanlar\u0131&#8221; open=&#8221;true&#8221;] Double Panel \u00c7it sistemleri profesyonel uygulamac\u0131lar taraf\u0131ndan \u00f6zellikle y\u00fcksek rijidite ve spor alanlar\u0131n\u0131n \u00e7evresi i\u00e7in tavsiye edilir. [\/vc_toggle][\/vc_column][\/vc_row][vc_row][vc_column][\/vc_column][\/vc_row]<\/p>\n","protected":false},"author":1,"featured_media":0,"parent":0,"menu_order":0,"comment_status":"closed","ping_status":"closed","template":"","meta":[],"yoast_head":"<!-- This site is optimized with the Yoast SEO plugin v16.4 - https:\/\/yoast.com\/wordpress\/plugins\/seo\/ -->\n<title>Double Panel Fence - Stop Grup Fence and Barrier Systems<\/title>\n<meta name=\"robots\" content=\"index, follow, max-snippet:-1, max-image-preview:large, max-video-preview:-1\" \/>\n<link rel=\"canonical\" href=\"https:\/\/www.stopgrup.com\/en\/double-panel-fence\/\" \/>\n<meta property=\"og:locale\" content=\"tr_TR\" \/>\n<meta property=\"og:type\" content=\"article\" \/>\n<meta property=\"og:title\" content=\"Double Panel Fence - Stop Grup Fence and Barrier Systems\" \/>\n<meta property=\"og:description\" content=\"[vc_row full_width=&#8221;stretch_row_content_no_spaces&#8221;][vc_column][\/vc_column][\/vc_row][vc_row][vc_column width=&#8221;1\/2&#8243;][vc_toggle title=&#8221;Double Panel Fence&#8221; open=&#8221;true&#8221; custom_font_container=&#8221;tag:h4|font_size:10px|text_align:left&#8221; custom_use_theme_fonts=&#8221;yes&#8221;]Advantages Double Wire Advantage Thanks to this system, which provides high rigidity, solutions are offered for projects where strength and durability should be prioritized rather than visuality. High Security These fence systems, which offer high security solutions as well as a classic look, are also a suitable fence system for sports fields. Long life Maximum product life thanks to the polyester coating on the special application that increases the adherence applied after the galvanized coating. Full System Solution It can be easily applied in every project and ground conditions with the help of panels and profiles at different heights.[\/vc_toggle][vc_toggle title=&#8221;Panel System&#8221; open=&#8221;true&#8221;] Panel System Double Panel Fence System They are heavy type panel fence systems consisting of 2x8mm horizontal and 6mm vertical wires. Panels with a mesh size of 200x50mm are produced in heights ranging from 1030 to 2030mm. Colour options The standard color of Double Panel Fence Systems is RAL 6005 green and can be produced in RAL 9010 white or all RAL colors upon order. Coating Technique Double Panel Fence products are produced using galvanized wires. Panels produced with galvanized wires are finally coated with polyester after a special application to increase the adequacy, making them have high strength in Stop Group\/Fence standards. Profile and Connection System 60x60x1.5mm box profile system is used in Double Panel Fence systems. [\/vc_toggle][\/vc_column][vc_column width=&#8221;1\/12&#8243; offset=&#8221;vc_col-lg-6&#8243;][vc_images_carousel images=&#8221;6007&#8243; img_size=&#8221;full&#8221; autoplay=&#8221;yes&#8221; hide_pagination_control=&#8221;yes&#8221; wrap=&#8221;yes&#8221;][vc_toggle title=&#8221;Kullan\u0131m Alanlar\u0131&#8221; open=&#8221;true&#8221;] Double Panel \u00c7it sistemleri profesyonel uygulamac\u0131lar taraf\u0131ndan \u00f6zellikle y\u00fcksek rijidite ve spor alanlar\u0131n\u0131n \u00e7evresi i\u00e7in tavsiye edilir. [\/vc_toggle][\/vc_column][\/vc_row][vc_row][vc_column][\/vc_column][\/vc_row]\" \/>\n<meta property=\"og:url\" content=\"https:\/\/www.stopgrup.com\/en\/double-panel-fence\/\" \/>\n<meta property=\"og:site_name\" content=\"Stop Grup Fence and Barrier Systems\" \/>\n<meta property=\"article:modified_time\" content=\"2021-06-23T09:16:36+00:00\" \/>\n<meta property=\"og:image\" content=\"https:\/\/www.stopgrup.com\/wp-content\/uploads\/2021\/05\/nylofor.png\" \/>\n<meta name=\"twitter:card\" content=\"summary_large_image\" \/>\n<meta name=\"twitter:label1\" content=\"Tahmini okuma s\u00fcresi\" \/>\n\t<meta name=\"twitter:data1\" content=\"2 dakika\" \/>\n<script type=\"application\/ld+json\" class=\"yoast-schema-graph\">{\"@context\":\"https:\/\/schema.org\",\"@graph\":[{\"@type\":\"WebSite\",\"@id\":\"https:\/\/www.stopgrup.com\/en\/#website\",\"url\":\"https:\/\/www.stopgrup.com\/en\/\",\"name\":\"Stop Grup Fence and Barrier Systems\",\"description\":\"\",\"potentialAction\":[{\"@type\":\"SearchAction\",\"target\":\"https:\/\/www.stopgrup.com\/en\/?s={search_term_string}\",\"query-input\":\"required name=search_term_string\"}],\"inLanguage\":\"tr\"},{\"@type\":\"ImageObject\",\"@id\":\"https:\/\/www.stopgrup.com\/en\/double-panel-fence\/#primaryimage\",\"inLanguage\":\"tr\",\"url\":\"https:\/\/www.stopgrup.com\/wp-content\/uploads\/2021\/05\/nylofor.png\",\"contentUrl\":\"https:\/\/www.stopgrup.com\/wp-content\/uploads\/2021\/05\/nylofor.png\"},{\"@type\":\"WebPage\",\"@id\":\"https:\/\/www.stopgrup.com\/en\/double-panel-fence\/#webpage\",\"url\":\"https:\/\/www.stopgrup.com\/en\/double-panel-fence\/\",\"name\":\"Double Panel Fence - Stop Grup Fence and Barrier Systems\",\"isPartOf\":{\"@id\":\"https:\/\/www.stopgrup.com\/en\/#website\"},\"primaryImageOfPage\":{\"@id\":\"https:\/\/www.stopgrup.com\/en\/double-panel-fence\/#primaryimage\"},\"datePublished\":\"2021-02-10T10:05:03+00:00\",\"dateModified\":\"2021-06-23T09:16:36+00:00\",\"breadcrumb\":{\"@id\":\"https:\/\/www.stopgrup.com\/en\/double-panel-fence\/#breadcrumb\"},\"inLanguage\":\"tr\",\"potentialAction\":[{\"@type\":\"ReadAction\",\"target\":[\"https:\/\/www.stopgrup.com\/en\/double-panel-fence\/\"]}]},{\"@type\":\"BreadcrumbList\",\"@id\":\"https:\/\/www.stopgrup.com\/en\/double-panel-fence\/#breadcrumb\",\"itemListElement\":[{\"@type\":\"ListItem\",\"position\":1,\"item\":{\"@type\":\"WebPage\",\"@id\":\"https:\/\/www.stopgrup.com\/en\/\",\"url\":\"https:\/\/www.stopgrup.com\/en\/\",\"name\":\"Anasayfa\"}},{\"@type\":\"ListItem\",\"position\":2,\"item\":{\"@id\":\"https:\/\/www.stopgrup.com\/en\/double-panel-fence\/#webpage\"}}]}]}<\/script>\n<!-- \/ Yoast SEO plugin. -->","_links":{"self":[{"href":"https:\/\/www.stopgrup.com\/en\/wp-json\/wp\/v2\/pages\/3933"}],"collection":[{"href":"https:\/\/www.stopgrup.com\/en\/wp-json\/wp\/v2\/pages"}],"about":[{"href":"https:\/\/www.stopgrup.com\/en\/wp-json\/wp\/v2\/types\/page"}],"author":[{"embeddable":true,"href":"https:\/\/www.stopgrup.com\/en\/wp-json\/wp\/v2\/users\/1"}],"replies":[{"embeddable":true,"href":"https:\/\/www.stopgrup.com\/en\/wp-json\/wp\/v2\/comments?post=3933"}],"version-history":[{"count":9,"href":"https:\/\/www.stopgrup.com\/en\/wp-json\/wp\/v2\/pages\/3933\/revisions"}],"predecessor-version":[{"id":6776,"href":"https:\/\/www.stopgrup.com\/en\/wp-json\/wp\/v2\/pages\/3933\/revisions\/6776"}],"wp:attachment":[{"href":"https:\/\/www.stopgrup.com\/en\/wp-json\/wp\/v2\/media?parent=3933"}],"curies":[{"name":"wp","href":"https:\/\/api.w.org\/{rel}","templated":true}]}}