{"id":6199,"date":"2021-05-21T11:29:33","date_gmt":"2021-05-21T08:29:33","guid":{"rendered":"https:\/\/www.stopgrup.com\/?page_id=6199"},"modified":"2021-06-18T10:35:47","modified_gmt":"2021-06-18T07:35:47","slug":"fence-gate-projects","status":"publish","type":"page","link":"https:\/\/www.stopgrup.com\/en\/fence-gate-projects\/","title":{"rendered":"Fence &#8211; Gate Projects"},"content":{"rendered":"[vc_row][vc_column]<section id='posts_grid_6a048f9edbfea' class='news hovernone blog_post posts_grid post_posts_grid posts_grid_4 posts_grid_grid'><div class='cws_vc_shortcode_wrapper'><div class='cws_vc_shortcode_grid grid layout-4'><article id='post_post_6a048f9edeaad' class=\"item post no_likes post_post posts_grid_post  post-6559 type-post status-publish format-standard has-post-thumbnail hentry category-cit-kapi-projeleri\"><div class='post_wrapper post_post_wrapper posts_grid_post_wrapper clearfix'><div class='post_media post_post_media posts_grid_post_media'><div class='pic'><img src='https:\/\/www.stopgrup.com\/en\/wp-content\/uploads\/2021\/06\/fdfb63df-6599-4438-b52a-56423049dbf7_01e001e01_6561.jpg' data-at2x='https:\/\/www.stopgrup.com\/en\/wp-content\/uploads\/2021\/06\/fdfb63df-6599-4438-b52a-56423049dbf7_01e001e01_6561@2x.jpg'  alt='fdfb63df-6599-4438-b52a-56423049dbf7' \/><div class='hover-effect'><\/div><div class='plus_wrapper'><span><\/span><span><\/span><\/div><a class='link_area_post_media post_media_link post_post_media_link posts_grid_post_media_link' href='https:\/\/www.stopgrup.com\/en\/eston-villalari-jiletli-tel\/'><\/a><\/div><\/div><div class='post_post_info posts_grid_post_info'><div class='post_info_header'><div class='post_info_meta'><\/div><div class='post_info_divider'><\/div><\/div><h4 class='post_title post_post_title posts_grid_post_title'><a href='https:\/\/www.stopgrup.com\/en\/eston-villalari-jiletli-tel\/'>Eston Villalar\u0131 &#8211; Jiletli Tel<\/a><\/h4><div class='post_info_footer'><\/div><\/div><\/div><\/article><article id='post_post_6a048f9edf9b9' class=\"item post no_likes post_post posts_grid_post  post-6556 type-post status-publish format-standard has-post-thumbnail hentry category-cit-kapi-projeleri\"><div class='post_wrapper post_post_wrapper posts_grid_post_wrapper clearfix'><div class='post_media post_post_media posts_grid_post_media'><div class='pic'><img src='https:\/\/www.stopgrup.com\/en\/wp-content\/uploads\/2021\/06\/8a3846fc-fcf1-423f-b84b-d02bdc72c605_01e001e01_6557.jpg' data-no-retina  alt='8a3846fc-fcf1-423f-b84b-d02bdc72c605' \/><div class='hover-effect'><\/div><div class='plus_wrapper'><span><\/span><span><\/span><\/div><a class='link_area_post_media post_media_link post_post_media_link posts_grid_post_media_link' href='https:\/\/www.stopgrup.com\/en\/catalca-peyzaj-ferforje-kapi-cim-cit\/'><\/a><\/div><\/div><div class='post_post_info posts_grid_post_info'><div class='post_info_header'><div class='post_info_meta'><\/div><div class='post_info_divider'><\/div><\/div><h4 class='post_title post_post_title posts_grid_post_title'><a href='https:\/\/www.stopgrup.com\/en\/catalca-peyzaj-ferforje-kapi-cim-cit\/'>\u00c7atalca Peyzaj &#8211; Ferforje Kap\u0131 \u00c7im \u00c7it<\/a><\/h4><div class='post_info_footer'><\/div><\/div><\/div><\/article><article id='post_post_6a048f9ee05ca' class=\"item post no_likes post_post posts_grid_post  post-6553 type-post status-publish format-standard has-post-thumbnail hentry category-cit-kapi-projeleri\"><div class='post_wrapper post_post_wrapper posts_grid_post_wrapper clearfix'><div class='post_media post_post_media posts_grid_post_media'><div class='pic'><img src='https:\/\/www.stopgrup.com\/en\/wp-content\/uploads\/2021\/06\/02225a6f-b3a3-46a9-9c72-195ad27b02c3_01e001e01_6554.jpg' data-at2x='https:\/\/www.stopgrup.com\/en\/wp-content\/uploads\/2021\/06\/02225a6f-b3a3-46a9-9c72-195ad27b02c3_01e001e01_6554@2x.jpg'  alt='02225a6f-b3a3-46a9-9c72-195ad27b02c3' \/><div class='hover-effect'><\/div><div class='plus_wrapper'><span><\/span><span><\/span><\/div><a class='link_area_post_media post_media_link post_post_media_link posts_grid_post_media_link' href='https:\/\/www.stopgrup.com\/en\/gurpinar-peyzaj-panel-cit-kapi\/'><\/a><\/div><\/div><div class='post_post_info posts_grid_post_info'><div class='post_info_header'><div class='post_info_meta'><\/div><div class='post_info_divider'><\/div><\/div><h4 class='post_title post_post_title posts_grid_post_title'><a href='https:\/\/www.stopgrup.com\/en\/gurpinar-peyzaj-panel-cit-kapi\/'>G\u00fcrp\u0131nar Peyzaj &#8211; Panel \u00c7it Kap\u0131<\/a><\/h4><div class='post_info_footer'><\/div><\/div><\/div><\/article><article id='post_post_6a048f9ee12b0' class=\"item post no_likes post_post posts_grid_post  post-6550 type-post status-publish format-standard has-post-thumbnail hentry category-cit-kapi-projeleri\"><div class='post_wrapper post_post_wrapper posts_grid_post_wrapper clearfix'><div class='post_media post_post_media posts_grid_post_media'><div class='pic'><img src='https:\/\/www.stopgrup.com\/en\/wp-content\/uploads\/2021\/06\/7644fbd6-fe13-418b-8fa7-3b8ac7d9706e_01e001e01_6551.jpg' data-at2x='https:\/\/www.stopgrup.com\/en\/wp-content\/uploads\/2021\/06\/7644fbd6-fe13-418b-8fa7-3b8ac7d9706e_01e001e01_6551@2x.jpg'  alt='7644fbd6-fe13-418b-8fa7-3b8ac7d9706e' \/><div class='hover-effect'><\/div><div class='plus_wrapper'><span><\/span><span><\/span><\/div><a class='link_area_post_media post_media_link post_post_media_link posts_grid_post_media_link' href='https:\/\/www.stopgrup.com\/en\/gurpinar-peyzaj-cim-cit-2\/'><\/a><\/div><\/div><div class='post_post_info posts_grid_post_info'><div class='post_info_header'><div class='post_info_meta'><\/div><div class='post_info_divider'><\/div><\/div><h4 class='post_title post_post_title posts_grid_post_title'><a href='https:\/\/www.stopgrup.com\/en\/gurpinar-peyzaj-cim-cit-2\/'>G\u00fcrp\u0131nar Peyzaj &#8211; \u00c7im \u00c7it<\/a><\/h4><div class='post_info_footer'><\/div><\/div><\/div><\/article><article id='post_post_6a048f9ee1f76' class=\"item post no_likes post_post posts_grid_post  post-6547 type-post status-publish format-standard has-post-thumbnail hentry category-cit-kapi-projeleri\"><div class='post_wrapper post_post_wrapper posts_grid_post_wrapper clearfix'><div class='post_media post_post_media posts_grid_post_media'><div class='pic'><img src='https:\/\/www.stopgrup.com\/en\/wp-content\/uploads\/2021\/06\/810dd375-698a-4e8d-866e-45b59c2d00d9_01e001e01_6548.jpg' data-at2x='https:\/\/www.stopgrup.com\/en\/wp-content\/uploads\/2021\/06\/810dd375-698a-4e8d-866e-45b59c2d00d9_01e001e01_6548@2x.jpg'  alt='810dd375-698a-4e8d-866e-45b59c2d00d9' \/><div class='hover-effect'><\/div><div class='plus_wrapper'><span><\/span><span><\/span><\/div><a class='link_area_post_media post_media_link post_post_media_link posts_grid_post_media_link' href='https:\/\/www.stopgrup.com\/en\/tepekent-peyzaj-panel-cit-kapi\/'><\/a><\/div><\/div><div class='post_post_info posts_grid_post_info'><div class='post_info_header'><div class='post_info_meta'><\/div><div class='post_info_divider'><\/div><\/div><h4 class='post_title post_post_title posts_grid_post_title'><a href='https:\/\/www.stopgrup.com\/en\/tepekent-peyzaj-panel-cit-kapi\/'>Tepekent Peyzaj &#8211; Panel \u00c7it Kap\u0131<\/a><\/h4><div class='post_info_footer'><\/div><\/div><\/div><\/article><article id='post_post_6a048f9ee2c92' class=\"item post no_likes post_post posts_grid_post  post-6544 type-post status-publish format-standard has-post-thumbnail hentry category-cit-kapi-projeleri\"><div class='post_wrapper post_post_wrapper posts_grid_post_wrapper clearfix'><div class='post_media post_post_media posts_grid_post_media'><div class='pic'><img src='https:\/\/www.stopgrup.com\/en\/wp-content\/uploads\/2021\/06\/84828bb3-550b-42fc-a69e-3ffabdb2b3c0_01e001e01_6545.jpg' data-at2x='https:\/\/www.stopgrup.com\/en\/wp-content\/uploads\/2021\/06\/84828bb3-550b-42fc-a69e-3ffabdb2b3c0_01e001e01_6545@2x.jpg'  alt='84828bb3-550b-42fc-a69e-3ffabdb2b3c0' \/><div class='hover-effect'><\/div><div class='plus_wrapper'><span><\/span><span><\/span><\/div><a class='link_area_post_media post_media_link post_post_media_link posts_grid_post_media_link' href='https:\/\/www.stopgrup.com\/en\/bahcesehir-peyzaj-cim-cit\/'><\/a><\/div><\/div><div class='post_post_info posts_grid_post_info'><div class='post_info_header'><div class='post_info_meta'><\/div><div class='post_info_divider'><\/div><\/div><h4 class='post_title post_post_title posts_grid_post_title'><a href='https:\/\/www.stopgrup.com\/en\/bahcesehir-peyzaj-cim-cit\/'>Bah\u00e7e\u015fehir Peyzaj &#8211; \u00c7im \u00c7it<\/a><\/h4><div class='post_info_footer'><\/div><\/div><\/div><\/article><article id='post_post_6a048f9ee3830' class=\"item post no_likes post_post posts_grid_post  post-6539 type-post status-publish format-standard has-post-thumbnail hentry category-cit-kapi-projeleri\"><div class='post_wrapper post_post_wrapper posts_grid_post_wrapper clearfix'><div class='post_media post_post_media posts_grid_post_media'><div class='pic'><img src='https:\/\/www.stopgrup.com\/en\/wp-content\/uploads\/2021\/06\/8441e385-8516-4a4f-9621-0562fe14d842_01e001e01_6542.jpg' data-no-retina  alt='8441e385-8516-4a4f-9621-0562fe14d842' \/><div class='hover-effect'><\/div><div class='plus_wrapper'><span><\/span><span><\/span><\/div><a class='link_area_post_media post_media_link post_post_media_link posts_grid_post_media_link' href='https:\/\/www.stopgrup.com\/en\/sinanoba-peyzaj-panel-cit\/'><\/a><\/div><\/div><div class='post_post_info posts_grid_post_info'><div class='post_info_header'><div class='post_info_meta'><\/div><div class='post_info_divider'><\/div><\/div><h4 class='post_title post_post_title posts_grid_post_title'><a href='https:\/\/www.stopgrup.com\/en\/sinanoba-peyzaj-panel-cit\/'>Sinanoba Peyzaj &#8211; Panel \u00c7it<\/a><\/h4><div class='post_info_footer'><\/div><\/div><\/div><\/article><article id='post_post_6a048f9ee42ff' class=\"item post no_likes post_post posts_grid_post  post-6533 type-post status-publish format-standard has-post-thumbnail hentry category-cit-kapi-projeleri\"><div class='post_wrapper post_post_wrapper posts_grid_post_wrapper clearfix'><div class='post_media post_post_media posts_grid_post_media'><div class='pic'><img src='https:\/\/www.stopgrup.com\/en\/wp-content\/uploads\/2021\/06\/65596dcf-34f6-48a2-86ad-8d92e708b485_01e001e01_6534.jpg' data-no-retina  alt='65596dcf-34f6-48a2-86ad-8d92e708b485' \/><div class='hover-effect'><\/div><div class='plus_wrapper'><span><\/span><span><\/span><\/div><a class='link_area_post_media post_media_link post_post_media_link posts_grid_post_media_link' href='https:\/\/www.stopgrup.com\/en\/askeri-bolgeler-cim-cit\/'><\/a><\/div><\/div><div class='post_post_info posts_grid_post_info'><div class='post_info_header'><div class='post_info_meta'><\/div><div class='post_info_divider'><\/div><\/div><h4 class='post_title post_post_title posts_grid_post_title'><a href='https:\/\/www.stopgrup.com\/en\/askeri-bolgeler-cim-cit\/'>Askeri B\u00f6lgeler &#8211; \u00c7im \u00c7it<\/a><\/h4><div class='post_info_footer'><\/div><\/div><\/div><\/article><article id='post_post_6a048f9ee4e1e' class=\"item post no_likes post_post posts_grid_post  post-6518 type-post status-publish format-standard has-post-thumbnail hentry category-cit-kapi-projeleri\"><div class='post_wrapper post_post_wrapper posts_grid_post_wrapper clearfix'><div class='post_media post_post_media posts_grid_post_media'><div class='pic'><img src='https:\/\/www.stopgrup.com\/en\/wp-content\/uploads\/2021\/06\/e545cfdb-96ee-4976-9ffe-ec0a8493bc54_01e001e01_6519.jpg' data-no-retina  alt='e545cfdb-96ee-4976-9ffe-ec0a8493bc54' \/><div class='hover-effect'><\/div><div class='plus_wrapper'><span><\/span><span><\/span><\/div><a class='link_area_post_media post_media_link post_post_media_link posts_grid_post_media_link' href='https:\/\/www.stopgrup.com\/en\/inkol-yapi-panel-cit-kapi\/'><\/a><\/div><\/div><div class='post_post_info posts_grid_post_info'><div class='post_info_header'><div class='post_info_meta'><\/div><div class='post_info_divider'><\/div><\/div><h4 class='post_title post_post_title posts_grid_post_title'><a href='https:\/\/www.stopgrup.com\/en\/inkol-yapi-panel-cit-kapi\/'>\u0130nkol Yap\u0131 &#8211; Panel \u00c7it Kap\u0131<\/a><\/h4><div class='post_info_footer'><\/div><\/div><\/div><\/article><article id='post_post_6a048f9ee58cd' class=\"item post no_likes post_post posts_grid_post  post-6515 type-post status-publish format-standard has-post-thumbnail hentry category-cit-kapi-projeleri\"><div class='post_wrapper post_post_wrapper posts_grid_post_wrapper clearfix'><div class='post_media post_post_media posts_grid_post_media'><div class='pic'><img src='https:\/\/www.stopgrup.com\/en\/wp-content\/uploads\/2021\/06\/65790368-0483-4618-80f6-f83f159f551a_01e001e01_6516.jpg' data-at2x='https:\/\/www.stopgrup.com\/en\/wp-content\/uploads\/2021\/06\/65790368-0483-4618-80f6-f83f159f551a_01e001e01_6516@2x.jpg'  alt='65790368-0483-4618-80f6-f83f159f551a' \/><div class='hover-effect'><\/div><div class='plus_wrapper'><span><\/span><span><\/span><\/div><a class='link_area_post_media post_media_link post_post_media_link posts_grid_post_media_link' href='https:\/\/www.stopgrup.com\/en\/ankara-peyzaj-panel-cit-kapi\/'><\/a><\/div><\/div><div class='post_post_info posts_grid_post_info'><div class='post_info_header'><div class='post_info_meta'><\/div><div class='post_info_divider'><\/div><\/div><h4 class='post_title post_post_title posts_grid_post_title'><a href='https:\/\/www.stopgrup.com\/en\/ankara-peyzaj-panel-cit-kapi\/'>Ankara Peyzaj &#8211; Panel \u00c7it Kap\u0131<\/a><\/h4><div class='post_info_footer'><\/div><\/div><\/div><\/article><article id='post_post_6a048f9ee65fb' class=\"item post no_likes post_post posts_grid_post  post-6512 type-post status-publish format-standard has-post-thumbnail hentry category-cit-kapi-projeleri\"><div class='post_wrapper post_post_wrapper posts_grid_post_wrapper clearfix'><div class='post_media post_post_media posts_grid_post_media'><div class='pic'><img src='https:\/\/www.stopgrup.com\/en\/wp-content\/uploads\/2021\/06\/9db980b6-5902-4c1a-9618-ed26993613c6_01e001e01_6513.jpg' data-at2x='https:\/\/www.stopgrup.com\/en\/wp-content\/uploads\/2021\/06\/9db980b6-5902-4c1a-9618-ed26993613c6_01e001e01_6513@2x.jpg'  alt='9db980b6-5902-4c1a-9618-ed26993613c6' \/><div class='hover-effect'><\/div><div class='plus_wrapper'><span><\/span><span><\/span><\/div><a class='link_area_post_media post_media_link post_post_media_link posts_grid_post_media_link' href='https:\/\/www.stopgrup.com\/en\/mimaroba-peyzaj-panel-cit-kapi\/'><\/a><\/div><\/div><div class='post_post_info posts_grid_post_info'><div class='post_info_header'><div class='post_info_meta'><\/div><div class='post_info_divider'><\/div><\/div><h4 class='post_title post_post_title posts_grid_post_title'><a href='https:\/\/www.stopgrup.com\/en\/mimaroba-peyzaj-panel-cit-kapi\/'>Mimaroba Peyzaj &#8211; Panel \u00c7it Kap\u0131<\/a><\/h4><div class='post_info_footer'><\/div><\/div><\/div><\/article><article id='post_post_6a048f9ee7127' class=\"item post no_likes post_post posts_grid_post  post-6509 type-post status-publish format-standard has-post-thumbnail hentry category-cit-kapi-projeleri\"><div class='post_wrapper post_post_wrapper posts_grid_post_wrapper clearfix'><div class='post_media post_post_media posts_grid_post_media'><div class='pic'><img src='https:\/\/www.stopgrup.com\/en\/wp-content\/uploads\/2021\/06\/6c1c82cc-7242-473a-8aa3-0d4fb87537f2_01e001e01_6510.jpg' data-no-retina  alt='6c1c82cc-7242-473a-8aa3-0d4fb87537f2' \/><div class='hover-effect'><\/div><div class='plus_wrapper'><span><\/span><span><\/span><\/div><a class='link_area_post_media post_media_link post_post_media_link posts_grid_post_media_link' href='https:\/\/www.stopgrup.com\/en\/gurpinar-peyzaj-cim-cit\/'><\/a><\/div><\/div><div class='post_post_info posts_grid_post_info'><div class='post_info_header'><div class='post_info_meta'><\/div><div class='post_info_divider'><\/div><\/div><h4 class='post_title post_post_title posts_grid_post_title'><a href='https:\/\/www.stopgrup.com\/en\/gurpinar-peyzaj-cim-cit\/'>G\u00fcrp\u0131nar Peyzaj &#8211; \u00c7im \u00c7it<\/a><\/h4><div class='post_info_footer'><\/div><\/div><\/div><\/article><\/div><div  class='cws_loader_holder'><div  class='cws_loader'>\t\t\t\t<svg width='104px' height='104px' xmlns=\"http:\/\/www.w3.org\/2000\/svg\" viewBox=\"0 0 100 100\" preserveAspectRatio=\"xMidYMid\" class=\"uil-default\"><rect x=\"0\" y=\"0\" width=\"100\" height=\"100\" fill=\"none\" class=\"bk\"><\/rect><rect  x='46.5' y='40' width='7' height='20' rx='5' ry='5' fill='#000000' transform='rotate(0 50 50) translate(0 -30)'>  <animate attributeName='opacity' from='1' to='0' dur='1s' begin='0s' repeatCount='indefinite'\/><\/rect><rect  x='46.5' y='40' width='7' height='20' rx='5' ry='5' fill='#000000' transform='rotate(30 50 50) translate(0 -30)'>  <animate attributeName='opacity' from='1' to='0' dur='1s' begin='0.08333333333333333s' repeatCount='indefinite'\/><\/rect><rect  x='46.5' y='40' width='7' height='20' rx='5' ry='5' fill='#000000' transform='rotate(60 50 50) translate(0 -30)'>  <animate attributeName='opacity' from='1' to='0' dur='1s' begin='0.16666666666666666s' repeatCount='indefinite'\/><\/rect><rect  x='46.5' y='40' width='7' height='20' rx='5' ry='5' fill='#000000' transform='rotate(90 50 50) translate(0 -30)'>  <animate attributeName='opacity' from='1' to='0' dur='1s' begin='0.25s' repeatCount='indefinite'\/><\/rect><rect  x='46.5' y='40' width='7' height='20' rx='5' ry='5' fill='#000000' transform='rotate(120 50 50) translate(0 -30)'>  <animate attributeName='opacity' from='1' to='0' dur='1s' begin='0.3333333333333333s' repeatCount='indefinite'\/><\/rect><rect  x='46.5' y='40' width='7' height='20' rx='5' ry='5' fill='#000000' transform='rotate(150 50 50) translate(0 -30)'>  <animate attributeName='opacity' from='1' to='0' dur='1s' begin='0.4166666666666667s' repeatCount='indefinite'\/><\/rect><rect  x='46.5' y='40' width='7' height='20' rx='5' ry='5' fill='#000000' transform='rotate(180 50 50) translate(0 -30)'>  <animate attributeName='opacity' from='1' to='0' dur='1s' begin='0.5s' repeatCount='indefinite'\/><\/rect><rect  x='46.5' y='40' width='7' height='20' rx='5' ry='5' fill='#000000' transform='rotate(210 50 50) translate(0 -30)'>  <animate attributeName='opacity' from='1' to='0' dur='1s' begin='0.5833333333333334s' repeatCount='indefinite'\/><\/rect><rect  x='46.5' y='40' width='7' height='20' rx='5' ry='5' fill='#000000' transform='rotate(240 50 50) translate(0 -30)'>  <animate attributeName='opacity' from='1' to='0' dur='1s' begin='0.6666666666666666s' repeatCount='indefinite'\/><\/rect><rect  x='46.5' y='40' width='7' height='20' rx='5' ry='5' fill='#000000' transform='rotate(270 50 50) translate(0 -30)'>  <animate attributeName='opacity' from='1' to='0' dur='1s' begin='0.75s' repeatCount='indefinite'\/><\/rect><rect  x='46.5' y='40' width='7' height='20' rx='5' ry='5' fill='#000000' transform='rotate(300 50 50) translate(0 -30)'>  <animate attributeName='opacity' from='1' to='0' dur='1s' begin='0.8333333333333334s' repeatCount='indefinite'\/><\/rect><rect  x='46.5' y='40' width='7' height='20' rx='5' ry='5' fill='#000000' transform='rotate(330 50 50) translate(0 -30)'>  <animate attributeName='opacity' from='1' to='0' dur='1s' begin='0.9166666666666666s' repeatCount='indefinite'\/><\/rect><\/svg>\n\t\t\t\t<\/div><\/div><\/div>\n\t\t<div class=\"pagination\">\n\t\t\t<div class='page_links'>\n\t\t\t<span aria-current=\"page\" class=\"page-numbers current\">1<\/span>\n<a class=\"page-numbers\" href=\"https:\/\/www.stopgrup.com\/en\/wp-json\/wp\/v2\/pages\/6199\/page\/2\/\">2<\/a>\n<a class=\"page-numbers\" href=\"https:\/\/www.stopgrup.com\/en\/wp-json\/wp\/v2\/pages\/6199\/page\/3\/\">3<\/a>\n<span class=\"page-numbers dots\">&hellip;<\/span>\n<a class=\"page-numbers\" href=\"https:\/\/www.stopgrup.com\/en\/wp-json\/wp\/v2\/pages\/6199\/page\/11\/\">11<\/a>\n<a class=\"next page-numbers\" href=\"https:\/\/www.stopgrup.com\/en\/wp-json\/wp\/v2\/pages\/6199\/page\/2\/\"><i class=''><\/i><\/a>\t\t\t<\/div>\n\t\t<\/div>\n\t\t<form id='posts_grid_6a048f9edbfea_data' class='ajax_data_form cws_blog_ajax_data_form posts_grid_ajax_data_form'><input type='hidden' id='posts_grid_6a048f9edbfea_ajax_data' class='ajax_data cws_blog_ajax_data posts_grid_ajax_data' name='posts_grid_6a048f9edbfea_ajax_data' value='{\"section_id\":\"posts_grid_6a048f9edbfea\",\"post_type\":\"post\",\"post_hide_meta\":[\"cats\",\"tags\",\"author\",\"likes\",\"date\",\"comments\",\"social\",\"excerpt\"],\"layout\":\"4\",\"sb_layout\":\"no_sidebars\",\"total_items_count\":10000,\"hover_effects\":\" hovernone\",\"items_pp\":12,\"page\":1,\"max_paged\":11,\"tax\":\"category\",\"terms\":[\"cit-kapi-projeleri\"],\"huge_layout\":null,\"current_filter_val\":\"_all_\",\"addl_query_args\":[],\"full_width\":false,\"pagination_grid\":\"\",\"related_items\":\"\",\"more_btn_text\":\"Read More\",\"link_show\":\"dots\",\"crop_featured\":\"1\",\"is_masonry\":false,\"chars_count\":\"75\"}' \/><\/form><\/section>[\/vc_column][\/vc_row]\n","protected":false},"excerpt":{"rendered":"","protected":false},"author":1,"featured_media":0,"parent":0,"menu_order":0,"comment_status":"closed","ping_status":"closed","template":"","meta":[],"yoast_head":"<!-- This site is optimized with the Yoast SEO plugin v16.4 - https:\/\/yoast.com\/wordpress\/plugins\/seo\/ -->\n<title>Fence - Gate Projects - Stop Grup Fence and Barrier Systems<\/title>\n<meta name=\"robots\" content=\"index, follow, max-snippet:-1, max-image-preview:large, max-video-preview:-1\" \/>\n<link rel=\"canonical\" href=\"https:\/\/www.stopgrup.com\/en\/fence-gate-projects\/\" \/>\n<meta property=\"og:locale\" content=\"tr_TR\" \/>\n<meta property=\"og:type\" content=\"article\" \/>\n<meta property=\"og:title\" content=\"Fence - Gate Projects - Stop Grup Fence and Barrier Systems\" \/>\n<meta property=\"og:url\" content=\"https:\/\/www.stopgrup.com\/en\/fence-gate-projects\/\" \/>\n<meta property=\"og:site_name\" content=\"Stop Grup Fence and Barrier Systems\" \/>\n<meta property=\"article:modified_time\" content=\"2021-06-18T07:35:47+00:00\" \/>\n<meta name=\"twitter:card\" content=\"summary_large_image\" \/>\n<script type=\"application\/ld+json\" class=\"yoast-schema-graph\">{\"@context\":\"https:\/\/schema.org\",\"@graph\":[{\"@type\":\"WebSite\",\"@id\":\"https:\/\/www.stopgrup.com\/en\/#website\",\"url\":\"https:\/\/www.stopgrup.com\/en\/\",\"name\":\"Stop Grup Fence and Barrier Systems\",\"description\":\"\",\"potentialAction\":[{\"@type\":\"SearchAction\",\"target\":\"https:\/\/www.stopgrup.com\/en\/?s={search_term_string}\",\"query-input\":\"required name=search_term_string\"}],\"inLanguage\":\"tr\"},{\"@type\":\"WebPage\",\"@id\":\"https:\/\/www.stopgrup.com\/en\/fence-gate-projects\/#webpage\",\"url\":\"https:\/\/www.stopgrup.com\/en\/fence-gate-projects\/\",\"name\":\"Fence - Gate Projects - Stop Grup Fence and Barrier Systems\",\"isPartOf\":{\"@id\":\"https:\/\/www.stopgrup.com\/en\/#website\"},\"datePublished\":\"2021-05-21T08:29:33+00:00\",\"dateModified\":\"2021-06-18T07:35:47+00:00\",\"breadcrumb\":{\"@id\":\"https:\/\/www.stopgrup.com\/en\/fence-gate-projects\/#breadcrumb\"},\"inLanguage\":\"tr\",\"potentialAction\":[{\"@type\":\"ReadAction\",\"target\":[\"https:\/\/www.stopgrup.com\/en\/fence-gate-projects\/\"]}]},{\"@type\":\"BreadcrumbList\",\"@id\":\"https:\/\/www.stopgrup.com\/en\/fence-gate-projects\/#breadcrumb\",\"itemListElement\":[{\"@type\":\"ListItem\",\"position\":1,\"item\":{\"@type\":\"WebPage\",\"@id\":\"https:\/\/www.stopgrup.com\/en\/\",\"url\":\"https:\/\/www.stopgrup.com\/en\/\",\"name\":\"Anasayfa\"}},{\"@type\":\"ListItem\",\"position\":2,\"item\":{\"@id\":\"https:\/\/www.stopgrup.com\/en\/fence-gate-projects\/#webpage\"}}]}]}<\/script>\n<!-- \/ Yoast SEO plugin. -->","_links":{"self":[{"href":"https:\/\/www.stopgrup.com\/en\/wp-json\/wp\/v2\/pages\/6199"}],"collection":[{"href":"https:\/\/www.stopgrup.com\/en\/wp-json\/wp\/v2\/pages"}],"about":[{"href":"https:\/\/www.stopgrup.com\/en\/wp-json\/wp\/v2\/types\/page"}],"author":[{"embeddable":true,"href":"https:\/\/www.stopgrup.com\/en\/wp-json\/wp\/v2\/users\/1"}],"replies":[{"embeddable":true,"href":"https:\/\/www.stopgrup.com\/en\/wp-json\/wp\/v2\/comments?post=6199"}],"version-history":[{"count":3,"href":"https:\/\/www.stopgrup.com\/en\/wp-json\/wp\/v2\/pages\/6199\/revisions"}],"predecessor-version":[{"id":6656,"href":"https:\/\/www.stopgrup.com\/en\/wp-json\/wp\/v2\/pages\/6199\/revisions\/6656"}],"wp:attachment":[{"href":"https:\/\/www.stopgrup.com\/en\/wp-json\/wp\/v2\/media?parent=6199"}],"curies":[{"name":"wp","href":"https:\/\/api.w.org\/{rel}","templated":true}]}}