{"id":3740,"date":"2021-02-04T09:27:51","date_gmt":"2021-02-04T06:27:51","guid":{"rendered":"http:\/\/www.maltepedekimatbaalar.com\/?page_id=3740"},"modified":"2021-07-08T09:20:10","modified_gmt":"2021-07-08T06:20:10","slug":"produits-energetiques","status":"publish","type":"page","link":"https:\/\/www.stopgrup.com\/fr\/produits-energetiques\/","title":{"rendered":"Produits Energ\u00e9tiques"},"content":{"rendered":"[vc_row][vc_column]<div class='cws_textmodule cws_vc_shortcode_module' id='cws_textmodule_69e7c47fbc082'><div class='cws_textmodule_wrapper add_divider divider_style_underline'><div class='cws_textmodule_text text_align_left'><div class='cws_textmodule_titles display_block'><h4 class='cws_textmodule_subtitle'>Produits Energ\u00e9tiques<\/h4><h1 class='cws_textmodule_title'><span>Produits D'\u00e9clairage<\/span><\/h1><\/div><\/div><\/div><\/div><div class=\"cws_spacing cws_spacing_size_sm_desctop-on cws_spacing_tablet-on cws_spacing_mobile-on\"><div class=\"cws_spacing cws_spacing_default\" style=\"height:50px;\"><\/div> <div class=\"cws_spacing cws_spacing_size_sm_desctop\" style=\"height:90px;\"><\/div> <div class=\"cws_spacing cws_spacing_tablet\" style=\"height:40px;\"><\/div> <div class=\"cws_spacing cws_spacing_mobile\" style=\"height:40px;\"><\/div><\/div>[vc_row_inner][vc_column_inner width=&#8221;1\/4&#8243; offset=&#8221;vc_col-lg-offset-0 vc_col-lg-3 vc_col-md-offset-0 vc_col-md-4 vc_col-sm-offset-0 vc_col-xs-offset-2 vc_col-xs-8&#8243;][vc_single_image image=&#8221;3743&#8243; img_size=&#8221;full&#8221; alignment=&#8221;center&#8221; style=&#8221;vc_box_shadow_3d&#8221; onclick=&#8221;custom_link&#8221; link=&#8221;https:\/\/www.stopgrup.com\/fr\/led-projecteur&#8221;]<div class='cws_textmodule cws_vc_shortcode_module urun-h5  vc_custom_1625653794857' id='cws_textmodule_69e7c47fbc49c'><div class='cws_textmodule_wrapper '><div class='cws_textmodule_text text_align_center'><div class='cws_textmodule_titles display_block'><h5 class='cws_textmodule_title'><span>Projecteur LED<\/span><\/h5><\/div><\/div><\/div><\/div>[\/vc_column_inner][vc_column_inner width=&#8221;1\/4&#8243; offset=&#8221;vc_col-lg-offset-0 vc_col-lg-3 vc_col-md-offset-0 vc_col-md-4 vc_col-sm-offset-0 vc_col-xs-offset-2 vc_col-xs-8&#8243;][vc_single_image image=&#8221;3745&#8243; img_size=&#8221;full&#8221; alignment=&#8221;center&#8221; style=&#8221;vc_box_shadow_3d&#8221; onclick=&#8221;custom_link&#8221; link=&#8221;https:\/\/www.stopgrup.com\/fr\/led-armature\/&#8221;]<div class='cws_textmodule cws_vc_shortcode_module urun-h5  vc_custom_1625653817414' id='cws_textmodule_69e7c47fbc77f'><div class='cws_textmodule_wrapper '><div class='cws_textmodule_text text_align_center'><div class='cws_textmodule_titles display_block'><h5 class='cws_textmodule_title'><span>Armature Led<\/span><\/h5><\/div><\/div><\/div><\/div>[\/vc_column_inner][\/vc_row_inner]<div class=\"cws_spacing cws_spacing_size_sm_desctop-on cws_spacing_tablet-on cws_spacing_mobile-on\"><div class=\"cws_spacing cws_spacing_default\" style=\"height:90px;\"><\/div> <div class=\"cws_spacing cws_spacing_size_sm_desctop\" style=\"height:90px;\"><\/div> <div class=\"cws_spacing cws_spacing_tablet\" style=\"height:40px;\"><\/div> <div class=\"cws_spacing cws_spacing_mobile\" style=\"height:40px;\"><\/div><\/div>[\/vc_column][\/vc_row]\n","protected":false},"excerpt":{"rendered":"<p>[vc_row][vc_column][vc_row_inner][vc_column_inner width=&#8221;1\/4&#8243; offset=&#8221;vc_col-lg-offset-0 vc_col-lg-3 vc_col-md-offset-0 vc_col-md-4 vc_col-sm-offset-0 vc_col-xs-offset-2 vc_col-xs-8&#8243;][vc_single_image image=&#8221;3743&#8243; img_size=&#8221;full&#8221; alignment=&#8221;center&#8221; style=&#8221;vc_box_shadow_3d&#8221; onclick=&#8221;custom_link&#8221; link=&#8221;https:\/\/www.stopgrup.com\/fr\/led-projecteur&#8221;][\/vc_column_inner][vc_column_inner width=&#8221;1\/4&#8243; offset=&#8221;vc_col-lg-offset-0 vc_col-lg-3 vc_col-md-offset-0 vc_col-md-4 vc_col-sm-offset-0 vc_col-xs-offset-2 vc_col-xs-8&#8243;][vc_single_image image=&#8221;3745&#8243; img_size=&#8221;full&#8221; alignment=&#8221;center&#8221; style=&#8221;vc_box_shadow_3d&#8221; onclick=&#8221;custom_link&#8221; link=&#8221;https:\/\/www.stopgrup.com\/fr\/led-armature\/&#8221;][\/vc_column_inner][\/vc_row_inner][\/vc_column][\/vc_row]<\/p>\n","protected":false},"author":1,"featured_media":0,"parent":0,"menu_order":0,"comment_status":"closed","ping_status":"closed","template":"","meta":[],"yoast_head":"<!-- This site is optimized with the Yoast SEO plugin v16.4 - https:\/\/yoast.com\/wordpress\/plugins\/seo\/ -->\n<title>Produits Energ\u00e9tiques - Stop Grup Syst\u00e8mes de Cl\u00f4ture et de Barri\u00e8re<\/title>\n<meta name=\"robots\" content=\"index, follow, max-snippet:-1, max-image-preview:large, max-video-preview:-1\" \/>\n<link rel=\"canonical\" href=\"https:\/\/www.stopgrup.com\/fr\/produits-energetiques\/\" \/>\n<meta property=\"og:locale\" content=\"tr_TR\" \/>\n<meta property=\"og:type\" content=\"article\" \/>\n<meta property=\"og:title\" content=\"Produits Energ\u00e9tiques - Stop Grup Syst\u00e8mes de Cl\u00f4ture et de Barri\u00e8re\" \/>\n<meta property=\"og:description\" content=\"[vc_row][vc_column][vc_row_inner][vc_column_inner width=&#8221;1\/4&#8243; offset=&#8221;vc_col-lg-offset-0 vc_col-lg-3 vc_col-md-offset-0 vc_col-md-4 vc_col-sm-offset-0 vc_col-xs-offset-2 vc_col-xs-8&#8243;][vc_single_image image=&#8221;3743&#8243; img_size=&#8221;full&#8221; alignment=&#8221;center&#8221; style=&#8221;vc_box_shadow_3d&#8221; onclick=&#8221;custom_link&#8221; link=&#8221;https:\/\/www.stopgrup.com\/fr\/led-projecteur&#8221;][\/vc_column_inner][vc_column_inner width=&#8221;1\/4&#8243; offset=&#8221;vc_col-lg-offset-0 vc_col-lg-3 vc_col-md-offset-0 vc_col-md-4 vc_col-sm-offset-0 vc_col-xs-offset-2 vc_col-xs-8&#8243;][vc_single_image image=&#8221;3745&#8243; img_size=&#8221;full&#8221; alignment=&#8221;center&#8221; style=&#8221;vc_box_shadow_3d&#8221; onclick=&#8221;custom_link&#8221; link=&#8221;https:\/\/www.stopgrup.com\/fr\/led-armature\/&#8221;][\/vc_column_inner][\/vc_row_inner][\/vc_column][\/vc_row]\" \/>\n<meta property=\"og:url\" content=\"https:\/\/www.stopgrup.com\/fr\/produits-energetiques\/\" \/>\n<meta property=\"og:site_name\" content=\"Stop Grup Syst\u00e8mes de Cl\u00f4ture et de Barri\u00e8re\" \/>\n<meta property=\"article:modified_time\" content=\"2021-07-08T06:20:10+00:00\" \/>\n<meta name=\"twitter:card\" content=\"summary_large_image\" \/>\n<meta name=\"twitter:label1\" content=\"Tahmini okuma s\u00fcresi\" \/>\n\t<meta name=\"twitter:data1\" content=\"1 dakika\" \/>\n<script type=\"application\/ld+json\" class=\"yoast-schema-graph\">{\"@context\":\"https:\/\/schema.org\",\"@graph\":[{\"@type\":\"WebSite\",\"@id\":\"https:\/\/www.stopgrup.com\/fr\/#website\",\"url\":\"https:\/\/www.stopgrup.com\/fr\/\",\"name\":\"Stop Grup Syst\\u00e8mes de Cl\\u00f4ture et de Barri\\u00e8re\",\"description\":\"\",\"potentialAction\":[{\"@type\":\"SearchAction\",\"target\":\"https:\/\/www.stopgrup.com\/fr\/?s={search_term_string}\",\"query-input\":\"required name=search_term_string\"}],\"inLanguage\":\"tr\"},{\"@type\":\"WebPage\",\"@id\":\"https:\/\/www.stopgrup.com\/fr\/produits-energetiques\/#webpage\",\"url\":\"https:\/\/www.stopgrup.com\/fr\/produits-energetiques\/\",\"name\":\"Produits Energ\\u00e9tiques - Stop Grup Syst\\u00e8mes de Cl\\u00f4ture et de Barri\\u00e8re\",\"isPartOf\":{\"@id\":\"https:\/\/www.stopgrup.com\/fr\/#website\"},\"datePublished\":\"2021-02-04T06:27:51+00:00\",\"dateModified\":\"2021-07-08T06:20:10+00:00\",\"breadcrumb\":{\"@id\":\"https:\/\/www.stopgrup.com\/fr\/produits-energetiques\/#breadcrumb\"},\"inLanguage\":\"tr\",\"potentialAction\":[{\"@type\":\"ReadAction\",\"target\":[\"https:\/\/www.stopgrup.com\/fr\/produits-energetiques\/\"]}]},{\"@type\":\"BreadcrumbList\",\"@id\":\"https:\/\/www.stopgrup.com\/fr\/produits-energetiques\/#breadcrumb\",\"itemListElement\":[{\"@type\":\"ListItem\",\"position\":1,\"item\":{\"@type\":\"WebPage\",\"@id\":\"https:\/\/www.stopgrup.com\/fr\/\",\"url\":\"https:\/\/www.stopgrup.com\/fr\/\",\"name\":\"Anasayfa\"}},{\"@type\":\"ListItem\",\"position\":2,\"item\":{\"@id\":\"https:\/\/www.stopgrup.com\/fr\/produits-energetiques\/#webpage\"}}]}]}<\/script>\n<!-- \/ Yoast SEO plugin. -->","_links":{"self":[{"href":"https:\/\/www.stopgrup.com\/fr\/wp-json\/wp\/v2\/pages\/3740"}],"collection":[{"href":"https:\/\/www.stopgrup.com\/fr\/wp-json\/wp\/v2\/pages"}],"about":[{"href":"https:\/\/www.stopgrup.com\/fr\/wp-json\/wp\/v2\/types\/page"}],"author":[{"embeddable":true,"href":"https:\/\/www.stopgrup.com\/fr\/wp-json\/wp\/v2\/users\/1"}],"replies":[{"embeddable":true,"href":"https:\/\/www.stopgrup.com\/fr\/wp-json\/wp\/v2\/comments?post=3740"}],"version-history":[{"count":15,"href":"https:\/\/www.stopgrup.com\/fr\/wp-json\/wp\/v2\/pages\/3740\/revisions"}],"predecessor-version":[{"id":7000,"href":"https:\/\/www.stopgrup.com\/fr\/wp-json\/wp\/v2\/pages\/3740\/revisions\/7000"}],"wp:attachment":[{"href":"https:\/\/www.stopgrup.com\/fr\/wp-json\/wp\/v2\/media?parent=3740"}],"curies":[{"name":"wp","href":"https:\/\/api.w.org\/{rel}","templated":true}]}}