{"id":3749,"date":"2021-02-04T09:51:35","date_gmt":"2021-02-04T06:51:35","guid":{"rendered":"http:\/\/www.maltepedekimatbaalar.com\/?page_id=3749"},"modified":"2021-07-09T11:02:36","modified_gmt":"2021-07-09T08:02:36","slug":"a-propos-de-nous","status":"publish","type":"page","link":"https:\/\/www.stopgrup.com\/fr\/a-propos-de-nous\/","title":{"rendered":"\u00c0 propos de nous"},"content":{"rendered":"[vc_row equal_height=&#8221;yes&#8221; css=&#8221;.vc_custom_1548062129681{padding-bottom: 100px !important;}&#8221;][vc_column width=&#8221;5\/6&#8243; offset=&#8221;vc_col-lg-offset-1&#8243;][vc_single_image image=&#8221;3751&#8243; img_size=&#8221;full&#8221; alignment=&#8221;center&#8221;][\/vc_column][vc_column width=&#8221;3\/4&#8243; css=&#8221;.vc_custom_1612421316670{padding-right: 75px !important;}&#8221; offset=&#8221;vc_col-lg-offset-2&#8243;]<div class=\"cws_spacing cws_spacing_size_sm_desctop-on cws_spacing_tablet-on cws_spacing_mobile-on\"><div class=\"cws_spacing cws_spacing_default\" style=\"height:40px;\"><\/div> <div class=\"cws_spacing cws_spacing_size_sm_desctop\" style=\"height:40px;\"><\/div> <div class=\"cws_spacing cws_spacing_tablet\" style=\"height:40px;\"><\/div> <div class=\"cws_spacing cws_spacing_mobile\" style=\"height:40px;\"><\/div><\/div><div class='cws_textmodule cws_vc_shortcode_module' id='cws_textmodule_69f6a85c897e2'><div class='cws_textmodule_wrapper '><div class='cws_textmodule_text text_align_left'><div class='cws_textmodule_titles display_block'><h3 class='cws_textmodule_title'><span>\u00c0 propos de nous<\/span><\/h3><\/div><div class='cws_textmodule_content'><div class='text_content_wrapper'><p>Stop Grup est fond\u00e9 en 2010 sous le nom de \u00ab Stop \u00c7it Yap\u0131 Malzemeleri San. Tic. Ltd. \u015eti \u00bb \u00e0 Istanbul en Turquie et maintenant elle s&#8217;appelle \u00ab StopGrup G\u00fcvenlik Sistemleri \u0130n\u015f. San. Ve Tic. COMME&#8221;. Notre complexe d&#8217;usines est construit sur une superficie de 4000 m2 qui contient des lignes de production, des entrep\u00f4ts, des bureaux et des zones de stockage en plein air.<\/p>\n<p>Nous fabriquons des bloqueurs de route, des bornes hydrauliques et manuelles, des destructeurs de pneus au sol et souterrains. Nous sommes \u00e9galement fiers de souligner que nous avons \u00e9galement des certificats de crash test pour nommer <strong>PAS68<\/strong>, <strong>IWA14<\/strong> et <strong>ASTM<\/strong> pour nos bloqueurs de route. Un autre produit que nous fabriquons est la cl\u00f4ture en gazon, que nous avons \u00e9galement de tr\u00e8s bons retours de nos clients \u00e0 l&#8217;int\u00e9rieur et \u00e0 l&#8217;ext\u00e9rieur de la Turquie.<\/p>\n<p>Gr\u00e2ce \u00e0 notre exp\u00e9rience de fabrication, notre exp\u00e9rience commerciale et nos services orient\u00e9s satisfaction client dans diff\u00e9rents secteurs ; nous avons acquis en peu de temps des r\u00e9f\u00e9rences tr\u00e8s s\u00e9rieuses et pr\u00e9cieuses et acquis une position respectable dans le secteur.<\/p>\n<p>Stop Grup est une entreprise qui ne cesse de se d\u00e9velopper et d&#8217;orienter ses op\u00e9rations vers l&#8217;am\u00e9lioration. Ce qui fait de nous l&#8217;une des meilleures entreprises du secteur, ce sont nos produits fabriqu\u00e9s avec des mat\u00e9riaux techniques de haute qualit\u00e9 et par un personnel technique qualifi\u00e9, nos investissements incessants en R&amp;D et surtout notre amour et notre respect pour notre travail, nos clients et l&#8217;environnement.<br \/>\nStopGrup est \u00e9galement l&#8217;une des meilleures entreprises en mati\u00e8re de services apr\u00e8s-vente. Nous sommes rapides \u00e0 r\u00e9agir et pr\u00e9cis pour r\u00e9soudre le probl\u00e8me le cas \u00e9ch\u00e9ant.<\/p>\n<p>StopGrup r\u00e9pond \u00e0 toutes les demandes des clients exigeant des biens et\/ou des services sans consid\u00e9rer l&#8217;ampleur du travail avec le m\u00eame s\u00e9rieux et le m\u00eame soin.<\/p>\n<\/div><\/div><\/div><\/div><\/div><div class=\"cws_spacing cws_spacing_size_sm_desctop-on cws_spacing_tablet-on cws_spacing_mobile-on\"><div class=\"cws_spacing cws_spacing_default\" style=\"height:40px;\"><\/div> <div class=\"cws_spacing cws_spacing_size_sm_desctop\" style=\"height:40px;\"><\/div> <div class=\"cws_spacing cws_spacing_tablet\" style=\"height:40px;\"><\/div> <div class=\"cws_spacing cws_spacing_mobile\" style=\"height:40px;\"><\/div><\/div><div class='cws_textmodule cws_vc_shortcode_module' id='cws_textmodule_69f6a85c89c72'><div class='cws_textmodule_wrapper '><div class='cws_textmodule_text text_align_left'><div class='cws_textmodule_titles display_block'><h3 class='cws_textmodule_title'><span>Notre Mission<\/span><\/h3><\/div><div class='cws_textmodule_content'><div class='text_content_wrapper'><p>Our mission is delivering safe, high-quality and cost-effective product range and service for our customers while creating value to our partners and distributors.<\/p>\n<\/div><\/div><\/div><\/div><\/div><div class=\"cws_spacing cws_spacing_size_sm_desctop-on cws_spacing_tablet-on cws_spacing_mobile-on\"><div class=\"cws_spacing cws_spacing_default\" style=\"height:40px;\"><\/div> <div class=\"cws_spacing cws_spacing_size_sm_desctop\" style=\"height:40px;\"><\/div> <div class=\"cws_spacing cws_spacing_tablet\" style=\"height:40px;\"><\/div> <div class=\"cws_spacing cws_spacing_mobile\" style=\"height:40px;\"><\/div><\/div><div class='cws_textmodule cws_vc_shortcode_module' id='cws_textmodule_69f6a85c8a057'><div class='cws_textmodule_wrapper '><div class='cws_textmodule_text text_align_left'><div class='cws_textmodule_titles display_block'><h3 class='cws_textmodule_title'><span>Notre Vision<\/span><\/h3><\/div><div class='cws_textmodule_content'><div class='text_content_wrapper'><p>To be one of the preferred global brands of physical access security product and service sector with conducting design and production of innovative products and solutions that comfort the clients, growing and improving is our aim since establishment.<\/p>\n<\/div><\/div><\/div><\/div><\/div>[\/vc_column][\/vc_row]\n","protected":false},"excerpt":{"rendered":"<p>[vc_row equal_height=&#8221;yes&#8221; css=&#8221;.vc_custom_1548062129681{padding-bottom: 100px !important;}&#8221;][vc_column width=&#8221;5\/6&#8243; offset=&#8221;vc_col-lg-offset-1&#8243;][vc_single_image image=&#8221;3751&#8243; img_size=&#8221;full&#8221; alignment=&#8221;center&#8221;][\/vc_column][vc_column width=&#8221;3\/4&#8243; css=&#8221;.vc_custom_1612421316670{padding-right: 75px !important;}&#8221; offset=&#8221;vc_col-lg-offset-2&#8243;][\/vc_column][\/vc_row]<\/p>\n","protected":false},"author":1,"featured_media":0,"parent":0,"menu_order":0,"comment_status":"closed","ping_status":"closed","template":"","meta":[],"yoast_head":"<!-- This site is optimized with the Yoast SEO plugin v16.4 - https:\/\/yoast.com\/wordpress\/plugins\/seo\/ -->\n<title>\u00c0 propos de nous - Stop Grup Syst\u00e8mes de Cl\u00f4ture et de Barri\u00e8re<\/title>\n<meta name=\"robots\" content=\"index, follow, max-snippet:-1, max-image-preview:large, max-video-preview:-1\" \/>\n<link rel=\"canonical\" href=\"https:\/\/www.stopgrup.com\/fr\/a-propos-de-nous\/\" \/>\n<meta property=\"og:locale\" content=\"tr_TR\" \/>\n<meta property=\"og:type\" content=\"article\" \/>\n<meta property=\"og:title\" content=\"\u00c0 propos de nous - Stop Grup Syst\u00e8mes de Cl\u00f4ture et de Barri\u00e8re\" \/>\n<meta property=\"og:description\" content=\"[vc_row equal_height=&#8221;yes&#8221; css=&#8221;.vc_custom_1548062129681{padding-bottom: 100px !important;}&#8221;][vc_column width=&#8221;5\/6&#8243; offset=&#8221;vc_col-lg-offset-1&#8243;][vc_single_image image=&#8221;3751&#8243; img_size=&#8221;full&#8221; alignment=&#8221;center&#8221;][\/vc_column][vc_column width=&#8221;3\/4&#8243; css=&#8221;.vc_custom_1612421316670{padding-right: 75px !important;}&#8221; offset=&#8221;vc_col-lg-offset-2&#8243;][\/vc_column][\/vc_row]\" \/>\n<meta property=\"og:url\" content=\"https:\/\/www.stopgrup.com\/fr\/a-propos-de-nous\/\" \/>\n<meta property=\"og:site_name\" content=\"Stop Grup Syst\u00e8mes de Cl\u00f4ture et de Barri\u00e8re\" \/>\n<meta property=\"article:modified_time\" content=\"2021-07-09T08:02:36+00:00\" \/>\n<meta name=\"twitter:card\" content=\"summary_large_image\" \/>\n<meta name=\"twitter:label1\" content=\"Tahmini okuma s\u00fcresi\" \/>\n\t<meta name=\"twitter:data1\" content=\"2 dakika\" \/>\n<script type=\"application\/ld+json\" class=\"yoast-schema-graph\">{\"@context\":\"https:\/\/schema.org\",\"@graph\":[{\"@type\":\"WebSite\",\"@id\":\"https:\/\/www.stopgrup.com\/fr\/#website\",\"url\":\"https:\/\/www.stopgrup.com\/fr\/\",\"name\":\"Stop Grup Syst\\u00e8mes de Cl\\u00f4ture et de Barri\\u00e8re\",\"description\":\"\",\"potentialAction\":[{\"@type\":\"SearchAction\",\"target\":\"https:\/\/www.stopgrup.com\/fr\/?s={search_term_string}\",\"query-input\":\"required name=search_term_string\"}],\"inLanguage\":\"tr\"},{\"@type\":\"WebPage\",\"@id\":\"https:\/\/www.stopgrup.com\/fr\/a-propos-de-nous\/#webpage\",\"url\":\"https:\/\/www.stopgrup.com\/fr\/a-propos-de-nous\/\",\"name\":\"\\u00c0 propos de nous - Stop Grup Syst\\u00e8mes de Cl\\u00f4ture et de Barri\\u00e8re\",\"isPartOf\":{\"@id\":\"https:\/\/www.stopgrup.com\/fr\/#website\"},\"datePublished\":\"2021-02-04T06:51:35+00:00\",\"dateModified\":\"2021-07-09T08:02:36+00:00\",\"breadcrumb\":{\"@id\":\"https:\/\/www.stopgrup.com\/fr\/a-propos-de-nous\/#breadcrumb\"},\"inLanguage\":\"tr\",\"potentialAction\":[{\"@type\":\"ReadAction\",\"target\":[\"https:\/\/www.stopgrup.com\/fr\/a-propos-de-nous\/\"]}]},{\"@type\":\"BreadcrumbList\",\"@id\":\"https:\/\/www.stopgrup.com\/fr\/a-propos-de-nous\/#breadcrumb\",\"itemListElement\":[{\"@type\":\"ListItem\",\"position\":1,\"item\":{\"@type\":\"WebPage\",\"@id\":\"https:\/\/www.stopgrup.com\/fr\/\",\"url\":\"https:\/\/www.stopgrup.com\/fr\/\",\"name\":\"Anasayfa\"}},{\"@type\":\"ListItem\",\"position\":2,\"item\":{\"@id\":\"https:\/\/www.stopgrup.com\/fr\/a-propos-de-nous\/#webpage\"}}]}]}<\/script>\n<!-- \/ Yoast SEO plugin. -->","_links":{"self":[{"href":"https:\/\/www.stopgrup.com\/fr\/wp-json\/wp\/v2\/pages\/3749"}],"collection":[{"href":"https:\/\/www.stopgrup.com\/fr\/wp-json\/wp\/v2\/pages"}],"about":[{"href":"https:\/\/www.stopgrup.com\/fr\/wp-json\/wp\/v2\/types\/page"}],"author":[{"embeddable":true,"href":"https:\/\/www.stopgrup.com\/fr\/wp-json\/wp\/v2\/users\/1"}],"replies":[{"embeddable":true,"href":"https:\/\/www.stopgrup.com\/fr\/wp-json\/wp\/v2\/comments?post=3749"}],"version-history":[{"count":8,"href":"https:\/\/www.stopgrup.com\/fr\/wp-json\/wp\/v2\/pages\/3749\/revisions"}],"predecessor-version":[{"id":7106,"href":"https:\/\/www.stopgrup.com\/fr\/wp-json\/wp\/v2\/pages\/3749\/revisions\/7106"}],"wp:attachment":[{"href":"https:\/\/www.stopgrup.com\/fr\/wp-json\/wp\/v2\/media?parent=3749"}],"curies":[{"name":"wp","href":"https:\/\/api.w.org\/{rel}","templated":true}]}}