{"id":3774,"date":"2021-02-04T14:28:36","date_gmt":"2021-02-04T11:28:36","guid":{"rendered":"http:\/\/www.maltepedekimatbaalar.com\/?page_id=3774"},"modified":"2021-07-07T10:21:08","modified_gmt":"2021-07-07T07:21:08","slug":"galerie-de-photos","status":"publish","type":"page","link":"https:\/\/www.stopgrup.com\/fr\/galerie-de-photos\/","title":{"rendered":"Galerie de Photos"},"content":{"rendered":"[vc_row full_width=&#8221;stretch_row_content&#8221;][vc_column][vc_column_text css_animation=&#8221;slideInDown&#8221;]\n\n\t\t\t<!-- see gallery_shortcode() in wp-includes\/media.php -->\n\t\t\t<div id='gallery-1' class='gallery galleryid-3774 gallery-size-large'><div class='gallery-item' style='float: left; width: 25%;'>\n\t\t<div class='gallery-icon'>\n\t\t\t<div><img width=\"1024\" height=\"681\" src=\"https:\/\/www.stopgrup.com\/fr\/wp-content\/uploads\/2021\/02\/galeri-01-1024x681.jpg\" class=\"attachment-large size-large\" alt=\"\" loading=\"lazy\" srcset=\"https:\/\/www.stopgrup.com\/fr\/wp-content\/uploads\/2021\/02\/galeri-01-1024x681.jpg 1024w, https:\/\/www.stopgrup.com\/fr\/wp-content\/uploads\/2021\/02\/galeri-01-300x199.jpg 300w, https:\/\/www.stopgrup.com\/fr\/wp-content\/uploads\/2021\/02\/galeri-01-768x511.jpg 768w, https:\/\/www.stopgrup.com\/fr\/wp-content\/uploads\/2021\/02\/galeri-01.jpg 1280w\" sizes=\"(max-width: 1024px) 100vw, 1024px\" \/><\/div>\n\t\t<\/div><\/div><div class='gallery-item' style='float: left; width: 25%;'>\n\t\t<div class='gallery-icon'>\n\t\t\t<div><img width=\"1024\" height=\"681\" src=\"https:\/\/www.stopgrup.com\/fr\/wp-content\/uploads\/2021\/02\/galeri-02-1024x681.jpg\" class=\"attachment-large size-large\" alt=\"\" loading=\"lazy\" srcset=\"https:\/\/www.stopgrup.com\/fr\/wp-content\/uploads\/2021\/02\/galeri-02-1024x681.jpg 1024w, https:\/\/www.stopgrup.com\/fr\/wp-content\/uploads\/2021\/02\/galeri-02-300x199.jpg 300w, https:\/\/www.stopgrup.com\/fr\/wp-content\/uploads\/2021\/02\/galeri-02-768x511.jpg 768w, https:\/\/www.stopgrup.com\/fr\/wp-content\/uploads\/2021\/02\/galeri-02.jpg 1280w\" sizes=\"(max-width: 1024px) 100vw, 1024px\" \/><\/div>\n\t\t<\/div><\/div><div class='gallery-item' style='float: left; width: 25%;'>\n\t\t<div class='gallery-icon'>\n\t\t\t<div><img width=\"1024\" height=\"681\" src=\"https:\/\/www.stopgrup.com\/fr\/wp-content\/uploads\/2021\/02\/galeri-03-1024x681.jpg\" class=\"attachment-large size-large\" alt=\"\" loading=\"lazy\" srcset=\"https:\/\/www.stopgrup.com\/fr\/wp-content\/uploads\/2021\/02\/galeri-03-1024x681.jpg 1024w, https:\/\/www.stopgrup.com\/fr\/wp-content\/uploads\/2021\/02\/galeri-03-300x199.jpg 300w, https:\/\/www.stopgrup.com\/fr\/wp-content\/uploads\/2021\/02\/galeri-03-768x511.jpg 768w, https:\/\/www.stopgrup.com\/fr\/wp-content\/uploads\/2021\/02\/galeri-03.jpg 1280w\" sizes=\"(max-width: 1024px) 100vw, 1024px\" \/><\/div>\n\t\t<\/div><\/div><div class='gallery-item' style='float: left; width: 25%;'>\n\t\t<div class='gallery-icon'>\n\t\t\t<div><img width=\"1024\" height=\"681\" src=\"https:\/\/www.stopgrup.com\/fr\/wp-content\/uploads\/2021\/02\/galeri-04-1024x681.jpg\" class=\"attachment-large size-large\" alt=\"\" loading=\"lazy\" srcset=\"https:\/\/www.stopgrup.com\/fr\/wp-content\/uploads\/2021\/02\/galeri-04-1024x681.jpg 1024w, https:\/\/www.stopgrup.com\/fr\/wp-content\/uploads\/2021\/02\/galeri-04-300x199.jpg 300w, https:\/\/www.stopgrup.com\/fr\/wp-content\/uploads\/2021\/02\/galeri-04-768x511.jpg 768w, https:\/\/www.stopgrup.com\/fr\/wp-content\/uploads\/2021\/02\/galeri-04.jpg 1280w\" sizes=\"(max-width: 1024px) 100vw, 1024px\" \/><\/div>\n\t\t<\/div><\/div><br style=\"clear: both\"><div class='gallery-item' style='float: left; width: 25%;'>\n\t\t<div class='gallery-icon'>\n\t\t\t<div><img width=\"1024\" height=\"681\" src=\"https:\/\/www.stopgrup.com\/fr\/wp-content\/uploads\/2021\/02\/galeri-05-1024x681.jpg\" class=\"attachment-large size-large\" alt=\"\" loading=\"lazy\" srcset=\"https:\/\/www.stopgrup.com\/fr\/wp-content\/uploads\/2021\/02\/galeri-05-1024x681.jpg 1024w, https:\/\/www.stopgrup.com\/fr\/wp-content\/uploads\/2021\/02\/galeri-05-300x199.jpg 300w, https:\/\/www.stopgrup.com\/fr\/wp-content\/uploads\/2021\/02\/galeri-05-768x511.jpg 768w, https:\/\/www.stopgrup.com\/fr\/wp-content\/uploads\/2021\/02\/galeri-05.jpg 1280w\" sizes=\"(max-width: 1024px) 100vw, 1024px\" \/><\/div>\n\t\t<\/div><\/div><div class='gallery-item' style='float: left; width: 25%;'>\n\t\t<div class='gallery-icon'>\n\t\t\t<div><img width=\"1024\" height=\"683\" src=\"https:\/\/www.stopgrup.com\/fr\/wp-content\/uploads\/2021\/02\/galeri-06-1024x683.jpg\" class=\"attachment-large size-large\" alt=\"\" loading=\"lazy\" srcset=\"https:\/\/www.stopgrup.com\/fr\/wp-content\/uploads\/2021\/02\/galeri-06-1024x683.jpg 1024w, https:\/\/www.stopgrup.com\/fr\/wp-content\/uploads\/2021\/02\/galeri-06-300x200.jpg 300w, https:\/\/www.stopgrup.com\/fr\/wp-content\/uploads\/2021\/02\/galeri-06-768x512.jpg 768w, https:\/\/www.stopgrup.com\/fr\/wp-content\/uploads\/2021\/02\/galeri-06.jpg 1080w\" sizes=\"(max-width: 1024px) 100vw, 1024px\" \/><\/div>\n\t\t<\/div><\/div><div class='gallery-item' style='float: left; width: 25%;'>\n\t\t<div class='gallery-icon'>\n\t\t\t<div><img width=\"1024\" height=\"681\" src=\"https:\/\/www.stopgrup.com\/fr\/wp-content\/uploads\/2021\/02\/galeri-07-1024x681.jpg\" class=\"attachment-large size-large\" alt=\"\" loading=\"lazy\" srcset=\"https:\/\/www.stopgrup.com\/fr\/wp-content\/uploads\/2021\/02\/galeri-07-1024x681.jpg 1024w, https:\/\/www.stopgrup.com\/fr\/wp-content\/uploads\/2021\/02\/galeri-07-300x199.jpg 300w, https:\/\/www.stopgrup.com\/fr\/wp-content\/uploads\/2021\/02\/galeri-07-768x511.jpg 768w, https:\/\/www.stopgrup.com\/fr\/wp-content\/uploads\/2021\/02\/galeri-07.jpg 1280w\" sizes=\"(max-width: 1024px) 100vw, 1024px\" \/><\/div>\n\t\t<\/div><\/div><\/div>\n\n[\/vc_column_text][\/vc_column][\/vc_row]\n","protected":false},"excerpt":{"rendered":"<p>[vc_row full_width=&#8221;stretch_row_content&#8221;][vc_column][vc_column_text css_animation=&#8221;slideInDown&#8221;] [\/vc_column_text][\/vc_column][\/vc_row]<\/p>\n","protected":false},"author":1,"featured_media":0,"parent":0,"menu_order":0,"comment_status":"closed","ping_status":"closed","template":"","meta":[],"yoast_head":"<!-- This site is optimized with the Yoast SEO plugin v16.4 - https:\/\/yoast.com\/wordpress\/plugins\/seo\/ -->\n<title>Galerie de Photos - Stop Grup Syst\u00e8mes de Cl\u00f4ture et de Barri\u00e8re<\/title>\n<meta name=\"robots\" content=\"index, follow, max-snippet:-1, max-image-preview:large, max-video-preview:-1\" \/>\n<link rel=\"canonical\" href=\"https:\/\/www.stopgrup.com\/fr\/galerie-de-photos\/\" \/>\n<meta property=\"og:locale\" content=\"tr_TR\" \/>\n<meta property=\"og:type\" content=\"article\" \/>\n<meta property=\"og:title\" content=\"Galerie de Photos - Stop Grup Syst\u00e8mes de Cl\u00f4ture et de Barri\u00e8re\" \/>\n<meta property=\"og:description\" content=\"[vc_row full_width=&#8221;stretch_row_content&#8221;][vc_column][vc_column_text css_animation=&#8221;slideInDown&#8221;] [\/vc_column_text][\/vc_column][\/vc_row]\" \/>\n<meta property=\"og:url\" content=\"https:\/\/www.stopgrup.com\/fr\/galerie-de-photos\/\" \/>\n<meta property=\"og:site_name\" content=\"Stop Grup Syst\u00e8mes de Cl\u00f4ture et de Barri\u00e8re\" \/>\n<meta property=\"article:modified_time\" content=\"2021-07-07T07:21:08+00:00\" \/>\n<meta property=\"og:image\" content=\"https:\/\/www.stopgrup.com\/fr\/wp-content\/uploads\/2021\/02\/galeri-01-1024x681.jpg\" \/>\n<meta name=\"twitter:card\" content=\"summary_large_image\" \/>\n<script type=\"application\/ld+json\" class=\"yoast-schema-graph\">{\"@context\":\"https:\/\/schema.org\",\"@graph\":[{\"@type\":\"WebSite\",\"@id\":\"https:\/\/www.stopgrup.com\/fr\/#website\",\"url\":\"https:\/\/www.stopgrup.com\/fr\/\",\"name\":\"Stop Grup Syst\\u00e8mes de Cl\\u00f4ture et de Barri\\u00e8re\",\"description\":\"\",\"potentialAction\":[{\"@type\":\"SearchAction\",\"target\":\"https:\/\/www.stopgrup.com\/fr\/?s={search_term_string}\",\"query-input\":\"required name=search_term_string\"}],\"inLanguage\":\"tr\"},{\"@type\":\"WebPage\",\"@id\":\"https:\/\/www.stopgrup.com\/fr\/galerie-de-photos\/#webpage\",\"url\":\"https:\/\/www.stopgrup.com\/fr\/galerie-de-photos\/\",\"name\":\"Galerie de Photos - Stop Grup Syst\\u00e8mes de Cl\\u00f4ture et de Barri\\u00e8re\",\"isPartOf\":{\"@id\":\"https:\/\/www.stopgrup.com\/fr\/#website\"},\"datePublished\":\"2021-02-04T11:28:36+00:00\",\"dateModified\":\"2021-07-07T07:21:08+00:00\",\"breadcrumb\":{\"@id\":\"https:\/\/www.stopgrup.com\/fr\/galerie-de-photos\/#breadcrumb\"},\"inLanguage\":\"tr\",\"potentialAction\":[{\"@type\":\"ReadAction\",\"target\":[\"https:\/\/www.stopgrup.com\/fr\/galerie-de-photos\/\"]}]},{\"@type\":\"BreadcrumbList\",\"@id\":\"https:\/\/www.stopgrup.com\/fr\/galerie-de-photos\/#breadcrumb\",\"itemListElement\":[{\"@type\":\"ListItem\",\"position\":1,\"item\":{\"@type\":\"WebPage\",\"@id\":\"https:\/\/www.stopgrup.com\/fr\/\",\"url\":\"https:\/\/www.stopgrup.com\/fr\/\",\"name\":\"Anasayfa\"}},{\"@type\":\"ListItem\",\"position\":2,\"item\":{\"@id\":\"https:\/\/www.stopgrup.com\/fr\/galerie-de-photos\/#webpage\"}}]}]}<\/script>\n<!-- \/ Yoast SEO plugin. -->","_links":{"self":[{"href":"https:\/\/www.stopgrup.com\/fr\/wp-json\/wp\/v2\/pages\/3774"}],"collection":[{"href":"https:\/\/www.stopgrup.com\/fr\/wp-json\/wp\/v2\/pages"}],"about":[{"href":"https:\/\/www.stopgrup.com\/fr\/wp-json\/wp\/v2\/types\/page"}],"author":[{"embeddable":true,"href":"https:\/\/www.stopgrup.com\/fr\/wp-json\/wp\/v2\/users\/1"}],"replies":[{"embeddable":true,"href":"https:\/\/www.stopgrup.com\/fr\/wp-json\/wp\/v2\/comments?post=3774"}],"version-history":[{"count":5,"href":"https:\/\/www.stopgrup.com\/fr\/wp-json\/wp\/v2\/pages\/3774\/revisions"}],"predecessor-version":[{"id":6924,"href":"https:\/\/www.stopgrup.com\/fr\/wp-json\/wp\/v2\/pages\/3774\/revisions\/6924"}],"wp:attachment":[{"href":"https:\/\/www.stopgrup.com\/fr\/wp-json\/wp\/v2\/media?parent=3774"}],"curies":[{"name":"wp","href":"https:\/\/api.w.org\/{rel}","templated":true}]}}