{"id":3800,"date":"2021-02-04T17:33:26","date_gmt":"2021-02-04T14:33:26","guid":{"rendered":"http:\/\/www.maltepedekimatbaalar.com\/?page_id=3800"},"modified":"2021-07-07T09:44:56","modified_gmt":"2021-07-07T06:44:56","slug":"dans-la-presse","status":"publish","type":"page","link":"https:\/\/www.stopgrup.com\/fr\/dans-la-presse\/","title":{"rendered":"Dans la Presse"},"content":{"rendered":"[vc_row][vc_column]<section id='posts_grid_69e7f74eebce0' class='news hovernone blog_post posts_grid post_posts_grid posts_grid_4 posts_grid_grid'><div class='cws_vc_shortcode_wrapper'><div class='cws_vc_shortcode_grid grid layout-4'><article id='post_post_69e7f74eee7fa' class=\"item post no_likes post_post posts_grid_post  post-5695 type-post status-publish format-standard has-post-thumbnail hentry category-bizden-haberler\"><div class='post_wrapper post_post_wrapper posts_grid_post_wrapper clearfix'><div class='post_media post_post_media posts_grid_post_media'><div class='pic'><img src='https:\/\/www.stopgrup.com\/fr\/wp-content\/uploads\/2021\/05\/ms-736x414-1_01e001e01_5696.png' data-no-retina  alt='ms-736&#215;414' \/><div class='hover-effect'><\/div><div class='plus_wrapper'><span><\/span><span><\/span><\/div><a class='link_area_post_media post_media_link post_post_media_link posts_grid_post_media_link' href='https:\/\/www.stopgrup.com\/fr\/yonetim-kurulu-baskanimiz-murat-sahinden-yeni-yil-mesaji\/'><\/a><\/div><\/div><div class='post_post_info posts_grid_post_info'><div class='post_info_header'><div class='post_info_meta'><\/div><div class='post_info_divider'><\/div><\/div><h4 class='post_title post_post_title posts_grid_post_title'><a href='https:\/\/www.stopgrup.com\/fr\/yonetim-kurulu-baskanimiz-murat-sahinden-yeni-yil-mesaji\/'>Y\u00f6netim Kurulu Ba\u015fkan\u0131m\u0131z Murat \u015eahin\u2019den Yeni Y\u0131l Mesaj\u0131<\/a><\/h4><div class='post_content post_post_content posts_grid_post_content clearfix'><\/div><div class='post_info_footer'><\/div><\/div><\/div><\/article><article id='post_post_69e7f74eefe24' class=\"item post no_likes post_post posts_grid_post  post-5689 type-post status-publish format-standard has-post-thumbnail hentry category-bizden-haberler\"><div class='post_wrapper post_post_wrapper posts_grid_post_wrapper clearfix'><div class='post_media post_post_media posts_grid_post_media'><div class='pic'><img src='https:\/\/www.stopgrup.com\/fr\/wp-content\/uploads\/2021\/05\/bg1-736x414-3_01e001e01_5691.jpg' data-no-retina  alt='bg1-736&#215;414' \/><div class='hover-effect'><\/div><div class='plus_wrapper'><span><\/span><span><\/span><\/div><a class='link_area_post_media post_media_link post_post_media_link posts_grid_post_media_link' href='https:\/\/www.stopgrup.com\/fr\/stop-group-bulgaristan\/'><\/a><\/div><\/div><div class='post_post_info posts_grid_post_info'><div class='post_info_header'><div class='post_info_meta'><\/div><div class='post_info_divider'><\/div><\/div><h4 class='post_title post_post_title posts_grid_post_title'><a href='https:\/\/www.stopgrup.com\/fr\/stop-group-bulgaristan\/'>Stop Group \u2013 Bulgaristan<\/a><\/h4><div class='post_content post_post_content posts_grid_post_content clearfix'><\/div><div class='post_info_footer'><\/div><\/div><\/div><\/article><article id='post_post_69e7f74ef0b6c' class=\"item post no_likes post_post posts_grid_post  post-5684 type-post status-publish format-standard has-post-thumbnail hentry category-bizden-haberler\"><div class='post_wrapper post_post_wrapper posts_grid_post_wrapper clearfix'><div class='post_media post_post_media posts_grid_post_media'><div class='pic'><img src='https:\/\/www.stopgrup.com\/fr\/wp-content\/uploads\/2021\/05\/7498-50299072_2538521252831119_4469793278358716416_o-1_01e001e01_5693.jpeg' data-no-retina  alt='7498-50299072_2538521252831119_4469793278358716416_o' \/><div class='hover-effect'><\/div><div class='plus_wrapper'><span><\/span><span><\/span><\/div><a class='link_area_post_media post_media_link post_post_media_link posts_grid_post_media_link' href='https:\/\/www.stopgrup.com\/fr\/2019-dubai-fuari-intersec\/'><\/a><\/div><\/div><div class='post_post_info posts_grid_post_info'><div class='post_info_header'><div class='post_info_meta'><\/div><div class='post_info_divider'><\/div><\/div><h4 class='post_title post_post_title posts_grid_post_title'><a href='https:\/\/www.stopgrup.com\/fr\/2019-dubai-fuari-intersec\/'>2019 Dubai Fuar\u0131 \u2013 INTERSEC<\/a><\/h4><div class='post_content post_post_content posts_grid_post_content clearfix'><\/div><div class='post_info_footer'><\/div><\/div><\/div><\/article><article id='post_post_69e7f74ef1832' class=\"item post no_likes post_post posts_grid_post  post-5681 type-post status-publish format-standard has-post-thumbnail hentry category-bizden-haberler\"><div class='post_wrapper post_post_wrapper posts_grid_post_wrapper clearfix'><div class='post_media post_post_media posts_grid_post_media'><div class='pic'><img src='https:\/\/www.stopgrup.com\/fr\/wp-content\/uploads\/2021\/05\/18990-48984814_2504095659607012_4617647463099006976_o-736x414-1_01e001e01_5682.jpeg' data-no-retina  alt='18990-48984814_2504095659607012_4617647463099006976_o-736&#215;414' \/><div class='hover-effect'><\/div><div class='plus_wrapper'><span><\/span><span><\/span><\/div><a class='link_area_post_media post_media_link post_post_media_link posts_grid_post_media_link' href='https:\/\/www.stopgrup.com\/fr\/2018-yil-sonu-kahvaltisi\/'><\/a><\/div><\/div><div class='post_post_info posts_grid_post_info'><div class='post_info_header'><div class='post_info_meta'><\/div><div class='post_info_divider'><\/div><\/div><h4 class='post_title post_post_title posts_grid_post_title'><a href='https:\/\/www.stopgrup.com\/fr\/2018-yil-sonu-kahvaltisi\/'>2018 Y\u0131l Sonu Kahvalt\u0131s\u0131<\/a><\/h4><div class='post_content post_post_content posts_grid_post_content clearfix'><\/div><div class='post_info_footer'><\/div><\/div><\/div><\/article><article id='post_post_69e7f74ef23c0' class=\"item post no_likes post_post posts_grid_post  post-5678 type-post status-publish format-standard has-post-thumbnail hentry category-bizden-haberler\"><div class='post_wrapper post_post_wrapper posts_grid_post_wrapper clearfix'><div class='post_media post_post_media posts_grid_post_media'><div class='pic'><img src='https:\/\/www.stopgrup.com\/fr\/wp-content\/uploads\/2021\/05\/73554261-77c4-4e07-a123-90efe81a9b51-original_01e001e01_5679.jpeg' data-no-retina  alt='73554261-77c4-4e07-a123-90efe81a9b51-original' \/><div class='hover-effect'><\/div><div class='plus_wrapper'><span><\/span><span><\/span><\/div><a class='link_area_post_media post_media_link post_post_media_link posts_grid_post_media_link' href='https:\/\/www.stopgrup.com\/fr\/2018-istanbul-fuari-expo\/'><\/a><\/div><\/div><div class='post_post_info posts_grid_post_info'><div class='post_info_header'><div class='post_info_meta'><\/div><div class='post_info_divider'><\/div><\/div><h4 class='post_title post_post_title posts_grid_post_title'><a href='https:\/\/www.stopgrup.com\/fr\/2018-istanbul-fuari-expo\/'>2018 \u0130stanbul Fuar\u0131 \u2013 Expo<\/a><\/h4><div class='post_content post_post_content posts_grid_post_content clearfix'><\/div><div class='post_info_footer'><\/div><\/div><\/div><\/article><article id='post_post_69e7f74ef3257' class=\"item post no_likes post_post posts_grid_post  post-5675 type-post status-publish format-standard has-post-thumbnail hentry category-bizden-haberler\"><div class='post_wrapper post_post_wrapper posts_grid_post_wrapper clearfix'><div class='post_media post_post_media posts_grid_post_media'><div class='pic'><img src='https:\/\/www.stopgrup.com\/fr\/wp-content\/uploads\/2021\/05\/yaz-736x414-1_01e001e01_5676.png' data-no-retina  alt='yaz-736&#215;414' \/><div class='hover-effect'><\/div><div class='plus_wrapper'><span><\/span><span><\/span><\/div><a class='link_area_post_media post_media_link post_post_media_link posts_grid_post_media_link' href='https:\/\/www.stopgrup.com\/fr\/yaza-merhaba-etkinligi\/'><\/a><\/div><\/div><div class='post_post_info posts_grid_post_info'><div class='post_info_header'><div class='post_info_meta'><\/div><div class='post_info_divider'><\/div><\/div><h4 class='post_title post_post_title posts_grid_post_title'><a href='https:\/\/www.stopgrup.com\/fr\/yaza-merhaba-etkinligi\/'>Yaza Merhaba Etkinli\u011fi<\/a><\/h4><div class='post_content post_post_content posts_grid_post_content clearfix'><\/div><div class='post_info_footer'><\/div><\/div><\/div><\/article><article id='post_post_69e7f74ef3dbf' class=\"item post no_likes post_post posts_grid_post  post-5672 type-post status-publish format-standard has-post-thumbnail hentry category-bizden-haberler\"><div class='post_wrapper post_post_wrapper posts_grid_post_wrapper clearfix'><div class='post_media post_post_media posts_grid_post_media'><div class='pic'><img src='https:\/\/www.stopgrup.com\/fr\/wp-content\/uploads\/2021\/05\/yonetim-736x414-1_01e001e01_5673.png' data-no-retina  alt='yonetim-736&#215;414' \/><div class='hover-effect'><\/div><div class='plus_wrapper'><span><\/span><span><\/span><\/div><a class='link_area_post_media post_media_link post_post_media_link posts_grid_post_media_link' href='https:\/\/www.stopgrup.com\/fr\/yonetim-kurulu-baskanimizin-roportaji\/'><\/a><\/div><\/div><div class='post_post_info posts_grid_post_info'><div class='post_info_header'><div class='post_info_meta'><\/div><div class='post_info_divider'><\/div><\/div><h4 class='post_title post_post_title posts_grid_post_title'><a href='https:\/\/www.stopgrup.com\/fr\/yonetim-kurulu-baskanimizin-roportaji\/'>Y\u00f6netim Kurulu Ba\u015fkan\u0131m\u0131z\u0131n R\u00f6portaj\u0131<\/a><\/h4><div class='post_content post_post_content posts_grid_post_content clearfix'><\/div><div class='post_info_footer'><\/div><\/div><\/div><\/article><article id='post_post_69e7f74f007da' class=\"item post no_likes post_post posts_grid_post  post-5669 type-post status-publish format-standard has-post-thumbnail hentry category-bizden-haberler\"><div class='post_wrapper post_post_wrapper posts_grid_post_wrapper clearfix'><div class='post_media post_post_media posts_grid_post_media'><div class='pic'><img src='https:\/\/www.stopgrup.com\/fr\/wp-content\/uploads\/2021\/05\/2_01e001e01_5670.jpg' data-no-retina  alt='2' \/><div class='hover-effect'><\/div><div class='plus_wrapper'><span><\/span><span><\/span><\/div><a class='link_area_post_media post_media_link post_post_media_link posts_grid_post_media_link' href='https:\/\/www.stopgrup.com\/fr\/2018-londra-fuari-ifsec\/'><\/a><\/div><\/div><div class='post_post_info posts_grid_post_info'><div class='post_info_header'><div class='post_info_meta'><\/div><div class='post_info_divider'><\/div><\/div><h4 class='post_title post_post_title posts_grid_post_title'><a href='https:\/\/www.stopgrup.com\/fr\/2018-londra-fuari-ifsec\/'>2018 Londra Fuar\u0131 \u2013 IFSEC<\/a><\/h4><div class='post_content post_post_content posts_grid_post_content clearfix'><\/div><div class='post_info_footer'><\/div><\/div><\/div><\/article><article id='post_post_69e7f74f0169f' class=\"item post no_likes post_post posts_grid_post  post-5666 type-post status-publish format-standard has-post-thumbnail hentry category-bizden-haberler\"><div class='post_wrapper post_post_wrapper posts_grid_post_wrapper clearfix'><div class='post_media post_post_media posts_grid_post_media'><div class='pic'><img src='https:\/\/www.stopgrup.com\/fr\/wp-content\/uploads\/2021\/05\/28871824_1635955266493576_2728440153025544192_n_01e001e01_5667.jpg' data-no-retina  alt='28871824_1635955266493576_2728440153025544192_n' \/><div class='hover-effect'><\/div><div class='plus_wrapper'><span><\/span><span><\/span><\/div><a class='link_area_post_media post_media_link post_post_media_link posts_grid_post_media_link' href='https:\/\/www.stopgrup.com\/fr\/2018-ankara-fuari\/'><\/a><\/div><\/div><div class='post_post_info posts_grid_post_info'><div class='post_info_header'><div class='post_info_meta'><\/div><div class='post_info_divider'><\/div><\/div><h4 class='post_title post_post_title posts_grid_post_title'><a href='https:\/\/www.stopgrup.com\/fr\/2018-ankara-fuari\/'>2018 Ankara Fuar\u0131<\/a><\/h4><div class='post_content post_post_content posts_grid_post_content clearfix'><\/div><div class='post_info_footer'><\/div><\/div><\/div><\/article><article id='post_post_69e7f74f02444' class=\"item post no_likes post_post posts_grid_post  post-5663 type-post status-publish format-standard has-post-thumbnail hentry category-bizden-haberler\"><div class='post_wrapper post_post_wrapper posts_grid_post_wrapper clearfix'><div class='post_media post_post_media posts_grid_post_media'><div class='pic'><img src='https:\/\/www.stopgrup.com\/fr\/wp-content\/uploads\/2021\/05\/30688219_1677299939025775_7434918320173744128_n_01e001e01_5664.jpg' data-no-retina  alt='30688219_1677299939025775_7434918320173744128_n' \/><div class='hover-effect'><\/div><div class='plus_wrapper'><span><\/span><span><\/span><\/div><a class='link_area_post_media post_media_link post_post_media_link posts_grid_post_media_link' href='https:\/\/www.stopgrup.com\/fr\/2018-dubai-fuari-intersec\/'><\/a><\/div><\/div><div class='post_post_info posts_grid_post_info'><div class='post_info_header'><div class='post_info_meta'><\/div><div class='post_info_divider'><\/div><\/div><h4 class='post_title post_post_title posts_grid_post_title'><a href='https:\/\/www.stopgrup.com\/fr\/2018-dubai-fuari-intersec\/'>2018 Dubai Fuar\u0131 \u2013 INTERSEC<\/a><\/h4><div class='post_content post_post_content posts_grid_post_content clearfix'><\/div><div class='post_info_footer'><\/div><\/div><\/div><\/article><article id='post_post_69e7f74f03376' class=\"item post no_likes post_post posts_grid_post  post-5660 type-post status-publish format-standard has-post-thumbnail hentry category-bizden-haberler\"><div class='post_wrapper post_post_wrapper posts_grid_post_wrapper clearfix'><div class='post_media post_post_media posts_grid_post_media'><div class='pic'><img src='https:\/\/www.stopgrup.com\/fr\/wp-content\/uploads\/2021\/05\/ifsec-2017-lonrda-guvenlik-fuari-stop-bariyer-road-blocker-mantar-bariyer-07_01e001e01_5661.jpeg' data-no-retina  alt='ifsec-2017-lonrda-guvenlik-fuari-stop-bariyer-road-blocker-mantar-bariyer-07' \/><div class='hover-effect'><\/div><div class='plus_wrapper'><span><\/span><span><\/span><\/div><a class='link_area_post_media post_media_link post_post_media_link posts_grid_post_media_link' href='https:\/\/www.stopgrup.com\/fr\/2017-londra-fuari-ifsec\/'><\/a><\/div><\/div><div class='post_post_info posts_grid_post_info'><div class='post_info_header'><div class='post_info_meta'><\/div><div class='post_info_divider'><\/div><\/div><h4 class='post_title post_post_title posts_grid_post_title'><a href='https:\/\/www.stopgrup.com\/fr\/2017-londra-fuari-ifsec\/'>2017 Londra Fuar\u0131 \u2013 IFSEC<\/a><\/h4><div class='post_content post_post_content posts_grid_post_content clearfix'><\/div><div class='post_info_footer'><\/div><\/div><\/div><\/article><article id='post_post_69e7f74f0427c' class=\"item post no_likes post_post posts_grid_post  post-5657 type-post status-publish format-standard has-post-thumbnail hentry category-bizden-haberler\"><div class='post_wrapper post_post_wrapper posts_grid_post_wrapper clearfix'><div class='post_media post_post_media posts_grid_post_media'><div class='pic'><img src='https:\/\/www.stopgrup.com\/fr\/wp-content\/uploads\/2021\/05\/milliyet-04_01e001e01_5658.jpg' data-no-retina  alt='milliyet-04' \/><div class='hover-effect'><\/div><div class='plus_wrapper'><span><\/span><span><\/span><\/div><a class='link_area_post_media post_media_link post_post_media_link posts_grid_post_media_link' href='https:\/\/www.stopgrup.com\/fr\/aydin-universitesi-sunum\/'><\/a><\/div><\/div><div class='post_post_info posts_grid_post_info'><div class='post_info_header'><div class='post_info_meta'><\/div><div class='post_info_divider'><\/div><\/div><h4 class='post_title post_post_title posts_grid_post_title'><a href='https:\/\/www.stopgrup.com\/fr\/aydin-universitesi-sunum\/'>Ayd\u0131n \u00dcniversitesi Sunum<\/a><\/h4><div class='post_content post_post_content posts_grid_post_content clearfix'><\/div><div class='post_info_footer'><\/div><\/div><\/div><\/article><\/div><div  class='cws_loader_holder'><div  class='cws_loader'>\t\t\t\t<svg width='104px' height='104px' xmlns=\"http:\/\/www.w3.org\/2000\/svg\" viewBox=\"0 0 100 100\" preserveAspectRatio=\"xMidYMid\" class=\"uil-default\"><rect x=\"0\" y=\"0\" width=\"100\" height=\"100\" fill=\"none\" class=\"bk\"><\/rect><rect  x='46.5' y='40' width='7' height='20' rx='5' ry='5' fill='#000000' transform='rotate(0 50 50) translate(0 -30)'>  <animate attributeName='opacity' from='1' to='0' dur='1s' begin='0s' repeatCount='indefinite'\/><\/rect><rect  x='46.5' y='40' width='7' height='20' rx='5' ry='5' fill='#000000' transform='rotate(30 50 50) translate(0 -30)'>  <animate attributeName='opacity' from='1' to='0' dur='1s' begin='0.08333333333333333s' repeatCount='indefinite'\/><\/rect><rect  x='46.5' y='40' width='7' height='20' rx='5' ry='5' fill='#000000' transform='rotate(60 50 50) translate(0 -30)'>  <animate attributeName='opacity' from='1' to='0' dur='1s' begin='0.16666666666666666s' repeatCount='indefinite'\/><\/rect><rect  x='46.5' y='40' width='7' height='20' rx='5' ry='5' fill='#000000' transform='rotate(90 50 50) translate(0 -30)'>  <animate attributeName='opacity' from='1' to='0' dur='1s' begin='0.25s' repeatCount='indefinite'\/><\/rect><rect  x='46.5' y='40' width='7' height='20' rx='5' ry='5' fill='#000000' transform='rotate(120 50 50) translate(0 -30)'>  <animate attributeName='opacity' from='1' to='0' dur='1s' begin='0.3333333333333333s' repeatCount='indefinite'\/><\/rect><rect  x='46.5' y='40' width='7' height='20' rx='5' ry='5' fill='#000000' transform='rotate(150 50 50) translate(0 -30)'>  <animate attributeName='opacity' from='1' to='0' dur='1s' begin='0.4166666666666667s' repeatCount='indefinite'\/><\/rect><rect  x='46.5' y='40' width='7' height='20' rx='5' ry='5' fill='#000000' transform='rotate(180 50 50) translate(0 -30)'>  <animate attributeName='opacity' from='1' to='0' dur='1s' begin='0.5s' repeatCount='indefinite'\/><\/rect><rect  x='46.5' y='40' width='7' height='20' rx='5' ry='5' fill='#000000' transform='rotate(210 50 50) translate(0 -30)'>  <animate attributeName='opacity' from='1' to='0' dur='1s' begin='0.5833333333333334s' repeatCount='indefinite'\/><\/rect><rect  x='46.5' y='40' width='7' height='20' rx='5' ry='5' fill='#000000' transform='rotate(240 50 50) translate(0 -30)'>  <animate attributeName='opacity' from='1' to='0' dur='1s' begin='0.6666666666666666s' repeatCount='indefinite'\/><\/rect><rect  x='46.5' y='40' width='7' height='20' rx='5' ry='5' fill='#000000' transform='rotate(270 50 50) translate(0 -30)'>  <animate attributeName='opacity' from='1' to='0' dur='1s' begin='0.75s' repeatCount='indefinite'\/><\/rect><rect  x='46.5' y='40' width='7' height='20' rx='5' ry='5' fill='#000000' transform='rotate(300 50 50) translate(0 -30)'>  <animate attributeName='opacity' from='1' to='0' dur='1s' begin='0.8333333333333334s' repeatCount='indefinite'\/><\/rect><rect  x='46.5' y='40' width='7' height='20' rx='5' ry='5' fill='#000000' transform='rotate(330 50 50) translate(0 -30)'>  <animate attributeName='opacity' from='1' to='0' dur='1s' begin='0.9166666666666666s' repeatCount='indefinite'\/><\/rect><\/svg>\n\t\t\t\t<\/div><\/div><\/div>\n\t\t<div class=\"pagination\">\n\t\t\t<div class='page_links'>\n\t\t\t<span aria-current=\"page\" class=\"page-numbers current\">1<\/span>\n<a class=\"page-numbers\" href=\"https:\/\/www.stopgrup.com\/fr\/wp-json\/wp\/v2\/pages\/3800\/page\/2\/\">2<\/a>\n<a class=\"next page-numbers\" href=\"https:\/\/www.stopgrup.com\/fr\/wp-json\/wp\/v2\/pages\/3800\/page\/2\/\"><i class=''><\/i><\/a>\t\t\t<\/div>\n\t\t<\/div>\n\t\t<form id='posts_grid_69e7f74eebce0_data' class='ajax_data_form cws_blog_ajax_data_form posts_grid_ajax_data_form'><input type='hidden' id='posts_grid_69e7f74eebce0_ajax_data' class='ajax_data cws_blog_ajax_data posts_grid_ajax_data' name='posts_grid_69e7f74eebce0_ajax_data' value='{\"section_id\":\"posts_grid_69e7f74eebce0\",\"post_type\":\"post\",\"post_hide_meta\":[\"cats\",\"tags\",\"author\",\"likes\",\"date\",\"comments\",\"social\"],\"layout\":\"4\",\"sb_layout\":\"no_sidebars\",\"total_items_count\":100,\"hover_effects\":\" hovernone\",\"items_pp\":12,\"page\":1,\"max_paged\":2,\"tax\":\"category\",\"terms\":[\"bizden-haberler\"],\"huge_layout\":null,\"current_filter_val\":\"_all_\",\"addl_query_args\":[],\"full_width\":false,\"pagination_grid\":\"\",\"related_items\":\"\",\"more_btn_text\":\"Read More\",\"link_show\":\"dots\",\"crop_featured\":\"1\",\"is_masonry\":false,\"chars_count\":\"75\"}' \/><\/form><\/section>[\/vc_column][\/vc_row]\n","protected":false},"excerpt":{"rendered":"","protected":false},"author":1,"featured_media":0,"parent":0,"menu_order":0,"comment_status":"closed","ping_status":"closed","template":"","meta":[],"yoast_head":"<!-- This site is optimized with the Yoast SEO plugin v16.4 - https:\/\/yoast.com\/wordpress\/plugins\/seo\/ -->\n<title>Dans la Presse - Stop Grup Syst\u00e8mes de Cl\u00f4ture et de Barri\u00e8re<\/title>\n<meta name=\"robots\" content=\"index, follow, max-snippet:-1, max-image-preview:large, max-video-preview:-1\" \/>\n<link rel=\"canonical\" href=\"https:\/\/www.stopgrup.com\/fr\/dans-la-presse\/\" \/>\n<meta property=\"og:locale\" content=\"tr_TR\" \/>\n<meta property=\"og:type\" content=\"article\" \/>\n<meta property=\"og:title\" content=\"Dans la Presse - Stop Grup Syst\u00e8mes de Cl\u00f4ture et de Barri\u00e8re\" \/>\n<meta property=\"og:url\" content=\"https:\/\/www.stopgrup.com\/fr\/dans-la-presse\/\" \/>\n<meta property=\"og:site_name\" content=\"Stop Grup Syst\u00e8mes de Cl\u00f4ture et de Barri\u00e8re\" \/>\n<meta property=\"article:modified_time\" content=\"2021-07-07T06:44:56+00:00\" \/>\n<meta name=\"twitter:card\" content=\"summary_large_image\" \/>\n<meta name=\"twitter:label1\" content=\"Tahmini okuma s\u00fcresi\" \/>\n\t<meta name=\"twitter:data1\" content=\"1 dakika\" \/>\n<script type=\"application\/ld+json\" class=\"yoast-schema-graph\">{\"@context\":\"https:\/\/schema.org\",\"@graph\":[{\"@type\":\"WebSite\",\"@id\":\"https:\/\/www.stopgrup.com\/fr\/#website\",\"url\":\"https:\/\/www.stopgrup.com\/fr\/\",\"name\":\"Stop Grup Syst\\u00e8mes de Cl\\u00f4ture et de Barri\\u00e8re\",\"description\":\"\",\"potentialAction\":[{\"@type\":\"SearchAction\",\"target\":\"https:\/\/www.stopgrup.com\/fr\/?s={search_term_string}\",\"query-input\":\"required name=search_term_string\"}],\"inLanguage\":\"tr\"},{\"@type\":\"WebPage\",\"@id\":\"https:\/\/www.stopgrup.com\/fr\/dans-la-presse\/#webpage\",\"url\":\"https:\/\/www.stopgrup.com\/fr\/dans-la-presse\/\",\"name\":\"Dans la Presse - Stop Grup Syst\\u00e8mes de Cl\\u00f4ture et de Barri\\u00e8re\",\"isPartOf\":{\"@id\":\"https:\/\/www.stopgrup.com\/fr\/#website\"},\"datePublished\":\"2021-02-04T14:33:26+00:00\",\"dateModified\":\"2021-07-07T06:44:56+00:00\",\"breadcrumb\":{\"@id\":\"https:\/\/www.stopgrup.com\/fr\/dans-la-presse\/#breadcrumb\"},\"inLanguage\":\"tr\",\"potentialAction\":[{\"@type\":\"ReadAction\",\"target\":[\"https:\/\/www.stopgrup.com\/fr\/dans-la-presse\/\"]}]},{\"@type\":\"BreadcrumbList\",\"@id\":\"https:\/\/www.stopgrup.com\/fr\/dans-la-presse\/#breadcrumb\",\"itemListElement\":[{\"@type\":\"ListItem\",\"position\":1,\"item\":{\"@type\":\"WebPage\",\"@id\":\"https:\/\/www.stopgrup.com\/fr\/\",\"url\":\"https:\/\/www.stopgrup.com\/fr\/\",\"name\":\"Anasayfa\"}},{\"@type\":\"ListItem\",\"position\":2,\"item\":{\"@id\":\"https:\/\/www.stopgrup.com\/fr\/dans-la-presse\/#webpage\"}}]}]}<\/script>\n<!-- \/ Yoast SEO plugin. -->","_links":{"self":[{"href":"https:\/\/www.stopgrup.com\/fr\/wp-json\/wp\/v2\/pages\/3800"}],"collection":[{"href":"https:\/\/www.stopgrup.com\/fr\/wp-json\/wp\/v2\/pages"}],"about":[{"href":"https:\/\/www.stopgrup.com\/fr\/wp-json\/wp\/v2\/types\/page"}],"author":[{"embeddable":true,"href":"https:\/\/www.stopgrup.com\/fr\/wp-json\/wp\/v2\/users\/1"}],"replies":[{"embeddable":true,"href":"https:\/\/www.stopgrup.com\/fr\/wp-json\/wp\/v2\/comments?post=3800"}],"version-history":[{"count":10,"href":"https:\/\/www.stopgrup.com\/fr\/wp-json\/wp\/v2\/pages\/3800\/revisions"}],"predecessor-version":[{"id":6912,"href":"https:\/\/www.stopgrup.com\/fr\/wp-json\/wp\/v2\/pages\/3800\/revisions\/6912"}],"wp:attachment":[{"href":"https:\/\/www.stopgrup.com\/fr\/wp-json\/wp\/v2\/media?parent=3800"}],"curies":[{"name":"wp","href":"https:\/\/api.w.org\/{rel}","templated":true}]}}