{"id":3858,"date":"2021-02-10T08:44:38","date_gmt":"2021-02-10T05:44:38","guid":{"rendered":"http:\/\/www.maltepedekimatbaalar.com\/?page_id=3858"},"modified":"2021-07-08T12:17:13","modified_gmt":"2021-07-08T09:17:13","slug":"borne-escamotable-hydraulique","status":"publish","type":"page","link":"https:\/\/www.stopgrup.com\/fr\/borne-escamotable-hydraulique\/","title":{"rendered":"Borne Escamotable Hydraulique"},"content":{"rendered":"[vc_row full_width=&#8221;stretch_row_content_no_spaces&#8221;][vc_column]<div id='banner_id_69e89b01e03a1' class='banner style_1'><div class='banner_wrapper button-default a-center' style='background-image:url(https:\/\/www.stopgrup.com\/fr\/wp-content\/uploads\/2020\/12\/text-bg-1.jpg);'><div class='banner_table'><div class='banner_cell'><h3 class='banner_title' style='color:#b5b5b5'><span class='banner_title_text'>Borne Escamotable Hydraulique<\/span><\/h3><\/div><\/div><\/div><\/div><div class=\"cws_spacing\"><div class=\"cws_spacing cws_spacing_default\" style=\"height:32px;\"><\/div><\/div>[\/vc_column][\/vc_row][vc_row][vc_column width=&#8221;1\/2&#8243;][vc_toggle title=&#8221;Borne Escamotable Hydraulique&#8221; open=&#8221;true&#8221; custom_font_container=&#8221;tag:h4|font_size:10px|text_align:left&#8221; custom_use_theme_fonts=&#8221;yes&#8221;]\n<ul>\n<li>Tension de fonctionnement : 380 Vca 50 Hz<\/li>\n<li>Puissance moteur : 1,5 &#8211; 3 &#8211; 4 &#8211; 5kW<\/li>\n<li>Par op\u00e9ration, min\/max : 20\/180<\/li>\n<li>Syst\u00e8me d&#8217;entra\u00eenement : Hydraulique<\/li>\n<li>Piston de levage : 40 x 600 x 25<\/li>\n<li>Tuyau Hydraulique : R2 (Double H\u00e9lice) 400 Bar<\/li>\n<li>Continuit\u00e9 de la durabilit\u00e9 : % 100<\/li>\n<li>Temp\u00e9rature de fonctionnement : -20 + 55<\/li>\n<li>Indice de protection : IP68<\/li>\n<li>Vitesse de fonctionnement : 3\/8\u201d cm\/s<\/li>\n<li>Syst\u00e8me de s\u00e9curit\u00e9 : capteur de boucle, cellule photo\u00e9lectrique de s\u00e9curit\u00e9, lumi\u00e8re LED<\/li>\n<li>Corps : \u00d8323mm ST37 4 mm Acier<\/li>\n<li>Pi\u00e8ce de barri\u00e8re mobile : \u00d8273 St44 10mm Dessus en acier 2mm CR304 sta. acier<\/li>\n<li>Rev\u00eatement de surface : Toutes les surfaces sont galvanis\u00e9es \u00e0 chaud,avec 2 mm d&#8217;acier inoxydable CR304<\/li>\n<li>Assemblage : B\u00e9ton coul\u00e9 entourant la base durcie<\/li>\n<li>Commandes : Carte micro-processeur, t\u00e9l\u00e9commande<\/li>\n<\/ul>\n[\/vc_toggle][\/vc_column][vc_column width=&#8221;1\/12&#8243; offset=&#8221;vc_col-lg-6&#8243;][vc_images_carousel images=&#8221;3647&#8243; img_size=&#8221;full&#8221; autoplay=&#8221;yes&#8221; hide_pagination_control=&#8221;yes&#8221; wrap=&#8221;yes&#8221;][\/vc_column][\/vc_row][vc_row][vc_column]<div class=\"cws_spacing\"><div class=\"cws_spacing cws_spacing_default\" style=\"height:32px;\"><\/div><\/div>[\/vc_column][\/vc_row]\n","protected":false},"excerpt":{"rendered":"<p>[vc_row full_width=&#8221;stretch_row_content_no_spaces&#8221;][vc_column][\/vc_column][\/vc_row][vc_row][vc_column width=&#8221;1\/2&#8243;][vc_toggle title=&#8221;Borne Escamotable Hydraulique&#8221; open=&#8221;true&#8221; custom_font_container=&#8221;tag:h4|font_size:10px|text_align:left&#8221; custom_use_theme_fonts=&#8221;yes&#8221;] Tension de fonctionnement : 380 Vca 50 Hz Puissance moteur : 1,5 &#8211; 3 &#8211; 4 &#8211; 5kW Par op\u00e9ration, min\/max : 20\/180 Syst\u00e8me d&#8217;entra\u00eenement : Hydraulique Piston de levage : 40 x 600 x 25 Tuyau Hydraulique : R2 (Double H\u00e9lice) 400 Bar Continuit\u00e9 de la durabilit\u00e9 : % 100 Temp\u00e9rature de fonctionnement : -20 + 55 Indice de protection : IP68 Vitesse de fonctionnement : 3\/8\u201d cm\/s Syst\u00e8me de s\u00e9curit\u00e9 : capteur de boucle, cellule photo\u00e9lectrique de s\u00e9curit\u00e9, lumi\u00e8re LED Corps : \u00d8323mm ST37 4 mm Acier Pi\u00e8ce de barri\u00e8re mobile : \u00d8273 St44 10mm Dessus en acier 2mm CR304 sta. acier Rev\u00eatement de surface : Toutes les surfaces sont galvanis\u00e9es \u00e0 chaud,avec 2 mm d&#8217;acier inoxydable CR304 Assemblage : B\u00e9ton coul\u00e9 entourant la base durcie Commandes : Carte micro-processeur, t\u00e9l\u00e9commande [\/vc_toggle][\/vc_column][vc_column width=&#8221;1\/12&#8243; offset=&#8221;vc_col-lg-6&#8243;][vc_images_carousel images=&#8221;3647&#8243; img_size=&#8221;full&#8221; autoplay=&#8221;yes&#8221; hide_pagination_control=&#8221;yes&#8221; wrap=&#8221;yes&#8221;][\/vc_column][\/vc_row][vc_row][vc_column][\/vc_column][\/vc_row]<\/p>\n","protected":false},"author":1,"featured_media":3647,"parent":0,"menu_order":0,"comment_status":"closed","ping_status":"closed","template":"","meta":[],"yoast_head":"<!-- This site is optimized with the Yoast SEO plugin v16.4 - https:\/\/yoast.com\/wordpress\/plugins\/seo\/ -->\n<title>Borne Escamotable Hydraulique - Stop Grup Syst\u00e8mes de Cl\u00f4ture et de Barri\u00e8re<\/title>\n<meta name=\"robots\" content=\"index, follow, max-snippet:-1, max-image-preview:large, max-video-preview:-1\" \/>\n<link rel=\"canonical\" href=\"https:\/\/www.stopgrup.com\/fr\/borne-escamotable-hydraulique\/\" \/>\n<meta property=\"og:locale\" content=\"tr_TR\" \/>\n<meta property=\"og:type\" content=\"article\" \/>\n<meta property=\"og:title\" content=\"Borne Escamotable Hydraulique - Stop Grup Syst\u00e8mes de Cl\u00f4ture et de Barri\u00e8re\" \/>\n<meta property=\"og:description\" content=\"[vc_row full_width=&#8221;stretch_row_content_no_spaces&#8221;][vc_column][\/vc_column][\/vc_row][vc_row][vc_column width=&#8221;1\/2&#8243;][vc_toggle title=&#8221;Borne Escamotable Hydraulique&#8221; open=&#8221;true&#8221; custom_font_container=&#8221;tag:h4|font_size:10px|text_align:left&#8221; custom_use_theme_fonts=&#8221;yes&#8221;] Tension de fonctionnement : 380 Vca 50 Hz Puissance moteur : 1,5 &#8211; 3 &#8211; 4 &#8211; 5kW Par op\u00e9ration, min\/max : 20\/180 Syst\u00e8me d&#8217;entra\u00eenement : Hydraulique Piston de levage : 40 x 600 x 25 Tuyau Hydraulique : R2 (Double H\u00e9lice) 400 Bar Continuit\u00e9 de la durabilit\u00e9 : % 100 Temp\u00e9rature de fonctionnement : -20 + 55 Indice de protection : IP68 Vitesse de fonctionnement : 3\/8\u201d cm\/s Syst\u00e8me de s\u00e9curit\u00e9 : capteur de boucle, cellule photo\u00e9lectrique de s\u00e9curit\u00e9, lumi\u00e8re LED Corps : \u00d8323mm ST37 4 mm Acier Pi\u00e8ce de barri\u00e8re mobile : \u00d8273 St44 10mm Dessus en acier 2mm CR304 sta. acier Rev\u00eatement de surface : Toutes les surfaces sont galvanis\u00e9es \u00e0 chaud,avec 2 mm d&#8217;acier inoxydable CR304 Assemblage : B\u00e9ton coul\u00e9 entourant la base durcie Commandes : Carte micro-processeur, t\u00e9l\u00e9commande [\/vc_toggle][\/vc_column][vc_column width=&#8221;1\/12&#8243; offset=&#8221;vc_col-lg-6&#8243;][vc_images_carousel images=&#8221;3647&#8243; img_size=&#8221;full&#8221; autoplay=&#8221;yes&#8221; hide_pagination_control=&#8221;yes&#8221; wrap=&#8221;yes&#8221;][\/vc_column][\/vc_row][vc_row][vc_column][\/vc_column][\/vc_row]\" \/>\n<meta property=\"og:url\" content=\"https:\/\/www.stopgrup.com\/fr\/borne-escamotable-hydraulique\/\" \/>\n<meta property=\"og:site_name\" content=\"Stop Grup Syst\u00e8mes de Cl\u00f4ture et de Barri\u00e8re\" \/>\n<meta property=\"article:modified_time\" content=\"2021-07-08T09:17:13+00:00\" \/>\n<meta property=\"og:image\" content=\"https:\/\/www.stopgrup.com\/fr\/wp-content\/uploads\/2021\/01\/manuel-mantar-bariyer.jpg\" \/>\n\t<meta property=\"og:image:width\" content=\"737\" \/>\n\t<meta property=\"og:image:height\" content=\"415\" \/>\n<meta name=\"twitter:card\" content=\"summary_large_image\" \/>\n<meta name=\"twitter:label1\" content=\"Tahmini okuma s\u00fcresi\" \/>\n\t<meta name=\"twitter:data1\" content=\"1 dakika\" \/>\n<script type=\"application\/ld+json\" class=\"yoast-schema-graph\">{\"@context\":\"https:\/\/schema.org\",\"@graph\":[{\"@type\":\"WebSite\",\"@id\":\"https:\/\/www.stopgrup.com\/fr\/#website\",\"url\":\"https:\/\/www.stopgrup.com\/fr\/\",\"name\":\"Stop Grup Syst\\u00e8mes de Cl\\u00f4ture et de Barri\\u00e8re\",\"description\":\"\",\"potentialAction\":[{\"@type\":\"SearchAction\",\"target\":\"https:\/\/www.stopgrup.com\/fr\/?s={search_term_string}\",\"query-input\":\"required name=search_term_string\"}],\"inLanguage\":\"tr\"},{\"@type\":\"ImageObject\",\"@id\":\"https:\/\/www.stopgrup.com\/fr\/borne-escamotable-hydraulique\/#primaryimage\",\"inLanguage\":\"tr\",\"url\":\"https:\/\/www.stopgrup.com\/fr\/wp-content\/uploads\/2021\/01\/manuel-mantar-bariyer.jpg\",\"contentUrl\":\"https:\/\/www.stopgrup.com\/fr\/wp-content\/uploads\/2021\/01\/manuel-mantar-bariyer.jpg\",\"width\":737,\"height\":415,\"caption\":\"manuel mantar bariyer\"},{\"@type\":\"WebPage\",\"@id\":\"https:\/\/www.stopgrup.com\/fr\/borne-escamotable-hydraulique\/#webpage\",\"url\":\"https:\/\/www.stopgrup.com\/fr\/borne-escamotable-hydraulique\/\",\"name\":\"Borne Escamotable Hydraulique - Stop Grup Syst\\u00e8mes de Cl\\u00f4ture et de Barri\\u00e8re\",\"isPartOf\":{\"@id\":\"https:\/\/www.stopgrup.com\/fr\/#website\"},\"primaryImageOfPage\":{\"@id\":\"https:\/\/www.stopgrup.com\/fr\/borne-escamotable-hydraulique\/#primaryimage\"},\"datePublished\":\"2021-02-10T05:44:38+00:00\",\"dateModified\":\"2021-07-08T09:17:13+00:00\",\"breadcrumb\":{\"@id\":\"https:\/\/www.stopgrup.com\/fr\/borne-escamotable-hydraulique\/#breadcrumb\"},\"inLanguage\":\"tr\",\"potentialAction\":[{\"@type\":\"ReadAction\",\"target\":[\"https:\/\/www.stopgrup.com\/fr\/borne-escamotable-hydraulique\/\"]}]},{\"@type\":\"BreadcrumbList\",\"@id\":\"https:\/\/www.stopgrup.com\/fr\/borne-escamotable-hydraulique\/#breadcrumb\",\"itemListElement\":[{\"@type\":\"ListItem\",\"position\":1,\"item\":{\"@type\":\"WebPage\",\"@id\":\"https:\/\/www.stopgrup.com\/fr\/\",\"url\":\"https:\/\/www.stopgrup.com\/fr\/\",\"name\":\"Anasayfa\"}},{\"@type\":\"ListItem\",\"position\":2,\"item\":{\"@id\":\"https:\/\/www.stopgrup.com\/fr\/borne-escamotable-hydraulique\/#webpage\"}}]}]}<\/script>\n<!-- \/ Yoast SEO plugin. -->","_links":{"self":[{"href":"https:\/\/www.stopgrup.com\/fr\/wp-json\/wp\/v2\/pages\/3858"}],"collection":[{"href":"https:\/\/www.stopgrup.com\/fr\/wp-json\/wp\/v2\/pages"}],"about":[{"href":"https:\/\/www.stopgrup.com\/fr\/wp-json\/wp\/v2\/types\/page"}],"author":[{"embeddable":true,"href":"https:\/\/www.stopgrup.com\/fr\/wp-json\/wp\/v2\/users\/1"}],"replies":[{"embeddable":true,"href":"https:\/\/www.stopgrup.com\/fr\/wp-json\/wp\/v2\/comments?post=3858"}],"version-history":[{"count":11,"href":"https:\/\/www.stopgrup.com\/fr\/wp-json\/wp\/v2\/pages\/3858\/revisions"}],"predecessor-version":[{"id":7037,"href":"https:\/\/www.stopgrup.com\/fr\/wp-json\/wp\/v2\/pages\/3858\/revisions\/7037"}],"wp:featuredmedia":[{"embeddable":true,"href":"https:\/\/www.stopgrup.com\/fr\/wp-json\/wp\/v2\/media\/3647"}],"wp:attachment":[{"href":"https:\/\/www.stopgrup.com\/fr\/wp-json\/wp\/v2\/media?parent=3858"}],"curies":[{"name":"wp","href":"https:\/\/api.w.org\/{rel}","templated":true}]}}