{"id":3870,"date":"2021-02-10T10:05:43","date_gmt":"2021-02-10T07:05:43","guid":{"rendered":"http:\/\/www.maltepedekimatbaalar.com\/?page_id=3870"},"modified":"2021-07-09T09:25:55","modified_gmt":"2021-07-09T06:25:55","slug":"barriere-de-fleche-anti-terreur","status":"publish","type":"page","link":"https:\/\/www.stopgrup.com\/fr\/barriere-de-fleche-anti-terreur\/","title":{"rendered":"Barri\u00e8re de Fl\u00e8che Anti-Terreur"},"content":{"rendered":"[vc_row full_width=&#8221;stretch_row_content_no_spaces&#8221;][vc_column]<div id='banner_id_69e7e0b5e31dd' class='banner style_1'><div class='banner_wrapper button-default a-center' style='background-image:url(https:\/\/www.stopgrup.com\/fr\/wp-content\/uploads\/2020\/12\/text-bg-1.jpg);'><div class='banner_table'><div class='banner_cell'><h3 class='banner_title' style='color:#b5b5b5'><span class='banner_title_text'>Anti-Terreur Barri\u00e8re de Fl\u00e8che<\/span><\/h3><\/div><\/div><\/div><\/div><div class=\"cws_spacing\"><div class=\"cws_spacing cws_spacing_default\" style=\"height:32px;\"><\/div><\/div>[\/vc_column][\/vc_row][vc_row][vc_column width=&#8221;1\/2&#8243;][vc_toggle title=&#8221;Barri\u00e8re de Fl\u00e8che Anti-Terreur&#8221; open=&#8221;true&#8221; custom_font_container=&#8221;tag:h4|font_size:10px|text_align:left&#8221; custom_use_theme_fonts=&#8221;yes&#8221;]\n<ul>\n<li>Structure du corps : 20 mm. acier ST44<\/li>\n<li>Ouverture Fermeture : Syst\u00e8me hydraulique contr\u00f4l\u00e9 (40sec.)<\/li>\n<li>Classe de s\u00e9curit\u00e9 : IP55<\/li>\n<li>Taille du bras : 350 x 175 x 2.000 &#8211; 10.000 mm.<\/li>\n<li>Hauteur du bras : 800 mm.<\/li>\n<li>Dimensions du corps : 1500 x 1600 x 1100 mm.<\/li>\n<li>Attention : Leds rouges, Bande r\u00e9fl\u00e9chissanteFabrication selon les normes internationales.<br \/>\nBarri\u00e8res fonctionnellement configurables. Les barri\u00e8res sont toujours verrouill\u00e9es.<br \/>\nMesure de s\u00e9curit\u00e9 \u00e9lectronique contre le brouillage.<\/li>\n<\/ul>\n[\/vc_toggle][\/vc_column][vc_column width=&#8221;1\/12&#8243; offset=&#8221;vc_col-lg-6&#8243;][vc_images_carousel images=&#8221;3636&#8243; img_size=&#8221;full&#8221; autoplay=&#8221;yes&#8221; hide_pagination_control=&#8221;yes&#8221; wrap=&#8221;yes&#8221;][\/vc_column][\/vc_row][vc_row][vc_column]<div class=\"cws_spacing\"><div class=\"cws_spacing cws_spacing_default\" style=\"height:32px;\"><\/div><\/div>[\/vc_column][\/vc_row]\n","protected":false},"excerpt":{"rendered":"<p>[vc_row full_width=&#8221;stretch_row_content_no_spaces&#8221;][vc_column][\/vc_column][\/vc_row][vc_row][vc_column width=&#8221;1\/2&#8243;][vc_toggle title=&#8221;Barri\u00e8re de Fl\u00e8che Anti-Terreur&#8221; open=&#8221;true&#8221; custom_font_container=&#8221;tag:h4|font_size:10px|text_align:left&#8221; custom_use_theme_fonts=&#8221;yes&#8221;] Structure du corps : 20 mm. acier ST44 Ouverture Fermeture : Syst\u00e8me hydraulique contr\u00f4l\u00e9 (40sec.) Classe de s\u00e9curit\u00e9 : IP55 Taille du bras : 350 x 175 x 2.000 &#8211; 10.000 mm. Hauteur du bras : 800 mm. Dimensions du corps : 1500 x 1600 x 1100 mm. Attention : Leds rouges, Bande r\u00e9fl\u00e9chissanteFabrication selon les normes internationales. Barri\u00e8res fonctionnellement configurables. Les barri\u00e8res sont toujours verrouill\u00e9es. Mesure de s\u00e9curit\u00e9 \u00e9lectronique contre le brouillage. [\/vc_toggle][\/vc_column][vc_column width=&#8221;1\/12&#8243; offset=&#8221;vc_col-lg-6&#8243;][vc_images_carousel images=&#8221;3636&#8243; img_size=&#8221;full&#8221; autoplay=&#8221;yes&#8221; hide_pagination_control=&#8221;yes&#8221; wrap=&#8221;yes&#8221;][\/vc_column][\/vc_row][vc_row][vc_column][\/vc_column][\/vc_row]<\/p>\n","protected":false},"author":1,"featured_media":3636,"parent":0,"menu_order":0,"comment_status":"closed","ping_status":"closed","template":"","meta":[],"yoast_head":"<!-- This site is optimized with the Yoast SEO plugin v16.4 - https:\/\/yoast.com\/wordpress\/plugins\/seo\/ -->\n<title>Barri\u00e8re de Fl\u00e8che Anti-Terreur - Stop Grup Syst\u00e8mes de Cl\u00f4ture et de Barri\u00e8re<\/title>\n<meta name=\"robots\" content=\"index, follow, max-snippet:-1, max-image-preview:large, max-video-preview:-1\" \/>\n<link rel=\"canonical\" href=\"https:\/\/www.stopgrup.com\/fr\/barriere-de-fleche-anti-terreur\/\" \/>\n<meta property=\"og:locale\" content=\"tr_TR\" \/>\n<meta property=\"og:type\" content=\"article\" \/>\n<meta property=\"og:title\" content=\"Barri\u00e8re de Fl\u00e8che Anti-Terreur - Stop Grup Syst\u00e8mes de Cl\u00f4ture et de Barri\u00e8re\" \/>\n<meta property=\"og:description\" content=\"[vc_row full_width=&#8221;stretch_row_content_no_spaces&#8221;][vc_column][\/vc_column][\/vc_row][vc_row][vc_column width=&#8221;1\/2&#8243;][vc_toggle title=&#8221;Barri\u00e8re de Fl\u00e8che Anti-Terreur&#8221; open=&#8221;true&#8221; custom_font_container=&#8221;tag:h4|font_size:10px|text_align:left&#8221; custom_use_theme_fonts=&#8221;yes&#8221;] Structure du corps : 20 mm. acier ST44 Ouverture Fermeture : Syst\u00e8me hydraulique contr\u00f4l\u00e9 (40sec.) Classe de s\u00e9curit\u00e9 : IP55 Taille du bras : 350 x 175 x 2.000 &#8211; 10.000 mm. Hauteur du bras : 800 mm. Dimensions du corps : 1500 x 1600 x 1100 mm. Attention : Leds rouges, Bande r\u00e9fl\u00e9chissanteFabrication selon les normes internationales. Barri\u00e8res fonctionnellement configurables. Les barri\u00e8res sont toujours verrouill\u00e9es. Mesure de s\u00e9curit\u00e9 \u00e9lectronique contre le brouillage. [\/vc_toggle][\/vc_column][vc_column width=&#8221;1\/12&#8243; offset=&#8221;vc_col-lg-6&#8243;][vc_images_carousel images=&#8221;3636&#8243; img_size=&#8221;full&#8221; autoplay=&#8221;yes&#8221; hide_pagination_control=&#8221;yes&#8221; wrap=&#8221;yes&#8221;][\/vc_column][\/vc_row][vc_row][vc_column][\/vc_column][\/vc_row]\" \/>\n<meta property=\"og:url\" content=\"https:\/\/www.stopgrup.com\/fr\/barriere-de-fleche-anti-terreur\/\" \/>\n<meta property=\"og:site_name\" content=\"Stop Grup Syst\u00e8mes de Cl\u00f4ture et de Barri\u00e8re\" \/>\n<meta property=\"article:modified_time\" content=\"2021-07-09T06:25:55+00:00\" \/>\n<meta property=\"og:image\" content=\"https:\/\/www.stopgrup.com\/fr\/wp-content\/uploads\/2021\/01\/kollu-bariyer-sistemleri.jpg\" \/>\n\t<meta property=\"og:image:width\" content=\"737\" \/>\n\t<meta property=\"og:image:height\" content=\"415\" \/>\n<meta name=\"twitter:card\" content=\"summary_large_image\" \/>\n<meta name=\"twitter:label1\" content=\"Tahmini okuma s\u00fcresi\" \/>\n\t<meta name=\"twitter:data1\" content=\"1 dakika\" \/>\n<script type=\"application\/ld+json\" class=\"yoast-schema-graph\">{\"@context\":\"https:\/\/schema.org\",\"@graph\":[{\"@type\":\"WebSite\",\"@id\":\"https:\/\/www.stopgrup.com\/fr\/#website\",\"url\":\"https:\/\/www.stopgrup.com\/fr\/\",\"name\":\"Stop Grup Syst\\u00e8mes de Cl\\u00f4ture et de Barri\\u00e8re\",\"description\":\"\",\"potentialAction\":[{\"@type\":\"SearchAction\",\"target\":\"https:\/\/www.stopgrup.com\/fr\/?s={search_term_string}\",\"query-input\":\"required name=search_term_string\"}],\"inLanguage\":\"tr\"},{\"@type\":\"ImageObject\",\"@id\":\"https:\/\/www.stopgrup.com\/fr\/barriere-de-fleche-anti-terreur\/#primaryimage\",\"inLanguage\":\"tr\",\"url\":\"https:\/\/www.stopgrup.com\/fr\/wp-content\/uploads\/2021\/01\/kollu-bariyer-sistemleri.jpg\",\"contentUrl\":\"https:\/\/www.stopgrup.com\/fr\/wp-content\/uploads\/2021\/01\/kollu-bariyer-sistemleri.jpg\",\"width\":737,\"height\":415,\"caption\":\"anti ter\\u00f6r kollu bariyer\"},{\"@type\":\"WebPage\",\"@id\":\"https:\/\/www.stopgrup.com\/fr\/barriere-de-fleche-anti-terreur\/#webpage\",\"url\":\"https:\/\/www.stopgrup.com\/fr\/barriere-de-fleche-anti-terreur\/\",\"name\":\"Barri\\u00e8re de Fl\\u00e8che Anti-Terreur - Stop Grup Syst\\u00e8mes de Cl\\u00f4ture et de Barri\\u00e8re\",\"isPartOf\":{\"@id\":\"https:\/\/www.stopgrup.com\/fr\/#website\"},\"primaryImageOfPage\":{\"@id\":\"https:\/\/www.stopgrup.com\/fr\/barriere-de-fleche-anti-terreur\/#primaryimage\"},\"datePublished\":\"2021-02-10T07:05:43+00:00\",\"dateModified\":\"2021-07-09T06:25:55+00:00\",\"breadcrumb\":{\"@id\":\"https:\/\/www.stopgrup.com\/fr\/barriere-de-fleche-anti-terreur\/#breadcrumb\"},\"inLanguage\":\"tr\",\"potentialAction\":[{\"@type\":\"ReadAction\",\"target\":[\"https:\/\/www.stopgrup.com\/fr\/barriere-de-fleche-anti-terreur\/\"]}]},{\"@type\":\"BreadcrumbList\",\"@id\":\"https:\/\/www.stopgrup.com\/fr\/barriere-de-fleche-anti-terreur\/#breadcrumb\",\"itemListElement\":[{\"@type\":\"ListItem\",\"position\":1,\"item\":{\"@type\":\"WebPage\",\"@id\":\"https:\/\/www.stopgrup.com\/fr\/\",\"url\":\"https:\/\/www.stopgrup.com\/fr\/\",\"name\":\"Anasayfa\"}},{\"@type\":\"ListItem\",\"position\":2,\"item\":{\"@id\":\"https:\/\/www.stopgrup.com\/fr\/barriere-de-fleche-anti-terreur\/#webpage\"}}]}]}<\/script>\n<!-- \/ Yoast SEO plugin. -->","_links":{"self":[{"href":"https:\/\/www.stopgrup.com\/fr\/wp-json\/wp\/v2\/pages\/3870"}],"collection":[{"href":"https:\/\/www.stopgrup.com\/fr\/wp-json\/wp\/v2\/pages"}],"about":[{"href":"https:\/\/www.stopgrup.com\/fr\/wp-json\/wp\/v2\/types\/page"}],"author":[{"embeddable":true,"href":"https:\/\/www.stopgrup.com\/fr\/wp-json\/wp\/v2\/users\/1"}],"replies":[{"embeddable":true,"href":"https:\/\/www.stopgrup.com\/fr\/wp-json\/wp\/v2\/comments?post=3870"}],"version-history":[{"count":8,"href":"https:\/\/www.stopgrup.com\/fr\/wp-json\/wp\/v2\/pages\/3870\/revisions"}],"predecessor-version":[{"id":7040,"href":"https:\/\/www.stopgrup.com\/fr\/wp-json\/wp\/v2\/pages\/3870\/revisions\/7040"}],"wp:featuredmedia":[{"embeddable":true,"href":"https:\/\/www.stopgrup.com\/fr\/wp-json\/wp\/v2\/media\/3636"}],"wp:attachment":[{"href":"https:\/\/www.stopgrup.com\/fr\/wp-json\/wp\/v2\/media?parent=3870"}],"curies":[{"name":"wp","href":"https:\/\/api.w.org\/{rel}","templated":true}]}}