{"id":3882,"date":"2021-02-10T10:30:44","date_gmt":"2021-02-10T07:30:44","guid":{"rendered":"http:\/\/www.maltepedekimatbaalar.com\/?page_id=3882"},"modified":"2021-07-09T09:33:34","modified_gmt":"2021-07-09T06:33:34","slug":"tueur-de-pneus-sur-le-sol","status":"publish","type":"page","link":"https:\/\/www.stopgrup.com\/fr\/tueur-de-pneus-sur-le-sol\/","title":{"rendered":"Tueur de Pneus Sur le Sol"},"content":{"rendered":"[vc_row full_width=&#8221;stretch_row_content_no_spaces&#8221;][vc_column]<div id='banner_id_69e82f1b42528' class='banner style_1'><div class='banner_wrapper button-default a-center' style='background-image:url(https:\/\/www.stopgrup.com\/fr\/wp-content\/uploads\/2020\/12\/text-bg-1.jpg);'><div class='banner_table'><div class='banner_cell'><h3 class='banner_title' style='color:#b5b5b5'><span class='banner_title_text'>Tueur de Pneus Sur le Sol<\/span><\/h3><\/div><\/div><\/div><\/div><div class=\"cws_spacing\"><div class=\"cws_spacing cws_spacing_default\" style=\"height:32px;\"><\/div><\/div>[\/vc_column][\/vc_row][vc_row][vc_column width=&#8221;1\/2&#8243;][vc_toggle title=&#8221;Tueur de Pneus Sur le Sol&#8221; open=&#8221;true&#8221; custom_font_container=&#8221;tag:h4|font_size:10px|text_align:left&#8221; custom_use_theme_fonts=&#8221;yes&#8221;]\n<ul>\n<li>Structure du corps : Acier ST44<\/li>\n<li>Ouverture\/Fermeture : Serrure manuelle<\/li>\n<li>Classe de s\u00e9curit\u00e9 : S\u00e9curit\u00e9 moyenne<\/li>\n<li>Rev\u00eatement de surface : Peinture \u00e9poxy<\/li>\n<li>\u00c9paisseur de la pointe : 10 mm<\/li>\n<li>Hauteur de la pointe : 65 mm<\/li>\n<li>Taille du panneau\u00a0: 1000\u00a0mmDes destructeurs de pneus sp\u00e9cialement con\u00e7us sont utilis\u00e9s pour emp\u00eacher<br \/>\nvoitures non d\u00e9sir\u00e9es qui passent ou pour r\u00e9guler la circulation dans un<br \/>\ncertaine direction. Ces tueurs de pneus sont manuels allen<br \/>\nverrouiller les pi\u00e8ges fonctionnels.<\/li>\n<\/ul>\n[\/vc_toggle][\/vc_column][vc_column width=&#8221;1\/12&#8243; offset=&#8221;vc_col-lg-6&#8243;][vc_images_carousel images=&#8221;3655&#8243; img_size=&#8221;full&#8221; autoplay=&#8221;yes&#8221; hide_pagination_control=&#8221;yes&#8221; wrap=&#8221;yes&#8221;][\/vc_column][\/vc_row][vc_row][vc_column]<div class=\"cws_spacing\"><div class=\"cws_spacing cws_spacing_default\" style=\"height:32px;\"><\/div><\/div>[\/vc_column][\/vc_row]\n","protected":false},"excerpt":{"rendered":"<p>[vc_row full_width=&#8221;stretch_row_content_no_spaces&#8221;][vc_column][\/vc_column][\/vc_row][vc_row][vc_column width=&#8221;1\/2&#8243;][vc_toggle title=&#8221;Tueur de Pneus Sur le Sol&#8221; open=&#8221;true&#8221; custom_font_container=&#8221;tag:h4|font_size:10px|text_align:left&#8221; custom_use_theme_fonts=&#8221;yes&#8221;] Structure du corps : Acier ST44 Ouverture\/Fermeture : Serrure manuelle Classe de s\u00e9curit\u00e9 : S\u00e9curit\u00e9 moyenne Rev\u00eatement de surface : Peinture \u00e9poxy \u00c9paisseur de la pointe : 10 mm Hauteur de la pointe : 65 mm Taille du panneau\u00a0: 1000\u00a0mmDes destructeurs de pneus sp\u00e9cialement con\u00e7us sont utilis\u00e9s pour emp\u00eacher voitures non d\u00e9sir\u00e9es qui passent ou pour r\u00e9guler la circulation dans un certaine direction. Ces tueurs de pneus sont manuels allen verrouiller les pi\u00e8ges fonctionnels. [\/vc_toggle][\/vc_column][vc_column width=&#8221;1\/12&#8243; offset=&#8221;vc_col-lg-6&#8243;][vc_images_carousel images=&#8221;3655&#8243; img_size=&#8221;full&#8221; autoplay=&#8221;yes&#8221; hide_pagination_control=&#8221;yes&#8221; wrap=&#8221;yes&#8221;][\/vc_column][\/vc_row][vc_row][vc_column][\/vc_column][\/vc_row]<\/p>\n","protected":false},"author":1,"featured_media":3655,"parent":0,"menu_order":0,"comment_status":"closed","ping_status":"closed","template":"","meta":[],"yoast_head":"<!-- This site is optimized with the Yoast SEO plugin v16.4 - https:\/\/yoast.com\/wordpress\/plugins\/seo\/ -->\n<title>Tueur de Pneus Sur le Sol - Stop Grup Syst\u00e8mes de Cl\u00f4ture et de Barri\u00e8re<\/title>\n<meta name=\"robots\" content=\"index, follow, max-snippet:-1, max-image-preview:large, max-video-preview:-1\" \/>\n<link rel=\"canonical\" href=\"https:\/\/www.stopgrup.com\/fr\/tueur-de-pneus-sur-le-sol\/\" \/>\n<meta property=\"og:locale\" content=\"tr_TR\" \/>\n<meta property=\"og:type\" content=\"article\" \/>\n<meta property=\"og:title\" content=\"Tueur de Pneus Sur le Sol - Stop Grup Syst\u00e8mes de Cl\u00f4ture et de Barri\u00e8re\" \/>\n<meta property=\"og:description\" content=\"[vc_row full_width=&#8221;stretch_row_content_no_spaces&#8221;][vc_column][\/vc_column][\/vc_row][vc_row][vc_column width=&#8221;1\/2&#8243;][vc_toggle title=&#8221;Tueur de Pneus Sur le Sol&#8221; open=&#8221;true&#8221; custom_font_container=&#8221;tag:h4|font_size:10px|text_align:left&#8221; custom_use_theme_fonts=&#8221;yes&#8221;] Structure du corps : Acier ST44 Ouverture\/Fermeture : Serrure manuelle Classe de s\u00e9curit\u00e9 : S\u00e9curit\u00e9 moyenne Rev\u00eatement de surface : Peinture \u00e9poxy \u00c9paisseur de la pointe : 10 mm Hauteur de la pointe : 65 mm Taille du panneau\u00a0: 1000\u00a0mmDes destructeurs de pneus sp\u00e9cialement con\u00e7us sont utilis\u00e9s pour emp\u00eacher voitures non d\u00e9sir\u00e9es qui passent ou pour r\u00e9guler la circulation dans un certaine direction. Ces tueurs de pneus sont manuels allen verrouiller les pi\u00e8ges fonctionnels. [\/vc_toggle][\/vc_column][vc_column width=&#8221;1\/12&#8243; offset=&#8221;vc_col-lg-6&#8243;][vc_images_carousel images=&#8221;3655&#8243; img_size=&#8221;full&#8221; autoplay=&#8221;yes&#8221; hide_pagination_control=&#8221;yes&#8221; wrap=&#8221;yes&#8221;][\/vc_column][\/vc_row][vc_row][vc_column][\/vc_column][\/vc_row]\" \/>\n<meta property=\"og:url\" content=\"https:\/\/www.stopgrup.com\/fr\/tueur-de-pneus-sur-le-sol\/\" \/>\n<meta property=\"og:site_name\" content=\"Stop Grup Syst\u00e8mes de Cl\u00f4ture et de Barri\u00e8re\" \/>\n<meta property=\"article:modified_time\" content=\"2021-07-09T06:33:34+00:00\" \/>\n<meta property=\"og:image\" content=\"https:\/\/www.stopgrup.com\/fr\/wp-content\/uploads\/2021\/01\/zemin-ustu-tuzak.jpg\" \/>\n\t<meta property=\"og:image:width\" content=\"737\" \/>\n\t<meta property=\"og:image:height\" content=\"415\" \/>\n<meta name=\"twitter:card\" content=\"summary_large_image\" \/>\n<meta name=\"twitter:label1\" content=\"Tahmini okuma s\u00fcresi\" \/>\n\t<meta name=\"twitter:data1\" content=\"1 dakika\" \/>\n<script type=\"application\/ld+json\" class=\"yoast-schema-graph\">{\"@context\":\"https:\/\/schema.org\",\"@graph\":[{\"@type\":\"WebSite\",\"@id\":\"https:\/\/www.stopgrup.com\/fr\/#website\",\"url\":\"https:\/\/www.stopgrup.com\/fr\/\",\"name\":\"Stop Grup Syst\\u00e8mes de Cl\\u00f4ture et de Barri\\u00e8re\",\"description\":\"\",\"potentialAction\":[{\"@type\":\"SearchAction\",\"target\":\"https:\/\/www.stopgrup.com\/fr\/?s={search_term_string}\",\"query-input\":\"required name=search_term_string\"}],\"inLanguage\":\"tr\"},{\"@type\":\"ImageObject\",\"@id\":\"https:\/\/www.stopgrup.com\/fr\/tueur-de-pneus-sur-le-sol\/#primaryimage\",\"inLanguage\":\"tr\",\"url\":\"https:\/\/www.stopgrup.com\/fr\/wp-content\/uploads\/2021\/01\/zemin-ustu-tuzak.jpg\",\"contentUrl\":\"https:\/\/www.stopgrup.com\/fr\/wp-content\/uploads\/2021\/01\/zemin-ustu-tuzak.jpg\",\"width\":737,\"height\":415,\"caption\":\"zemin \\u00fcst\\u00fc tuzak\"},{\"@type\":\"WebPage\",\"@id\":\"https:\/\/www.stopgrup.com\/fr\/tueur-de-pneus-sur-le-sol\/#webpage\",\"url\":\"https:\/\/www.stopgrup.com\/fr\/tueur-de-pneus-sur-le-sol\/\",\"name\":\"Tueur de Pneus Sur le Sol - Stop Grup Syst\\u00e8mes de Cl\\u00f4ture et de Barri\\u00e8re\",\"isPartOf\":{\"@id\":\"https:\/\/www.stopgrup.com\/fr\/#website\"},\"primaryImageOfPage\":{\"@id\":\"https:\/\/www.stopgrup.com\/fr\/tueur-de-pneus-sur-le-sol\/#primaryimage\"},\"datePublished\":\"2021-02-10T07:30:44+00:00\",\"dateModified\":\"2021-07-09T06:33:34+00:00\",\"breadcrumb\":{\"@id\":\"https:\/\/www.stopgrup.com\/fr\/tueur-de-pneus-sur-le-sol\/#breadcrumb\"},\"inLanguage\":\"tr\",\"potentialAction\":[{\"@type\":\"ReadAction\",\"target\":[\"https:\/\/www.stopgrup.com\/fr\/tueur-de-pneus-sur-le-sol\/\"]}]},{\"@type\":\"BreadcrumbList\",\"@id\":\"https:\/\/www.stopgrup.com\/fr\/tueur-de-pneus-sur-le-sol\/#breadcrumb\",\"itemListElement\":[{\"@type\":\"ListItem\",\"position\":1,\"item\":{\"@type\":\"WebPage\",\"@id\":\"https:\/\/www.stopgrup.com\/fr\/\",\"url\":\"https:\/\/www.stopgrup.com\/fr\/\",\"name\":\"Anasayfa\"}},{\"@type\":\"ListItem\",\"position\":2,\"item\":{\"@id\":\"https:\/\/www.stopgrup.com\/fr\/tueur-de-pneus-sur-le-sol\/#webpage\"}}]}]}<\/script>\n<!-- \/ Yoast SEO plugin. -->","_links":{"self":[{"href":"https:\/\/www.stopgrup.com\/fr\/wp-json\/wp\/v2\/pages\/3882"}],"collection":[{"href":"https:\/\/www.stopgrup.com\/fr\/wp-json\/wp\/v2\/pages"}],"about":[{"href":"https:\/\/www.stopgrup.com\/fr\/wp-json\/wp\/v2\/types\/page"}],"author":[{"embeddable":true,"href":"https:\/\/www.stopgrup.com\/fr\/wp-json\/wp\/v2\/users\/1"}],"replies":[{"embeddable":true,"href":"https:\/\/www.stopgrup.com\/fr\/wp-json\/wp\/v2\/comments?post=3882"}],"version-history":[{"count":14,"href":"https:\/\/www.stopgrup.com\/fr\/wp-json\/wp\/v2\/pages\/3882\/revisions"}],"predecessor-version":[{"id":7046,"href":"https:\/\/www.stopgrup.com\/fr\/wp-json\/wp\/v2\/pages\/3882\/revisions\/7046"}],"wp:featuredmedia":[{"embeddable":true,"href":"https:\/\/www.stopgrup.com\/fr\/wp-json\/wp\/v2\/media\/3655"}],"wp:attachment":[{"href":"https:\/\/www.stopgrup.com\/fr\/wp-json\/wp\/v2\/media?parent=3882"}],"curies":[{"name":"wp","href":"https:\/\/api.w.org\/{rel}","templated":true}]}}