{"id":3925,"date":"2021-02-10T12:53:15","date_gmt":"2021-02-10T09:53:15","guid":{"rendered":"http:\/\/www.maltepedekimatbaalar.com\/?page_id=3925"},"modified":"2021-07-09T10:47:06","modified_gmt":"2021-07-09T07:47:06","slug":"fil-de-rasoir-soude","status":"publish","type":"page","link":"https:\/\/www.stopgrup.com\/fr\/fil-de-rasoir-soude\/","title":{"rendered":"Fil de Rasoir Soud\u00e9"},"content":{"rendered":"[vc_row full_width=&#8221;stretch_row_content_no_spaces&#8221;][vc_column]<div id='banner_id_69e81076ab271' class='banner style_1'><div class='banner_wrapper button-default a-center' style='background-image:url(https:\/\/www.stopgrup.com\/fr\/wp-content\/uploads\/2020\/12\/text-bg-1.jpg);'><div class='banner_table'><div class='banner_cell'><h3 class='banner_title' style='color:#b5b5b5'><span class='banner_title_text'>Fil de Rasoir Soud\u00e9<\/span><\/h3><\/div><\/div><\/div><\/div><div class=\"cws_spacing\"><div class=\"cws_spacing cws_spacing_default\" style=\"height:32px;\"><\/div><\/div>[\/vc_column][\/vc_row][vc_row][vc_column width=&#8221;1\/2&#8243;][vc_toggle title=&#8221;Fil de Rasoir Soud\u00e9&#8221; open=&#8221;true&#8221; custom_font_container=&#8221;tag:h4|font_size:10px|text_align:left&#8221; custom_use_theme_fonts=&#8221;yes&#8221;]La fonction dissuasive des profil\u00e9s galvanis\u00e9s ail\u00e9s sp\u00e9cialement con\u00e7us<br \/>\nen coupant avec des bouts pointus pour gagner<br \/>\nIl a \u00e9t\u00e9 form\u00e9 et obtenu par \u00e9bullition selon le maillage de 10&#215;15 cm.<br \/>\nC&#8217;est le mod\u00e8le fil de rasoir avec une taille standard de 35&#215;250 cm. Soudage<br \/>\nLes fils de rasoir sont \u00e0 la fois esth\u00e9tiques et dissuasifs.<br \/>\nsont des mat\u00e9riaux qui ajoutent de la valeur \u00e0 l&#8217;application. avec galvanis\u00e9<br \/>\nils peuvent \u00eatre utilis\u00e9s.[\/vc_toggle][\/vc_column][vc_column width=&#8221;1\/12&#8243; offset=&#8221;vc_col-lg-6&#8243;][vc_images_carousel images=&#8221;3686&#8243; img_size=&#8221;full&#8221; autoplay=&#8221;yes&#8221; hide_pagination_control=&#8221;yes&#8221; wrap=&#8221;yes&#8221;][\/vc_column][\/vc_row][vc_row][vc_column]<div class=\"cws_spacing\"><div class=\"cws_spacing cws_spacing_default\" style=\"height:32px;\"><\/div><\/div>[\/vc_column][\/vc_row]\n","protected":false},"excerpt":{"rendered":"<p>[vc_row full_width=&#8221;stretch_row_content_no_spaces&#8221;][vc_column][\/vc_column][\/vc_row][vc_row][vc_column width=&#8221;1\/2&#8243;][vc_toggle title=&#8221;Fil de Rasoir Soud\u00e9&#8221; open=&#8221;true&#8221; custom_font_container=&#8221;tag:h4|font_size:10px|text_align:left&#8221; custom_use_theme_fonts=&#8221;yes&#8221;]La fonction dissuasive des profil\u00e9s galvanis\u00e9s ail\u00e9s sp\u00e9cialement con\u00e7us en coupant avec des bouts pointus pour gagner Il a \u00e9t\u00e9 form\u00e9 et obtenu par \u00e9bullition selon le maillage de 10&#215;15 cm. C&#8217;est le mod\u00e8le fil de rasoir avec une taille standard de 35&#215;250 cm. Soudage Les fils de rasoir sont \u00e0 la fois esth\u00e9tiques et dissuasifs. sont des mat\u00e9riaux qui ajoutent de la valeur \u00e0 l&#8217;application. avec galvanis\u00e9 ils peuvent \u00eatre utilis\u00e9s.[\/vc_toggle][\/vc_column][vc_column width=&#8221;1\/12&#8243; offset=&#8221;vc_col-lg-6&#8243;][vc_images_carousel images=&#8221;3686&#8243; img_size=&#8221;full&#8221; autoplay=&#8221;yes&#8221; hide_pagination_control=&#8221;yes&#8221; wrap=&#8221;yes&#8221;][\/vc_column][\/vc_row][vc_row][vc_column][\/vc_column][\/vc_row]<\/p>\n","protected":false},"author":1,"featured_media":3686,"parent":0,"menu_order":0,"comment_status":"closed","ping_status":"closed","template":"","meta":[],"yoast_head":"<!-- This site is optimized with the Yoast SEO plugin v16.4 - https:\/\/yoast.com\/wordpress\/plugins\/seo\/ -->\n<title>Fil de Rasoir Soud\u00e9 - Stop Grup Syst\u00e8mes de Cl\u00f4ture et de Barri\u00e8re<\/title>\n<meta name=\"robots\" content=\"index, follow, max-snippet:-1, max-image-preview:large, max-video-preview:-1\" \/>\n<link rel=\"canonical\" href=\"https:\/\/www.stopgrup.com\/fr\/fil-de-rasoir-soude\/\" \/>\n<meta property=\"og:locale\" content=\"tr_TR\" \/>\n<meta property=\"og:type\" content=\"article\" \/>\n<meta property=\"og:title\" content=\"Fil de Rasoir Soud\u00e9 - Stop Grup Syst\u00e8mes de Cl\u00f4ture et de Barri\u00e8re\" \/>\n<meta property=\"og:description\" content=\"[vc_row full_width=&#8221;stretch_row_content_no_spaces&#8221;][vc_column][\/vc_column][\/vc_row][vc_row][vc_column width=&#8221;1\/2&#8243;][vc_toggle title=&#8221;Fil de Rasoir Soud\u00e9&#8221; open=&#8221;true&#8221; custom_font_container=&#8221;tag:h4|font_size:10px|text_align:left&#8221; custom_use_theme_fonts=&#8221;yes&#8221;]La fonction dissuasive des profil\u00e9s galvanis\u00e9s ail\u00e9s sp\u00e9cialement con\u00e7us en coupant avec des bouts pointus pour gagner Il a \u00e9t\u00e9 form\u00e9 et obtenu par \u00e9bullition selon le maillage de 10&#215;15 cm. C&#8217;est le mod\u00e8le fil de rasoir avec une taille standard de 35&#215;250 cm. Soudage Les fils de rasoir sont \u00e0 la fois esth\u00e9tiques et dissuasifs. sont des mat\u00e9riaux qui ajoutent de la valeur \u00e0 l&#8217;application. avec galvanis\u00e9 ils peuvent \u00eatre utilis\u00e9s.[\/vc_toggle][\/vc_column][vc_column width=&#8221;1\/12&#8243; offset=&#8221;vc_col-lg-6&#8243;][vc_images_carousel images=&#8221;3686&#8243; img_size=&#8221;full&#8221; autoplay=&#8221;yes&#8221; hide_pagination_control=&#8221;yes&#8221; wrap=&#8221;yes&#8221;][\/vc_column][\/vc_row][vc_row][vc_column][\/vc_column][\/vc_row]\" \/>\n<meta property=\"og:url\" content=\"https:\/\/www.stopgrup.com\/fr\/fil-de-rasoir-soude\/\" \/>\n<meta property=\"og:site_name\" content=\"Stop Grup Syst\u00e8mes de Cl\u00f4ture et de Barri\u00e8re\" \/>\n<meta property=\"article:modified_time\" content=\"2021-07-09T07:47:06+00:00\" \/>\n<meta property=\"og:image\" content=\"https:\/\/www.stopgrup.com\/fr\/wp-content\/uploads\/2021\/02\/kaynakli-jiletli-tel.jpg\" \/>\n\t<meta property=\"og:image:width\" content=\"737\" \/>\n\t<meta property=\"og:image:height\" content=\"415\" \/>\n<meta name=\"twitter:card\" content=\"summary_large_image\" \/>\n<meta name=\"twitter:label1\" content=\"Tahmini okuma s\u00fcresi\" \/>\n\t<meta name=\"twitter:data1\" content=\"1 dakika\" \/>\n<script type=\"application\/ld+json\" class=\"yoast-schema-graph\">{\"@context\":\"https:\/\/schema.org\",\"@graph\":[{\"@type\":\"WebSite\",\"@id\":\"https:\/\/www.stopgrup.com\/fr\/#website\",\"url\":\"https:\/\/www.stopgrup.com\/fr\/\",\"name\":\"Stop Grup Syst\\u00e8mes de Cl\\u00f4ture et de Barri\\u00e8re\",\"description\":\"\",\"potentialAction\":[{\"@type\":\"SearchAction\",\"target\":\"https:\/\/www.stopgrup.com\/fr\/?s={search_term_string}\",\"query-input\":\"required name=search_term_string\"}],\"inLanguage\":\"tr\"},{\"@type\":\"ImageObject\",\"@id\":\"https:\/\/www.stopgrup.com\/fr\/fil-de-rasoir-soude\/#primaryimage\",\"inLanguage\":\"tr\",\"url\":\"https:\/\/www.stopgrup.com\/fr\/wp-content\/uploads\/2021\/02\/kaynakli-jiletli-tel.jpg\",\"contentUrl\":\"https:\/\/www.stopgrup.com\/fr\/wp-content\/uploads\/2021\/02\/kaynakli-jiletli-tel.jpg\",\"width\":737,\"height\":415,\"caption\":\"dekoratif\"},{\"@type\":\"WebPage\",\"@id\":\"https:\/\/www.stopgrup.com\/fr\/fil-de-rasoir-soude\/#webpage\",\"url\":\"https:\/\/www.stopgrup.com\/fr\/fil-de-rasoir-soude\/\",\"name\":\"Fil de Rasoir Soud\\u00e9 - Stop Grup Syst\\u00e8mes de Cl\\u00f4ture et de Barri\\u00e8re\",\"isPartOf\":{\"@id\":\"https:\/\/www.stopgrup.com\/fr\/#website\"},\"primaryImageOfPage\":{\"@id\":\"https:\/\/www.stopgrup.com\/fr\/fil-de-rasoir-soude\/#primaryimage\"},\"datePublished\":\"2021-02-10T09:53:15+00:00\",\"dateModified\":\"2021-07-09T07:47:06+00:00\",\"breadcrumb\":{\"@id\":\"https:\/\/www.stopgrup.com\/fr\/fil-de-rasoir-soude\/#breadcrumb\"},\"inLanguage\":\"tr\",\"potentialAction\":[{\"@type\":\"ReadAction\",\"target\":[\"https:\/\/www.stopgrup.com\/fr\/fil-de-rasoir-soude\/\"]}]},{\"@type\":\"BreadcrumbList\",\"@id\":\"https:\/\/www.stopgrup.com\/fr\/fil-de-rasoir-soude\/#breadcrumb\",\"itemListElement\":[{\"@type\":\"ListItem\",\"position\":1,\"item\":{\"@type\":\"WebPage\",\"@id\":\"https:\/\/www.stopgrup.com\/fr\/\",\"url\":\"https:\/\/www.stopgrup.com\/fr\/\",\"name\":\"Anasayfa\"}},{\"@type\":\"ListItem\",\"position\":2,\"item\":{\"@id\":\"https:\/\/www.stopgrup.com\/fr\/fil-de-rasoir-soude\/#webpage\"}}]}]}<\/script>\n<!-- \/ Yoast SEO plugin. -->","_links":{"self":[{"href":"https:\/\/www.stopgrup.com\/fr\/wp-json\/wp\/v2\/pages\/3925"}],"collection":[{"href":"https:\/\/www.stopgrup.com\/fr\/wp-json\/wp\/v2\/pages"}],"about":[{"href":"https:\/\/www.stopgrup.com\/fr\/wp-json\/wp\/v2\/types\/page"}],"author":[{"embeddable":true,"href":"https:\/\/www.stopgrup.com\/fr\/wp-json\/wp\/v2\/users\/1"}],"replies":[{"embeddable":true,"href":"https:\/\/www.stopgrup.com\/fr\/wp-json\/wp\/v2\/comments?post=3925"}],"version-history":[{"count":6,"href":"https:\/\/www.stopgrup.com\/fr\/wp-json\/wp\/v2\/pages\/3925\/revisions"}],"predecessor-version":[{"id":7092,"href":"https:\/\/www.stopgrup.com\/fr\/wp-json\/wp\/v2\/pages\/3925\/revisions\/7092"}],"wp:featuredmedia":[{"embeddable":true,"href":"https:\/\/www.stopgrup.com\/fr\/wp-json\/wp\/v2\/media\/3686"}],"wp:attachment":[{"href":"https:\/\/www.stopgrup.com\/fr\/wp-json\/wp\/v2\/media?parent=3925"}],"curies":[{"name":"wp","href":"https:\/\/api.w.org\/{rel}","templated":true}]}}