{"id":3933,"date":"2021-02-10T13:05:03","date_gmt":"2021-02-10T10:05:03","guid":{"rendered":"http:\/\/www.maltepedekimatbaalar.com\/?page_id=3933"},"modified":"2021-07-09T10:36:35","modified_gmt":"2021-07-09T07:36:35","slug":"cloture-a-double-panneau","status":"publish","type":"page","link":"https:\/\/www.stopgrup.com\/fr\/cloture-a-double-panneau\/","title":{"rendered":"Cl\u00f4ture \u00e0 Double Panneau"},"content":{"rendered":"[vc_row full_width=&#8221;stretch_row_content_no_spaces&#8221;][vc_column]<div id='banner_id_69e883127e238' class='banner style_1'><div class='banner_wrapper button-default a-center' style='background-image:url(https:\/\/www.stopgrup.com\/fr\/wp-content\/uploads\/2021\/05\/7887.png);'><div class='banner_table'><div class='banner_cell'><h3 class='banner_title' style='color:#b5b5b5'><span class='banner_title_text'>Cl\u00f4ture \u00e0 Double Panneau<\/span><\/h3><\/div><\/div><\/div><\/div><div class=\"cws_spacing\"><div class=\"cws_spacing cws_spacing_default\" style=\"height:32px;\"><\/div><\/div>[\/vc_column][\/vc_row][vc_row][vc_column width=&#8221;1\/2&#8243;][vc_toggle title=&#8221;Cl\u00f4ture \u00e0 Double Panneau&#8221; open=&#8221;true&#8221; custom_font_container=&#8221;tag:h4|font_size:10px|text_align:left&#8221; custom_use_theme_fonts=&#8221;yes&#8221;]<strong>Avantages<\/strong><br \/>\nAvantage \u00e0 double fil<\/p>\n<p>Gr\u00e2ce \u00e0 ce syst\u00e8me, qui offre une grande rigidit\u00e9, des solutions sont propos\u00e9es pour les projets o\u00f9 la force et la durabilit\u00e9 doivent \u00eatre privil\u00e9gi\u00e9es plut\u00f4t que la visuel.<\/p>\n<p><strong>Haute s\u00e9curit\u00e9<\/strong><\/p>\n<p>Ces syst\u00e8mes de cl\u00f4ture, qui offrent des solutions de haute s\u00e9curit\u00e9 ainsi qu&#8217;un look classique, sont \u00e9galement un syst\u00e8me de cl\u00f4ture appropri\u00e9 pour les terrains de sport.<\/p>\n<p><strong>Longue vie<\/strong><\/p>\n<p>Dur\u00e9e de vie maximale du produit gr\u00e2ce au rev\u00eatement polyester sur l&#8217;application sp\u00e9ciale qui augmente l&#8217;adh\u00e9rence appliqu\u00e9e apr\u00e8s le rev\u00eatement galvanis\u00e9.<\/p>\n<p><strong>Solution syst\u00e8me compl\u00e8te<\/strong><\/p>\n<p>Il peut \u00eatre facilement appliqu\u00e9 dans tous les projets et conditions de sol \u00e0 l&#8217;aide de panneaux et de profil\u00e9s \u00e0 diff\u00e9rentes hauteurs.[\/vc_toggle][vc_toggle title=&#8221;Syst\u00e8me de panneaux&#8221; open=&#8221;true&#8221;]\n<div class=\"rt_heading_wrapper style-2\">\n<h4 class=\"rt_heading style-2\"><img loading=\"lazy\" class=\"alignnone wp-image-6009\" src=\"https:\/\/www.stopgrup.com\/wp-content\/uploads\/2021\/05\/nylofor.png\" alt=\"\" width=\"276\" height=\"277\" \/><\/h4>\n<p><strong>Syst\u00e8me de panneaux<\/strong><\/p>\n<p>Syst\u00e8me de cl\u00f4ture \u00e0 double panneau Ce sont des syst\u00e8mes de cl\u00f4ture \u00e0 panneaux de type lourd compos\u00e9s de fils horizontaux de 2&#215;8 mm et verticaux de 6 mm. Les panneaux avec une taille de maille de 200x50mm sont produits dans des hauteurs allant de 1030 \u00e0 2030mm.<\/p>\n<p><strong>Options de couleur<\/strong><\/p>\n<p>La couleur standard des syst\u00e8mes de cl\u00f4ture \u00e0 double panneau est le vert RAL 6005 et peut \u00eatre produite en blanc RAL 9010 ou dans toutes les couleurs RAL sur commande.<\/p>\n<p><strong>Technique de rev\u00eatement<\/strong><\/p>\n<p>Les produits de cl\u00f4ture \u00e0 double panneau sont fabriqu\u00e9s \u00e0 l&#8217;aide de fils galvanis\u00e9s. Les panneaux produits avec des fils galvanis\u00e9s sont finalement recouverts de polyester apr\u00e8s une application sp\u00e9ciale pour augmenter l&#8217;ad\u00e9quation, ce qui leur conf\u00e8re une r\u00e9sistance \u00e9lev\u00e9e aux normes Stop Group\/Fence.<\/p>\n<p><strong>Profil et syst\u00e8me de connexion<\/strong><\/p>\n<p>Le syst\u00e8me de profil\u00e9 en caisson 60x60x1,5 mm est utilis\u00e9 dans les syst\u00e8mes de cl\u00f4ture \u00e0 double panneau.<\/p>\n<\/div>\n[\/vc_toggle][\/vc_column][vc_column width=&#8221;1\/12&#8243; offset=&#8221;vc_col-lg-6&#8243;][vc_images_carousel images=&#8221;6007&#8243; img_size=&#8221;full&#8221; autoplay=&#8221;yes&#8221; hide_pagination_control=&#8221;yes&#8221; wrap=&#8221;yes&#8221;][vc_toggle title=&#8221;Kullan\u0131m Alanlar\u0131&#8221; open=&#8221;true&#8221;]\n<div class=\"rt_heading_wrapper style-1\">\n<p class=\"rt_heading style-1\">Double Panel \u00c7it sistemleri profesyonel uygulamac\u0131lar taraf\u0131ndan \u00f6zellikle y\u00fcksek rijidite ve spor alanlar\u0131n\u0131n \u00e7evresi i\u00e7in tavsiye edilir.<\/p>\n<\/div>\n[\/vc_toggle][\/vc_column][\/vc_row][vc_row][vc_column]<div class=\"cws_spacing\"><div class=\"cws_spacing cws_spacing_default\" style=\"height:32px;\"><\/div><\/div>[\/vc_column][\/vc_row]\n","protected":false},"excerpt":{"rendered":"<p>[vc_row full_width=&#8221;stretch_row_content_no_spaces&#8221;][vc_column][\/vc_column][\/vc_row][vc_row][vc_column width=&#8221;1\/2&#8243;][vc_toggle title=&#8221;Cl\u00f4ture \u00e0 Double Panneau&#8221; open=&#8221;true&#8221; custom_font_container=&#8221;tag:h4|font_size:10px|text_align:left&#8221; custom_use_theme_fonts=&#8221;yes&#8221;]Avantages Avantage \u00e0 double fil Gr\u00e2ce \u00e0 ce syst\u00e8me, qui offre une grande rigidit\u00e9, des solutions sont propos\u00e9es pour les projets o\u00f9 la force et la durabilit\u00e9 doivent \u00eatre privil\u00e9gi\u00e9es plut\u00f4t que la visuel. Haute s\u00e9curit\u00e9 Ces syst\u00e8mes de cl\u00f4ture, qui offrent des solutions de haute s\u00e9curit\u00e9 ainsi qu&#8217;un look classique, sont \u00e9galement un syst\u00e8me de cl\u00f4ture appropri\u00e9 pour les terrains de sport. Longue vie Dur\u00e9e de vie maximale du produit gr\u00e2ce au rev\u00eatement polyester sur l&#8217;application sp\u00e9ciale qui augmente l&#8217;adh\u00e9rence appliqu\u00e9e apr\u00e8s le rev\u00eatement galvanis\u00e9. Solution syst\u00e8me compl\u00e8te Il peut \u00eatre facilement appliqu\u00e9 dans tous les projets et conditions de sol \u00e0 l&#8217;aide de panneaux et de profil\u00e9s \u00e0 diff\u00e9rentes hauteurs.[\/vc_toggle][vc_toggle title=&#8221;Syst\u00e8me de panneaux&#8221; open=&#8221;true&#8221;] Syst\u00e8me de panneaux Syst\u00e8me de cl\u00f4ture \u00e0 double panneau Ce sont des syst\u00e8mes de cl\u00f4ture \u00e0 panneaux de type lourd compos\u00e9s de fils horizontaux de 2&#215;8 mm et verticaux de 6 mm. Les panneaux avec une taille de maille de 200x50mm sont produits dans des hauteurs allant de 1030 \u00e0 2030mm. Options de couleur La couleur standard des syst\u00e8mes de cl\u00f4ture \u00e0 double panneau est le vert RAL 6005 et peut \u00eatre produite en blanc RAL 9010 ou dans toutes les couleurs RAL sur commande. Technique de rev\u00eatement Les produits de cl\u00f4ture \u00e0 double panneau sont fabriqu\u00e9s \u00e0 l&#8217;aide de fils galvanis\u00e9s. Les panneaux produits avec des fils galvanis\u00e9s sont finalement recouverts de polyester apr\u00e8s une application sp\u00e9ciale pour augmenter l&#8217;ad\u00e9quation, ce qui leur conf\u00e8re une r\u00e9sistance \u00e9lev\u00e9e aux normes Stop Group\/Fence. Profil et syst\u00e8me de connexion Le syst\u00e8me de profil\u00e9 en caisson 60x60x1,5 mm est utilis\u00e9 dans les syst\u00e8mes de cl\u00f4ture \u00e0 double panneau. [\/vc_toggle][\/vc_column][vc_column width=&#8221;1\/12&#8243; offset=&#8221;vc_col-lg-6&#8243;][vc_images_carousel images=&#8221;6007&#8243; img_size=&#8221;full&#8221; autoplay=&#8221;yes&#8221; hide_pagination_control=&#8221;yes&#8221; wrap=&#8221;yes&#8221;][vc_toggle title=&#8221;Kullan\u0131m Alanlar\u0131&#8221; open=&#8221;true&#8221;] Double Panel \u00c7it sistemleri profesyonel uygulamac\u0131lar taraf\u0131ndan \u00f6zellikle y\u00fcksek rijidite ve spor alanlar\u0131n\u0131n \u00e7evresi i\u00e7in tavsiye edilir. [\/vc_toggle][\/vc_column][\/vc_row][vc_row][vc_column][\/vc_column][\/vc_row]<\/p>\n","protected":false},"author":1,"featured_media":0,"parent":0,"menu_order":0,"comment_status":"closed","ping_status":"closed","template":"","meta":[],"yoast_head":"<!-- This site is optimized with the Yoast SEO plugin v16.4 - https:\/\/yoast.com\/wordpress\/plugins\/seo\/ -->\n<title>Cl\u00f4ture \u00e0 Double Panneau - Stop Grup Syst\u00e8mes de Cl\u00f4ture et de Barri\u00e8re<\/title>\n<meta name=\"robots\" content=\"index, follow, max-snippet:-1, max-image-preview:large, max-video-preview:-1\" \/>\n<link rel=\"canonical\" href=\"https:\/\/www.stopgrup.com\/fr\/cloture-a-double-panneau\/\" \/>\n<meta property=\"og:locale\" content=\"tr_TR\" \/>\n<meta property=\"og:type\" content=\"article\" \/>\n<meta property=\"og:title\" content=\"Cl\u00f4ture \u00e0 Double Panneau - Stop Grup Syst\u00e8mes de Cl\u00f4ture et de Barri\u00e8re\" \/>\n<meta property=\"og:description\" content=\"[vc_row full_width=&#8221;stretch_row_content_no_spaces&#8221;][vc_column][\/vc_column][\/vc_row][vc_row][vc_column width=&#8221;1\/2&#8243;][vc_toggle title=&#8221;Cl\u00f4ture \u00e0 Double Panneau&#8221; open=&#8221;true&#8221; custom_font_container=&#8221;tag:h4|font_size:10px|text_align:left&#8221; custom_use_theme_fonts=&#8221;yes&#8221;]Avantages Avantage \u00e0 double fil Gr\u00e2ce \u00e0 ce syst\u00e8me, qui offre une grande rigidit\u00e9, des solutions sont propos\u00e9es pour les projets o\u00f9 la force et la durabilit\u00e9 doivent \u00eatre privil\u00e9gi\u00e9es plut\u00f4t que la visuel. Haute s\u00e9curit\u00e9 Ces syst\u00e8mes de cl\u00f4ture, qui offrent des solutions de haute s\u00e9curit\u00e9 ainsi qu&#8217;un look classique, sont \u00e9galement un syst\u00e8me de cl\u00f4ture appropri\u00e9 pour les terrains de sport. Longue vie Dur\u00e9e de vie maximale du produit gr\u00e2ce au rev\u00eatement polyester sur l&#8217;application sp\u00e9ciale qui augmente l&#8217;adh\u00e9rence appliqu\u00e9e apr\u00e8s le rev\u00eatement galvanis\u00e9. Solution syst\u00e8me compl\u00e8te Il peut \u00eatre facilement appliqu\u00e9 dans tous les projets et conditions de sol \u00e0 l&#8217;aide de panneaux et de profil\u00e9s \u00e0 diff\u00e9rentes hauteurs.[\/vc_toggle][vc_toggle title=&#8221;Syst\u00e8me de panneaux&#8221; open=&#8221;true&#8221;] Syst\u00e8me de panneaux Syst\u00e8me de cl\u00f4ture \u00e0 double panneau Ce sont des syst\u00e8mes de cl\u00f4ture \u00e0 panneaux de type lourd compos\u00e9s de fils horizontaux de 2&#215;8 mm et verticaux de 6 mm. Les panneaux avec une taille de maille de 200x50mm sont produits dans des hauteurs allant de 1030 \u00e0 2030mm. Options de couleur La couleur standard des syst\u00e8mes de cl\u00f4ture \u00e0 double panneau est le vert RAL 6005 et peut \u00eatre produite en blanc RAL 9010 ou dans toutes les couleurs RAL sur commande. Technique de rev\u00eatement Les produits de cl\u00f4ture \u00e0 double panneau sont fabriqu\u00e9s \u00e0 l&#8217;aide de fils galvanis\u00e9s. Les panneaux produits avec des fils galvanis\u00e9s sont finalement recouverts de polyester apr\u00e8s une application sp\u00e9ciale pour augmenter l&#8217;ad\u00e9quation, ce qui leur conf\u00e8re une r\u00e9sistance \u00e9lev\u00e9e aux normes Stop Group\/Fence. Profil et syst\u00e8me de connexion Le syst\u00e8me de profil\u00e9 en caisson 60x60x1,5 mm est utilis\u00e9 dans les syst\u00e8mes de cl\u00f4ture \u00e0 double panneau. [\/vc_toggle][\/vc_column][vc_column width=&#8221;1\/12&#8243; offset=&#8221;vc_col-lg-6&#8243;][vc_images_carousel images=&#8221;6007&#8243; img_size=&#8221;full&#8221; autoplay=&#8221;yes&#8221; hide_pagination_control=&#8221;yes&#8221; wrap=&#8221;yes&#8221;][vc_toggle title=&#8221;Kullan\u0131m Alanlar\u0131&#8221; open=&#8221;true&#8221;] Double Panel \u00c7it sistemleri profesyonel uygulamac\u0131lar taraf\u0131ndan \u00f6zellikle y\u00fcksek rijidite ve spor alanlar\u0131n\u0131n \u00e7evresi i\u00e7in tavsiye edilir. [\/vc_toggle][\/vc_column][\/vc_row][vc_row][vc_column][\/vc_column][\/vc_row]\" \/>\n<meta property=\"og:url\" content=\"https:\/\/www.stopgrup.com\/fr\/cloture-a-double-panneau\/\" \/>\n<meta property=\"og:site_name\" content=\"Stop Grup Syst\u00e8mes de Cl\u00f4ture et de Barri\u00e8re\" \/>\n<meta property=\"article:modified_time\" content=\"2021-07-09T07:36:35+00:00\" \/>\n<meta property=\"og:image\" content=\"https:\/\/www.stopgrup.com\/wp-content\/uploads\/2021\/05\/nylofor.png\" \/>\n<meta name=\"twitter:card\" content=\"summary_large_image\" \/>\n<meta name=\"twitter:label1\" content=\"Tahmini okuma s\u00fcresi\" \/>\n\t<meta name=\"twitter:data1\" content=\"2 dakika\" \/>\n<script type=\"application\/ld+json\" class=\"yoast-schema-graph\">{\"@context\":\"https:\/\/schema.org\",\"@graph\":[{\"@type\":\"WebSite\",\"@id\":\"https:\/\/www.stopgrup.com\/fr\/#website\",\"url\":\"https:\/\/www.stopgrup.com\/fr\/\",\"name\":\"Stop Grup Syst\\u00e8mes de Cl\\u00f4ture et de Barri\\u00e8re\",\"description\":\"\",\"potentialAction\":[{\"@type\":\"SearchAction\",\"target\":\"https:\/\/www.stopgrup.com\/fr\/?s={search_term_string}\",\"query-input\":\"required name=search_term_string\"}],\"inLanguage\":\"tr\"},{\"@type\":\"ImageObject\",\"@id\":\"https:\/\/www.stopgrup.com\/fr\/cloture-a-double-panneau\/#primaryimage\",\"inLanguage\":\"tr\",\"url\":\"https:\/\/www.stopgrup.com\/wp-content\/uploads\/2021\/05\/nylofor.png\",\"contentUrl\":\"https:\/\/www.stopgrup.com\/wp-content\/uploads\/2021\/05\/nylofor.png\"},{\"@type\":\"WebPage\",\"@id\":\"https:\/\/www.stopgrup.com\/fr\/cloture-a-double-panneau\/#webpage\",\"url\":\"https:\/\/www.stopgrup.com\/fr\/cloture-a-double-panneau\/\",\"name\":\"Cl\\u00f4ture \\u00e0 Double Panneau - Stop Grup Syst\\u00e8mes de Cl\\u00f4ture et de Barri\\u00e8re\",\"isPartOf\":{\"@id\":\"https:\/\/www.stopgrup.com\/fr\/#website\"},\"primaryImageOfPage\":{\"@id\":\"https:\/\/www.stopgrup.com\/fr\/cloture-a-double-panneau\/#primaryimage\"},\"datePublished\":\"2021-02-10T10:05:03+00:00\",\"dateModified\":\"2021-07-09T07:36:35+00:00\",\"breadcrumb\":{\"@id\":\"https:\/\/www.stopgrup.com\/fr\/cloture-a-double-panneau\/#breadcrumb\"},\"inLanguage\":\"tr\",\"potentialAction\":[{\"@type\":\"ReadAction\",\"target\":[\"https:\/\/www.stopgrup.com\/fr\/cloture-a-double-panneau\/\"]}]},{\"@type\":\"BreadcrumbList\",\"@id\":\"https:\/\/www.stopgrup.com\/fr\/cloture-a-double-panneau\/#breadcrumb\",\"itemListElement\":[{\"@type\":\"ListItem\",\"position\":1,\"item\":{\"@type\":\"WebPage\",\"@id\":\"https:\/\/www.stopgrup.com\/fr\/\",\"url\":\"https:\/\/www.stopgrup.com\/fr\/\",\"name\":\"Anasayfa\"}},{\"@type\":\"ListItem\",\"position\":2,\"item\":{\"@id\":\"https:\/\/www.stopgrup.com\/fr\/cloture-a-double-panneau\/#webpage\"}}]}]}<\/script>\n<!-- \/ Yoast SEO plugin. -->","_links":{"self":[{"href":"https:\/\/www.stopgrup.com\/fr\/wp-json\/wp\/v2\/pages\/3933"}],"collection":[{"href":"https:\/\/www.stopgrup.com\/fr\/wp-json\/wp\/v2\/pages"}],"about":[{"href":"https:\/\/www.stopgrup.com\/fr\/wp-json\/wp\/v2\/types\/page"}],"author":[{"embeddable":true,"href":"https:\/\/www.stopgrup.com\/fr\/wp-json\/wp\/v2\/users\/1"}],"replies":[{"embeddable":true,"href":"https:\/\/www.stopgrup.com\/fr\/wp-json\/wp\/v2\/comments?post=3933"}],"version-history":[{"count":11,"href":"https:\/\/www.stopgrup.com\/fr\/wp-json\/wp\/v2\/pages\/3933\/revisions"}],"predecessor-version":[{"id":7085,"href":"https:\/\/www.stopgrup.com\/fr\/wp-json\/wp\/v2\/pages\/3933\/revisions\/7085"}],"wp:attachment":[{"href":"https:\/\/www.stopgrup.com\/fr\/wp-json\/wp\/v2\/media?parent=3933"}],"curies":[{"name":"wp","href":"https:\/\/api.w.org\/{rel}","templated":true}]}}