{"id":3936,"date":"2021-02-10T13:07:05","date_gmt":"2021-02-10T10:07:05","guid":{"rendered":"http:\/\/www.maltepedekimatbaalar.com\/?page_id=3936"},"modified":"2021-07-09T10:38:22","modified_gmt":"2021-07-09T07:38:22","slug":"cloture-a-panneaux-decoratifs","status":"publish","type":"page","link":"https:\/\/www.stopgrup.com\/fr\/cloture-a-panneaux-decoratifs\/","title":{"rendered":"Cl\u00f4ture \u00e0 Panneaux D\u00e9coratifs"},"content":{"rendered":"[vc_row full_width=&#8221;stretch_row_content_no_spaces&#8221;][vc_column]<div id='banner_id_69e81030764d1' class='banner style_1'><div class='banner_wrapper button-default a-center' style='background-image:url(https:\/\/www.stopgrup.com\/fr\/wp-content\/uploads\/2020\/12\/text-bg-1.jpg);'><div class='banner_table'><div class='banner_cell'><h3 class='banner_title' style='color:#b5b5b5'><span class='banner_title_text'>Cl\u00f4ture \u00e0 Panneaux D\u00e9coratifs<\/span><\/h3><\/div><\/div><\/div><\/div><div class=\"cws_spacing\"><div class=\"cws_spacing cws_spacing_default\" style=\"height:32px;\"><\/div><\/div>[\/vc_column][\/vc_row][vc_row][vc_column width=&#8221;1\/2&#8243;][vc_toggle title=&#8221;Cl\u00f4ture \u00e0 Panneaux D\u00e9coratifs&#8221; open=&#8221;true&#8221; custom_font_container=&#8221;tag:h4|font_size:10px|text_align:left&#8221; custom_use_theme_fonts=&#8221;yes&#8221;]Les cl\u00f4tures \u00e0 panneaux d\u00e9coratifs sont produites pour offrir diff\u00e9rentes options aux demandes des clients et r\u00e9pondre aux besoins de s\u00e9curit\u00e9.<br \/>\nsont des produits sp\u00e9cialement con\u00e7us. Ces produits, particuli\u00e8rement appr\u00e9ci\u00e9s dans les maisons individuelles, peuvent \u00e9galement \u00eatre utilis\u00e9s dans les installations industrielles.<br \/>\nEn plus des diff\u00e9rentes alternatives de couleurs et de formes, avec des options de poteaux sp\u00e9cialement con\u00e7ues pour compl\u00e9ter la d\u00e9coration, les techniques de nos clients<br \/>\nEn plus des attentes, nous r\u00e9pondons au mieux aux exigences esth\u00e9tiques.[\/vc_toggle][\/vc_column][vc_column width=&#8221;1\/12&#8243; offset=&#8221;vc_col-lg-6&#8243;][vc_images_carousel images=&#8221;3691&#8243; img_size=&#8221;full&#8221; autoplay=&#8221;yes&#8221; hide_pagination_control=&#8221;yes&#8221; wrap=&#8221;yes&#8221;][\/vc_column][\/vc_row][vc_row][vc_column]<div class=\"cws_spacing\"><div class=\"cws_spacing cws_spacing_default\" style=\"height:32px;\"><\/div><\/div>[\/vc_column][\/vc_row]\n","protected":false},"excerpt":{"rendered":"<p>[vc_row full_width=&#8221;stretch_row_content_no_spaces&#8221;][vc_column][\/vc_column][\/vc_row][vc_row][vc_column width=&#8221;1\/2&#8243;][vc_toggle title=&#8221;Cl\u00f4ture \u00e0 Panneaux D\u00e9coratifs&#8221; open=&#8221;true&#8221; custom_font_container=&#8221;tag:h4|font_size:10px|text_align:left&#8221; custom_use_theme_fonts=&#8221;yes&#8221;]Les cl\u00f4tures \u00e0 panneaux d\u00e9coratifs sont produites pour offrir diff\u00e9rentes options aux demandes des clients et r\u00e9pondre aux besoins de s\u00e9curit\u00e9. sont des produits sp\u00e9cialement con\u00e7us. Ces produits, particuli\u00e8rement appr\u00e9ci\u00e9s dans les maisons individuelles, peuvent \u00e9galement \u00eatre utilis\u00e9s dans les installations industrielles. En plus des diff\u00e9rentes alternatives de couleurs et de formes, avec des options de poteaux sp\u00e9cialement con\u00e7ues pour compl\u00e9ter la d\u00e9coration, les techniques de nos clients En plus des attentes, nous r\u00e9pondons au mieux aux exigences esth\u00e9tiques.[\/vc_toggle][\/vc_column][vc_column width=&#8221;1\/12&#8243; offset=&#8221;vc_col-lg-6&#8243;][vc_images_carousel images=&#8221;3691&#8243; img_size=&#8221;full&#8221; autoplay=&#8221;yes&#8221; hide_pagination_control=&#8221;yes&#8221; wrap=&#8221;yes&#8221;][\/vc_column][\/vc_row][vc_row][vc_column][\/vc_column][\/vc_row]<\/p>\n","protected":false},"author":1,"featured_media":3691,"parent":0,"menu_order":0,"comment_status":"closed","ping_status":"closed","template":"","meta":[],"yoast_head":"<!-- This site is optimized with the Yoast SEO plugin v16.4 - https:\/\/yoast.com\/wordpress\/plugins\/seo\/ -->\n<title>Cl\u00f4ture \u00e0 Panneaux D\u00e9coratifs - Stop Grup Syst\u00e8mes de Cl\u00f4ture et de Barri\u00e8re<\/title>\n<meta name=\"robots\" content=\"index, follow, max-snippet:-1, max-image-preview:large, max-video-preview:-1\" \/>\n<link rel=\"canonical\" href=\"https:\/\/www.stopgrup.com\/fr\/cloture-a-panneaux-decoratifs\/\" \/>\n<meta property=\"og:locale\" content=\"tr_TR\" \/>\n<meta property=\"og:type\" content=\"article\" \/>\n<meta property=\"og:title\" content=\"Cl\u00f4ture \u00e0 Panneaux D\u00e9coratifs - Stop Grup Syst\u00e8mes de Cl\u00f4ture et de Barri\u00e8re\" \/>\n<meta property=\"og:description\" content=\"[vc_row full_width=&#8221;stretch_row_content_no_spaces&#8221;][vc_column][\/vc_column][\/vc_row][vc_row][vc_column width=&#8221;1\/2&#8243;][vc_toggle title=&#8221;Cl\u00f4ture \u00e0 Panneaux D\u00e9coratifs&#8221; open=&#8221;true&#8221; custom_font_container=&#8221;tag:h4|font_size:10px|text_align:left&#8221; custom_use_theme_fonts=&#8221;yes&#8221;]Les cl\u00f4tures \u00e0 panneaux d\u00e9coratifs sont produites pour offrir diff\u00e9rentes options aux demandes des clients et r\u00e9pondre aux besoins de s\u00e9curit\u00e9. sont des produits sp\u00e9cialement con\u00e7us. Ces produits, particuli\u00e8rement appr\u00e9ci\u00e9s dans les maisons individuelles, peuvent \u00e9galement \u00eatre utilis\u00e9s dans les installations industrielles. En plus des diff\u00e9rentes alternatives de couleurs et de formes, avec des options de poteaux sp\u00e9cialement con\u00e7ues pour compl\u00e9ter la d\u00e9coration, les techniques de nos clients En plus des attentes, nous r\u00e9pondons au mieux aux exigences esth\u00e9tiques.[\/vc_toggle][\/vc_column][vc_column width=&#8221;1\/12&#8243; offset=&#8221;vc_col-lg-6&#8243;][vc_images_carousel images=&#8221;3691&#8243; img_size=&#8221;full&#8221; autoplay=&#8221;yes&#8221; hide_pagination_control=&#8221;yes&#8221; wrap=&#8221;yes&#8221;][\/vc_column][\/vc_row][vc_row][vc_column][\/vc_column][\/vc_row]\" \/>\n<meta property=\"og:url\" content=\"https:\/\/www.stopgrup.com\/fr\/cloture-a-panneaux-decoratifs\/\" \/>\n<meta property=\"og:site_name\" content=\"Stop Grup Syst\u00e8mes de Cl\u00f4ture et de Barri\u00e8re\" \/>\n<meta property=\"article:modified_time\" content=\"2021-07-09T07:38:22+00:00\" \/>\n<meta property=\"og:image\" content=\"https:\/\/www.stopgrup.com\/fr\/wp-content\/uploads\/2021\/02\/dekoratif-panel-cit.jpg\" \/>\n\t<meta property=\"og:image:width\" content=\"737\" \/>\n\t<meta property=\"og:image:height\" content=\"415\" \/>\n<meta name=\"twitter:card\" content=\"summary_large_image\" \/>\n<meta name=\"twitter:label1\" content=\"Tahmini okuma s\u00fcresi\" \/>\n\t<meta name=\"twitter:data1\" content=\"1 dakika\" \/>\n<script type=\"application\/ld+json\" class=\"yoast-schema-graph\">{\"@context\":\"https:\/\/schema.org\",\"@graph\":[{\"@type\":\"WebSite\",\"@id\":\"https:\/\/www.stopgrup.com\/fr\/#website\",\"url\":\"https:\/\/www.stopgrup.com\/fr\/\",\"name\":\"Stop Grup Syst\\u00e8mes de Cl\\u00f4ture et de Barri\\u00e8re\",\"description\":\"\",\"potentialAction\":[{\"@type\":\"SearchAction\",\"target\":\"https:\/\/www.stopgrup.com\/fr\/?s={search_term_string}\",\"query-input\":\"required name=search_term_string\"}],\"inLanguage\":\"tr\"},{\"@type\":\"ImageObject\",\"@id\":\"https:\/\/www.stopgrup.com\/fr\/cloture-a-panneaux-decoratifs\/#primaryimage\",\"inLanguage\":\"tr\",\"url\":\"https:\/\/www.stopgrup.com\/fr\/wp-content\/uploads\/2021\/02\/dekoratif-panel-cit.jpg\",\"contentUrl\":\"https:\/\/www.stopgrup.com\/fr\/wp-content\/uploads\/2021\/02\/dekoratif-panel-cit.jpg\",\"width\":737,\"height\":415,\"caption\":\"dekoratif panel \\u00e7it\"},{\"@type\":\"WebPage\",\"@id\":\"https:\/\/www.stopgrup.com\/fr\/cloture-a-panneaux-decoratifs\/#webpage\",\"url\":\"https:\/\/www.stopgrup.com\/fr\/cloture-a-panneaux-decoratifs\/\",\"name\":\"Cl\\u00f4ture \\u00e0 Panneaux D\\u00e9coratifs - Stop Grup Syst\\u00e8mes de Cl\\u00f4ture et de Barri\\u00e8re\",\"isPartOf\":{\"@id\":\"https:\/\/www.stopgrup.com\/fr\/#website\"},\"primaryImageOfPage\":{\"@id\":\"https:\/\/www.stopgrup.com\/fr\/cloture-a-panneaux-decoratifs\/#primaryimage\"},\"datePublished\":\"2021-02-10T10:07:05+00:00\",\"dateModified\":\"2021-07-09T07:38:22+00:00\",\"breadcrumb\":{\"@id\":\"https:\/\/www.stopgrup.com\/fr\/cloture-a-panneaux-decoratifs\/#breadcrumb\"},\"inLanguage\":\"tr\",\"potentialAction\":[{\"@type\":\"ReadAction\",\"target\":[\"https:\/\/www.stopgrup.com\/fr\/cloture-a-panneaux-decoratifs\/\"]}]},{\"@type\":\"BreadcrumbList\",\"@id\":\"https:\/\/www.stopgrup.com\/fr\/cloture-a-panneaux-decoratifs\/#breadcrumb\",\"itemListElement\":[{\"@type\":\"ListItem\",\"position\":1,\"item\":{\"@type\":\"WebPage\",\"@id\":\"https:\/\/www.stopgrup.com\/fr\/\",\"url\":\"https:\/\/www.stopgrup.com\/fr\/\",\"name\":\"Anasayfa\"}},{\"@type\":\"ListItem\",\"position\":2,\"item\":{\"@id\":\"https:\/\/www.stopgrup.com\/fr\/cloture-a-panneaux-decoratifs\/#webpage\"}}]}]}<\/script>\n<!-- \/ Yoast SEO plugin. -->","_links":{"self":[{"href":"https:\/\/www.stopgrup.com\/fr\/wp-json\/wp\/v2\/pages\/3936"}],"collection":[{"href":"https:\/\/www.stopgrup.com\/fr\/wp-json\/wp\/v2\/pages"}],"about":[{"href":"https:\/\/www.stopgrup.com\/fr\/wp-json\/wp\/v2\/types\/page"}],"author":[{"embeddable":true,"href":"https:\/\/www.stopgrup.com\/fr\/wp-json\/wp\/v2\/users\/1"}],"replies":[{"embeddable":true,"href":"https:\/\/www.stopgrup.com\/fr\/wp-json\/wp\/v2\/comments?post=3936"}],"version-history":[{"count":7,"href":"https:\/\/www.stopgrup.com\/fr\/wp-json\/wp\/v2\/pages\/3936\/revisions"}],"predecessor-version":[{"id":7086,"href":"https:\/\/www.stopgrup.com\/fr\/wp-json\/wp\/v2\/pages\/3936\/revisions\/7086"}],"wp:featuredmedia":[{"embeddable":true,"href":"https:\/\/www.stopgrup.com\/fr\/wp-json\/wp\/v2\/media\/3691"}],"wp:attachment":[{"href":"https:\/\/www.stopgrup.com\/fr\/wp-json\/wp\/v2\/media?parent=3936"}],"curies":[{"name":"wp","href":"https:\/\/api.w.org\/{rel}","templated":true}]}}