{"id":3945,"date":"2021-02-10T13:37:32","date_gmt":"2021-02-10T10:37:32","guid":{"rendered":"http:\/\/www.maltepedekimatbaalar.com\/?page_id=3945"},"modified":"2021-07-09T10:26:15","modified_gmt":"2021-07-09T07:26:15","slug":"portes-de-cloture-a-panneaux","status":"publish","type":"page","link":"https:\/\/www.stopgrup.com\/fr\/portes-de-cloture-a-panneaux\/","title":{"rendered":"Portes de Cl\u00f4ture \u00e0 Panneaux"},"content":{"rendered":"[vc_row full_width=&#8221;stretch_row_content_no_spaces&#8221;][vc_column]<div id='banner_id_69e7e04a0203e' class='banner style_1'><div class='banner_wrapper button-default a-center' style='background-image:url(https:\/\/www.stopgrup.com\/fr\/wp-content\/uploads\/2020\/12\/text-bg-1.jpg);'><div class='banner_table'><div class='banner_cell'><h3 class='banner_title' style='color:#b5b5b5'><span class='banner_title_text'>Portes de Cl\u00f4ture \u00e0 Panneaux<\/span><\/h3><\/div><\/div><\/div><\/div><div class=\"cws_spacing\"><div class=\"cws_spacing cws_spacing_default\" style=\"height:32px;\"><\/div><\/div>[\/vc_column][\/vc_row][vc_row][vc_column width=&#8221;1\/2&#8243;][vc_toggle title=&#8221;Portes de Cl\u00f4ture \u00e0 Panneaux&#8221; open=&#8221;true&#8221; custom_font_container=&#8221;tag:h4|font_size:10px|text_align:left&#8221; custom_use_theme_fonts=&#8221;yes&#8221;]Portails coulissants sur rails; grandes installations industrielles, installations militaires, a\u00e9roports, sites, etc. Ce sont les syst\u00e8mes de portes pr\u00e9f\u00e9r\u00e9s dans les structures \u00e0 grande \u00e9chelle telles que Choisir les moteurs qui supporteront le poids de la porte et respecter la fr\u00e9quence d&#8217;utilisation lors de la phase de conception et de d\u00e9cision du projet est tr\u00e8s important en termes de dur\u00e9e de vie du syst\u00e8me et de confort d&#8217;utilisation.[\/vc_toggle][\/vc_column][vc_column width=&#8221;1\/12&#8243; offset=&#8221;vc_col-lg-6&#8243;][vc_images_carousel images=&#8221;3696&#8243; img_size=&#8221;full&#8221; autoplay=&#8221;yes&#8221; hide_pagination_control=&#8221;yes&#8221; wrap=&#8221;yes&#8221;][\/vc_column][\/vc_row][vc_row][vc_column]<div class=\"cws_spacing\"><div class=\"cws_spacing cws_spacing_default\" style=\"height:32px;\"><\/div><\/div>[\/vc_column][\/vc_row]\n","protected":false},"excerpt":{"rendered":"<p>[vc_row full_width=&#8221;stretch_row_content_no_spaces&#8221;][vc_column][\/vc_column][\/vc_row][vc_row][vc_column width=&#8221;1\/2&#8243;][vc_toggle title=&#8221;Portes de Cl\u00f4ture \u00e0 Panneaux&#8221; open=&#8221;true&#8221; custom_font_container=&#8221;tag:h4|font_size:10px|text_align:left&#8221; custom_use_theme_fonts=&#8221;yes&#8221;]Portails coulissants sur rails; grandes installations industrielles, installations militaires, a\u00e9roports, sites, etc. Ce sont les syst\u00e8mes de portes pr\u00e9f\u00e9r\u00e9s dans les structures \u00e0 grande \u00e9chelle telles que Choisir les moteurs qui supporteront le poids de la porte et respecter la fr\u00e9quence d&#8217;utilisation lors de la phase de conception et de d\u00e9cision du projet est tr\u00e8s important en termes de dur\u00e9e de vie du syst\u00e8me et de confort d&#8217;utilisation.[\/vc_toggle][\/vc_column][vc_column width=&#8221;1\/12&#8243; offset=&#8221;vc_col-lg-6&#8243;][vc_images_carousel images=&#8221;3696&#8243; img_size=&#8221;full&#8221; autoplay=&#8221;yes&#8221; hide_pagination_control=&#8221;yes&#8221; wrap=&#8221;yes&#8221;][\/vc_column][\/vc_row][vc_row][vc_column][\/vc_column][\/vc_row]<\/p>\n","protected":false},"author":1,"featured_media":3696,"parent":0,"menu_order":0,"comment_status":"closed","ping_status":"closed","template":"","meta":[],"yoast_head":"<!-- This site is optimized with the Yoast SEO plugin v16.4 - https:\/\/yoast.com\/wordpress\/plugins\/seo\/ -->\n<title>Portes de Cl\u00f4ture \u00e0 Panneaux - Stop Grup Syst\u00e8mes de Cl\u00f4ture et de Barri\u00e8re<\/title>\n<meta name=\"robots\" content=\"index, follow, max-snippet:-1, max-image-preview:large, max-video-preview:-1\" \/>\n<link rel=\"canonical\" href=\"https:\/\/www.stopgrup.com\/fr\/portes-de-cloture-a-panneaux\/\" \/>\n<meta property=\"og:locale\" content=\"tr_TR\" \/>\n<meta property=\"og:type\" content=\"article\" \/>\n<meta property=\"og:title\" content=\"Portes de Cl\u00f4ture \u00e0 Panneaux - Stop Grup Syst\u00e8mes de Cl\u00f4ture et de Barri\u00e8re\" \/>\n<meta property=\"og:description\" content=\"[vc_row full_width=&#8221;stretch_row_content_no_spaces&#8221;][vc_column][\/vc_column][\/vc_row][vc_row][vc_column width=&#8221;1\/2&#8243;][vc_toggle title=&#8221;Portes de Cl\u00f4ture \u00e0 Panneaux&#8221; open=&#8221;true&#8221; custom_font_container=&#8221;tag:h4|font_size:10px|text_align:left&#8221; custom_use_theme_fonts=&#8221;yes&#8221;]Portails coulissants sur rails; grandes installations industrielles, installations militaires, a\u00e9roports, sites, etc. Ce sont les syst\u00e8mes de portes pr\u00e9f\u00e9r\u00e9s dans les structures \u00e0 grande \u00e9chelle telles que Choisir les moteurs qui supporteront le poids de la porte et respecter la fr\u00e9quence d&#8217;utilisation lors de la phase de conception et de d\u00e9cision du projet est tr\u00e8s important en termes de dur\u00e9e de vie du syst\u00e8me et de confort d&#8217;utilisation.[\/vc_toggle][\/vc_column][vc_column width=&#8221;1\/12&#8243; offset=&#8221;vc_col-lg-6&#8243;][vc_images_carousel images=&#8221;3696&#8243; img_size=&#8221;full&#8221; autoplay=&#8221;yes&#8221; hide_pagination_control=&#8221;yes&#8221; wrap=&#8221;yes&#8221;][\/vc_column][\/vc_row][vc_row][vc_column][\/vc_column][\/vc_row]\" \/>\n<meta property=\"og:url\" content=\"https:\/\/www.stopgrup.com\/fr\/portes-de-cloture-a-panneaux\/\" \/>\n<meta property=\"og:site_name\" content=\"Stop Grup Syst\u00e8mes de Cl\u00f4ture et de Barri\u00e8re\" \/>\n<meta property=\"article:modified_time\" content=\"2021-07-09T07:26:15+00:00\" \/>\n<meta property=\"og:image\" content=\"https:\/\/www.stopgrup.com\/fr\/wp-content\/uploads\/2021\/02\/rayli-panel-cit-kapilar.jpg\" \/>\n\t<meta property=\"og:image:width\" content=\"739\" \/>\n\t<meta property=\"og:image:height\" content=\"415\" \/>\n<meta name=\"twitter:card\" content=\"summary_large_image\" \/>\n<meta name=\"twitter:label1\" content=\"Tahmini okuma s\u00fcresi\" \/>\n\t<meta name=\"twitter:data1\" content=\"1 dakika\" \/>\n<script type=\"application\/ld+json\" class=\"yoast-schema-graph\">{\"@context\":\"https:\/\/schema.org\",\"@graph\":[{\"@type\":\"WebSite\",\"@id\":\"https:\/\/www.stopgrup.com\/fr\/#website\",\"url\":\"https:\/\/www.stopgrup.com\/fr\/\",\"name\":\"Stop Grup Syst\\u00e8mes de Cl\\u00f4ture et de Barri\\u00e8re\",\"description\":\"\",\"potentialAction\":[{\"@type\":\"SearchAction\",\"target\":\"https:\/\/www.stopgrup.com\/fr\/?s={search_term_string}\",\"query-input\":\"required name=search_term_string\"}],\"inLanguage\":\"tr\"},{\"@type\":\"ImageObject\",\"@id\":\"https:\/\/www.stopgrup.com\/fr\/portes-de-cloture-a-panneaux\/#primaryimage\",\"inLanguage\":\"tr\",\"url\":\"https:\/\/www.stopgrup.com\/fr\/wp-content\/uploads\/2021\/02\/rayli-panel-cit-kapilar.jpg\",\"contentUrl\":\"https:\/\/www.stopgrup.com\/fr\/wp-content\/uploads\/2021\/02\/rayli-panel-cit-kapilar.jpg\",\"width\":739,\"height\":415,\"caption\":\"Rayli Panel \\u00c7it Kap\\u0131lar\"},{\"@type\":\"WebPage\",\"@id\":\"https:\/\/www.stopgrup.com\/fr\/portes-de-cloture-a-panneaux\/#webpage\",\"url\":\"https:\/\/www.stopgrup.com\/fr\/portes-de-cloture-a-panneaux\/\",\"name\":\"Portes de Cl\\u00f4ture \\u00e0 Panneaux - Stop Grup Syst\\u00e8mes de Cl\\u00f4ture et de Barri\\u00e8re\",\"isPartOf\":{\"@id\":\"https:\/\/www.stopgrup.com\/fr\/#website\"},\"primaryImageOfPage\":{\"@id\":\"https:\/\/www.stopgrup.com\/fr\/portes-de-cloture-a-panneaux\/#primaryimage\"},\"datePublished\":\"2021-02-10T10:37:32+00:00\",\"dateModified\":\"2021-07-09T07:26:15+00:00\",\"breadcrumb\":{\"@id\":\"https:\/\/www.stopgrup.com\/fr\/portes-de-cloture-a-panneaux\/#breadcrumb\"},\"inLanguage\":\"tr\",\"potentialAction\":[{\"@type\":\"ReadAction\",\"target\":[\"https:\/\/www.stopgrup.com\/fr\/portes-de-cloture-a-panneaux\/\"]}]},{\"@type\":\"BreadcrumbList\",\"@id\":\"https:\/\/www.stopgrup.com\/fr\/portes-de-cloture-a-panneaux\/#breadcrumb\",\"itemListElement\":[{\"@type\":\"ListItem\",\"position\":1,\"item\":{\"@type\":\"WebPage\",\"@id\":\"https:\/\/www.stopgrup.com\/fr\/\",\"url\":\"https:\/\/www.stopgrup.com\/fr\/\",\"name\":\"Anasayfa\"}},{\"@type\":\"ListItem\",\"position\":2,\"item\":{\"@id\":\"https:\/\/www.stopgrup.com\/fr\/portes-de-cloture-a-panneaux\/#webpage\"}}]}]}<\/script>\n<!-- \/ Yoast SEO plugin. -->","_links":{"self":[{"href":"https:\/\/www.stopgrup.com\/fr\/wp-json\/wp\/v2\/pages\/3945"}],"collection":[{"href":"https:\/\/www.stopgrup.com\/fr\/wp-json\/wp\/v2\/pages"}],"about":[{"href":"https:\/\/www.stopgrup.com\/fr\/wp-json\/wp\/v2\/types\/page"}],"author":[{"embeddable":true,"href":"https:\/\/www.stopgrup.com\/fr\/wp-json\/wp\/v2\/users\/1"}],"replies":[{"embeddable":true,"href":"https:\/\/www.stopgrup.com\/fr\/wp-json\/wp\/v2\/comments?post=3945"}],"version-history":[{"count":6,"href":"https:\/\/www.stopgrup.com\/fr\/wp-json\/wp\/v2\/pages\/3945\/revisions"}],"predecessor-version":[{"id":7078,"href":"https:\/\/www.stopgrup.com\/fr\/wp-json\/wp\/v2\/pages\/3945\/revisions\/7078"}],"wp:featuredmedia":[{"embeddable":true,"href":"https:\/\/www.stopgrup.com\/fr\/wp-json\/wp\/v2\/media\/3696"}],"wp:attachment":[{"href":"https:\/\/www.stopgrup.com\/fr\/wp-json\/wp\/v2\/media?parent=3945"}],"curies":[{"name":"wp","href":"https:\/\/api.w.org\/{rel}","templated":true}]}}