{"id":3947,"date":"2021-02-10T13:42:52","date_gmt":"2021-02-10T10:42:52","guid":{"rendered":"http:\/\/www.maltepedekimatbaalar.com\/?page_id=3947"},"modified":"2021-07-09T10:27:30","modified_gmt":"2021-07-09T07:27:30","slug":"portes-de-cloture-a-panneaux-a-double-battant","status":"publish","type":"page","link":"https:\/\/www.stopgrup.com\/fr\/portes-de-cloture-a-panneaux-a-double-battant\/","title":{"rendered":"Portes de Cl\u00f4ture \u00e0 Panneaux \u00e0 Double Battant"},"content":{"rendered":"[vc_row full_width=&#8221;stretch_row_content_no_spaces&#8221;][vc_column]<div id='banner_id_69e7e08180cae' class='banner style_1'><div class='banner_wrapper button-default a-center' style='background-image:url(https:\/\/www.stopgrup.com\/fr\/wp-content\/uploads\/2020\/12\/text-bg-1.jpg);'><div class='banner_table'><div class='banner_cell'><h3 class='banner_title' style='color:#b5b5b5'><span class='banner_title_text'>Portes de Cl\u00f4ture \u00e0 Panneaux \u00e0 Double Battant<\/span><\/h3><\/div><\/div><\/div><\/div><div class=\"cws_spacing\"><div class=\"cws_spacing cws_spacing_default\" style=\"height:32px;\"><\/div><\/div>[\/vc_column][\/vc_row][vc_row][vc_column width=&#8221;1\/2&#8243;][vc_toggle title=&#8221;Portes de Cl\u00f4ture \u00e0 Panneaux \u00e0 Double Battant&#8221; open=&#8221;true&#8221; custom_font_container=&#8221;tag:h4|font_size:10px|text_align:left&#8221; custom_use_theme_fonts=&#8221;yes&#8221;]Il est g\u00e9n\u00e9ralement utilis\u00e9 dans des structures \u00e0 petite \u00e9chelle, des b\u00e2timents priv\u00e9s, avec moins de circulation de v\u00e9hicules et de pi\u00e9tons.<br \/>\nC&#8217;est le type de portail pr\u00e9f\u00e9r\u00e9 dans les sections d&#8217;entr\u00e9e des terrains vacants.<br \/>\nCes portes sont g\u00e9n\u00e9ralement produites dans un syst\u00e8me \u00e0 commande manuelle.<br \/>\nmais; Ils peuvent \u00e9galement \u00eatre r\u00e9alis\u00e9s avec une t\u00e9l\u00e9commande si vous le souhaitez.[\/vc_toggle][\/vc_column][vc_column width=&#8221;1\/12&#8243; offset=&#8221;vc_col-lg-6&#8243;][vc_images_carousel images=&#8221;3697&#8243; img_size=&#8221;full&#8221; autoplay=&#8221;yes&#8221; hide_pagination_control=&#8221;yes&#8221; wrap=&#8221;yes&#8221;][\/vc_column][\/vc_row][vc_row][vc_column]<div class=\"cws_spacing\"><div class=\"cws_spacing cws_spacing_default\" style=\"height:32px;\"><\/div><\/div>[\/vc_column][\/vc_row]\n","protected":false},"excerpt":{"rendered":"<p>[vc_row full_width=&#8221;stretch_row_content_no_spaces&#8221;][vc_column][\/vc_column][\/vc_row][vc_row][vc_column width=&#8221;1\/2&#8243;][vc_toggle title=&#8221;Portes de Cl\u00f4ture \u00e0 Panneaux \u00e0 Double Battant&#8221; open=&#8221;true&#8221; custom_font_container=&#8221;tag:h4|font_size:10px|text_align:left&#8221; custom_use_theme_fonts=&#8221;yes&#8221;]Il est g\u00e9n\u00e9ralement utilis\u00e9 dans des structures \u00e0 petite \u00e9chelle, des b\u00e2timents priv\u00e9s, avec moins de circulation de v\u00e9hicules et de pi\u00e9tons. C&#8217;est le type de portail pr\u00e9f\u00e9r\u00e9 dans les sections d&#8217;entr\u00e9e des terrains vacants. Ces portes sont g\u00e9n\u00e9ralement produites dans un syst\u00e8me \u00e0 commande manuelle. mais; Ils peuvent \u00e9galement \u00eatre r\u00e9alis\u00e9s avec une t\u00e9l\u00e9commande si vous le souhaitez.[\/vc_toggle][\/vc_column][vc_column width=&#8221;1\/12&#8243; offset=&#8221;vc_col-lg-6&#8243;][vc_images_carousel images=&#8221;3697&#8243; img_size=&#8221;full&#8221; autoplay=&#8221;yes&#8221; hide_pagination_control=&#8221;yes&#8221; wrap=&#8221;yes&#8221;][\/vc_column][\/vc_row][vc_row][vc_column][\/vc_column][\/vc_row]<\/p>\n","protected":false},"author":1,"featured_media":3697,"parent":0,"menu_order":0,"comment_status":"closed","ping_status":"closed","template":"","meta":[],"yoast_head":"<!-- This site is optimized with the Yoast SEO plugin v16.4 - https:\/\/yoast.com\/wordpress\/plugins\/seo\/ -->\n<title>Portes de Cl\u00f4ture \u00e0 Panneaux \u00e0 Double Battant - Stop Grup Syst\u00e8mes de Cl\u00f4ture et de Barri\u00e8re<\/title>\n<meta name=\"robots\" content=\"index, follow, max-snippet:-1, max-image-preview:large, max-video-preview:-1\" \/>\n<link rel=\"canonical\" href=\"https:\/\/www.stopgrup.com\/fr\/portes-de-cloture-a-panneaux-a-double-battant\/\" \/>\n<meta property=\"og:locale\" content=\"tr_TR\" \/>\n<meta property=\"og:type\" content=\"article\" \/>\n<meta property=\"og:title\" content=\"Portes de Cl\u00f4ture \u00e0 Panneaux \u00e0 Double Battant - Stop Grup Syst\u00e8mes de Cl\u00f4ture et de Barri\u00e8re\" \/>\n<meta property=\"og:description\" content=\"[vc_row full_width=&#8221;stretch_row_content_no_spaces&#8221;][vc_column][\/vc_column][\/vc_row][vc_row][vc_column width=&#8221;1\/2&#8243;][vc_toggle title=&#8221;Portes de Cl\u00f4ture \u00e0 Panneaux \u00e0 Double Battant&#8221; open=&#8221;true&#8221; custom_font_container=&#8221;tag:h4|font_size:10px|text_align:left&#8221; custom_use_theme_fonts=&#8221;yes&#8221;]Il est g\u00e9n\u00e9ralement utilis\u00e9 dans des structures \u00e0 petite \u00e9chelle, des b\u00e2timents priv\u00e9s, avec moins de circulation de v\u00e9hicules et de pi\u00e9tons. C&#8217;est le type de portail pr\u00e9f\u00e9r\u00e9 dans les sections d&#8217;entr\u00e9e des terrains vacants. Ces portes sont g\u00e9n\u00e9ralement produites dans un syst\u00e8me \u00e0 commande manuelle. mais; Ils peuvent \u00e9galement \u00eatre r\u00e9alis\u00e9s avec une t\u00e9l\u00e9commande si vous le souhaitez.[\/vc_toggle][\/vc_column][vc_column width=&#8221;1\/12&#8243; offset=&#8221;vc_col-lg-6&#8243;][vc_images_carousel images=&#8221;3697&#8243; img_size=&#8221;full&#8221; autoplay=&#8221;yes&#8221; hide_pagination_control=&#8221;yes&#8221; wrap=&#8221;yes&#8221;][\/vc_column][\/vc_row][vc_row][vc_column][\/vc_column][\/vc_row]\" \/>\n<meta property=\"og:url\" content=\"https:\/\/www.stopgrup.com\/fr\/portes-de-cloture-a-panneaux-a-double-battant\/\" \/>\n<meta property=\"og:site_name\" content=\"Stop Grup Syst\u00e8mes de Cl\u00f4ture et de Barri\u00e8re\" \/>\n<meta property=\"article:modified_time\" content=\"2021-07-09T07:27:30+00:00\" \/>\n<meta property=\"og:image\" content=\"https:\/\/www.stopgrup.com\/fr\/wp-content\/uploads\/2021\/02\/cift-kanatli-panel-cit-kapilar.jpg\" \/>\n\t<meta property=\"og:image:width\" content=\"737\" \/>\n\t<meta property=\"og:image:height\" content=\"415\" \/>\n<meta name=\"twitter:card\" content=\"summary_large_image\" \/>\n<meta name=\"twitter:label1\" content=\"Tahmini okuma s\u00fcresi\" \/>\n\t<meta name=\"twitter:data1\" content=\"1 dakika\" \/>\n<script type=\"application\/ld+json\" class=\"yoast-schema-graph\">{\"@context\":\"https:\/\/schema.org\",\"@graph\":[{\"@type\":\"WebSite\",\"@id\":\"https:\/\/www.stopgrup.com\/fr\/#website\",\"url\":\"https:\/\/www.stopgrup.com\/fr\/\",\"name\":\"Stop Grup Syst\\u00e8mes de Cl\\u00f4ture et de Barri\\u00e8re\",\"description\":\"\",\"potentialAction\":[{\"@type\":\"SearchAction\",\"target\":\"https:\/\/www.stopgrup.com\/fr\/?s={search_term_string}\",\"query-input\":\"required name=search_term_string\"}],\"inLanguage\":\"tr\"},{\"@type\":\"ImageObject\",\"@id\":\"https:\/\/www.stopgrup.com\/fr\/portes-de-cloture-a-panneaux-a-double-battant\/#primaryimage\",\"inLanguage\":\"tr\",\"url\":\"https:\/\/www.stopgrup.com\/fr\/wp-content\/uploads\/2021\/02\/cift-kanatli-panel-cit-kapilar.jpg\",\"contentUrl\":\"https:\/\/www.stopgrup.com\/fr\/wp-content\/uploads\/2021\/02\/cift-kanatli-panel-cit-kapilar.jpg\",\"width\":737,\"height\":415,\"caption\":\"\\u00e7ift kanatl\\u0131 rayl\\u0131 \\u00e7it kap\\u0131lar\"},{\"@type\":\"WebPage\",\"@id\":\"https:\/\/www.stopgrup.com\/fr\/portes-de-cloture-a-panneaux-a-double-battant\/#webpage\",\"url\":\"https:\/\/www.stopgrup.com\/fr\/portes-de-cloture-a-panneaux-a-double-battant\/\",\"name\":\"Portes de Cl\\u00f4ture \\u00e0 Panneaux \\u00e0 Double Battant - Stop Grup Syst\\u00e8mes de Cl\\u00f4ture et de Barri\\u00e8re\",\"isPartOf\":{\"@id\":\"https:\/\/www.stopgrup.com\/fr\/#website\"},\"primaryImageOfPage\":{\"@id\":\"https:\/\/www.stopgrup.com\/fr\/portes-de-cloture-a-panneaux-a-double-battant\/#primaryimage\"},\"datePublished\":\"2021-02-10T10:42:52+00:00\",\"dateModified\":\"2021-07-09T07:27:30+00:00\",\"breadcrumb\":{\"@id\":\"https:\/\/www.stopgrup.com\/fr\/portes-de-cloture-a-panneaux-a-double-battant\/#breadcrumb\"},\"inLanguage\":\"tr\",\"potentialAction\":[{\"@type\":\"ReadAction\",\"target\":[\"https:\/\/www.stopgrup.com\/fr\/portes-de-cloture-a-panneaux-a-double-battant\/\"]}]},{\"@type\":\"BreadcrumbList\",\"@id\":\"https:\/\/www.stopgrup.com\/fr\/portes-de-cloture-a-panneaux-a-double-battant\/#breadcrumb\",\"itemListElement\":[{\"@type\":\"ListItem\",\"position\":1,\"item\":{\"@type\":\"WebPage\",\"@id\":\"https:\/\/www.stopgrup.com\/fr\/\",\"url\":\"https:\/\/www.stopgrup.com\/fr\/\",\"name\":\"Anasayfa\"}},{\"@type\":\"ListItem\",\"position\":2,\"item\":{\"@id\":\"https:\/\/www.stopgrup.com\/fr\/portes-de-cloture-a-panneaux-a-double-battant\/#webpage\"}}]}]}<\/script>\n<!-- \/ Yoast SEO plugin. -->","_links":{"self":[{"href":"https:\/\/www.stopgrup.com\/fr\/wp-json\/wp\/v2\/pages\/3947"}],"collection":[{"href":"https:\/\/www.stopgrup.com\/fr\/wp-json\/wp\/v2\/pages"}],"about":[{"href":"https:\/\/www.stopgrup.com\/fr\/wp-json\/wp\/v2\/types\/page"}],"author":[{"embeddable":true,"href":"https:\/\/www.stopgrup.com\/fr\/wp-json\/wp\/v2\/users\/1"}],"replies":[{"embeddable":true,"href":"https:\/\/www.stopgrup.com\/fr\/wp-json\/wp\/v2\/comments?post=3947"}],"version-history":[{"count":7,"href":"https:\/\/www.stopgrup.com\/fr\/wp-json\/wp\/v2\/pages\/3947\/revisions"}],"predecessor-version":[{"id":7079,"href":"https:\/\/www.stopgrup.com\/fr\/wp-json\/wp\/v2\/pages\/3947\/revisions\/7079"}],"wp:featuredmedia":[{"embeddable":true,"href":"https:\/\/www.stopgrup.com\/fr\/wp-json\/wp\/v2\/media\/3697"}],"wp:attachment":[{"href":"https:\/\/www.stopgrup.com\/fr\/wp-json\/wp\/v2\/media?parent=3947"}],"curies":[{"name":"wp","href":"https:\/\/api.w.org\/{rel}","templated":true}]}}