{"id":5977,"date":"2021-05-18T09:53:06","date_gmt":"2021-05-18T06:53:06","guid":{"rendered":"https:\/\/www.stopgrup.com\/?page_id=5977"},"modified":"2021-07-08T09:55:30","modified_gmt":"2021-07-08T06:55:30","slug":"systemes-de-bloqueur-de-route","status":"publish","type":"page","link":"https:\/\/www.stopgrup.com\/fr\/systemes-de-bloqueur-de-route\/","title":{"rendered":"Syst\u00e8mes de Bloqueur de Route"},"content":{"rendered":"[vc_row][vc_column]<div class='cws_textmodule cws_vc_shortcode_module' id='cws_textmodule_69e7c5f4f380c'><div class='cws_textmodule_wrapper add_divider divider_style_underline'><div class='cws_textmodule_text text_align_left'><div class='cws_textmodule_titles display_block'><h4 class='cws_textmodule_subtitle'>Produits de Barri\u00e8re<\/h4><h1 class='cws_textmodule_title'><span>Syst\u00e8mes de Bloqueur de Route<\/span><\/h1><\/div><\/div><\/div><\/div><div class=\"cws_spacing cws_spacing_size_sm_desctop-on cws_spacing_tablet-on cws_spacing_mobile-on\"><div class=\"cws_spacing cws_spacing_default\" style=\"height:50px;\"><\/div> <div class=\"cws_spacing cws_spacing_size_sm_desctop\" style=\"height:90px;\"><\/div> <div class=\"cws_spacing cws_spacing_tablet\" style=\"height:40px;\"><\/div> <div class=\"cws_spacing cws_spacing_mobile\" style=\"height:40px;\"><\/div><\/div>[vc_row_inner][vc_column_inner width=&#8221;1\/4&#8243; inner_col_bg_repeat=&#8221;no-repeat&#8221; offset=&#8221;vc_col-lg-offset-0 vc_col-lg-3 vc_col-md-offset-0 vc_col-md-3 vc_col-sm-offset-0 vc_col-xs-offset-2 vc_col-xs-8&#8243;][vc_single_image image=&#8221;3637&#8243; img_size=&#8221;full&#8221; alignment=&#8221;center&#8221; style=&#8221;vc_box_shadow_3d&#8221; onclick=&#8221;custom_link&#8221; link=&#8221;https:\/\/www.stopgrup.com\/fr\/bloqueur-de-route-sur-le-sol\/&#8221;][vc_btn title=&#8221;&#8221; style=&#8221;flat&#8221; shape=&#8221;square&#8221; color=&#8221;juicy-pink&#8221; i_icon_fontawesome=&#8221;fas fa-file-pdf&#8221; add_icon=&#8221;true&#8221; css=&#8221;.vc_custom_1614930603972{padding-right: 5px !important;padding-left: 5px !important;}&#8221;][vc_btn title=&#8221;&#8221; style=&#8221;flat&#8221; shape=&#8221;square&#8221; color=&#8221;juicy-pink&#8221; i_icon_fontawesome=&#8221;fas fa-file-signature&#8221; add_icon=&#8221;true&#8221; css=&#8221;.vc_custom_1614059417730{padding-right: 5px !important;padding-left: 5px !important;}&#8221;][vc_btn title=&#8221;\u00dcR\u00dcN KODU&#8221; style=&#8221;flat&#8221; shape=&#8221;square&#8221; css=&#8221;.vc_custom_1614059166857{padding-right: 5px !important;padding-left: 5px !important;}&#8221;]<div class='cws_textmodule cws_vc_shortcode_module urun-h5  vc_custom_1625727188959' id='cws_textmodule_69e7c5f4f3b78'><div class='cws_textmodule_wrapper '><div class='cws_textmodule_text text_align_center'><div class='cws_textmodule_titles display_block'><h5 class='cws_textmodule_title'><span>Bloqueur de Route Sur le sol<\/span><\/h5><\/div><\/div><\/div><\/div>[\/vc_column_inner][vc_column_inner width=&#8221;1\/4&#8243; offset=&#8221;vc_col-lg-offset-0 vc_col-lg-3 vc_col-md-offset-0 vc_col-md-3 vc_col-sm-offset-0 vc_col-xs-offset-2 vc_col-xs-8&#8243;][vc_single_image image=&#8221;3639&#8243; img_size=&#8221;full&#8221; alignment=&#8221;center&#8221; style=&#8221;vc_box_shadow_3d&#8221; onclick=&#8221;custom_link&#8221; link=&#8221;https:\/\/www.stopgrup.com\/fr\/bloqueur-de-route-anti-terreur&#8221;][vc_btn title=&#8221;&#8221; style=&#8221;flat&#8221; shape=&#8221;square&#8221; color=&#8221;juicy-pink&#8221; i_icon_fontawesome=&#8221;fas fa-file-pdf&#8221; add_icon=&#8221;true&#8221; css=&#8221;.vc_custom_1614059220717{padding-right: 5px !important;padding-left: 5px !important;}&#8221;][vc_btn title=&#8221;&#8221; style=&#8221;flat&#8221; shape=&#8221;square&#8221; color=&#8221;juicy-pink&#8221; i_icon_fontawesome=&#8221;fas fa-file-signature&#8221; add_icon=&#8221;true&#8221; css=&#8221;.vc_custom_1614059417730{padding-right: 5px !important;padding-left: 5px !important;}&#8221;][vc_btn title=&#8221;\u00dcR\u00dcN KODU&#8221; style=&#8221;flat&#8221; shape=&#8221;square&#8221; css=&#8221;.vc_custom_1614059166857{padding-right: 5px !important;padding-left: 5px !important;}&#8221;]<div class='cws_textmodule cws_vc_shortcode_module urun-h5  vc_custom_1625727222368' id='cws_textmodule_69e7c5f4f3e56'><div class='cws_textmodule_wrapper '><div class='cws_textmodule_text text_align_center'><div class='cws_textmodule_titles display_block'><h5 class='cws_textmodule_title'><span>Bloqueur de Route Anti-Terreur<\/span><\/h5><\/div><\/div><\/div><\/div>[\/vc_column_inner][vc_column_inner width=&#8221;1\/4&#8243; inner_col_bg_repeat=&#8221;no-repeat&#8221; inner_col_bg_position=&#8221;center_center&#8221; offset=&#8221;vc_col-lg-offset-0 vc_col-lg-3 vc_col-md-offset-0 vc_col-md-3 vc_col-sm-offset-0 vc_col-xs-offset-2 vc_col-xs-8&#8243;][vc_single_image image=&#8221;3640&#8243; img_size=&#8221;full&#8221; alignment=&#8221;center&#8221; style=&#8221;vc_box_shadow_3d&#8221; onclick=&#8221;custom_link&#8221; link=&#8221;https:\/\/www.stopgrup.com\/fr\/bloqueur-de-route-mobile&#8221;][vc_btn title=&#8221;&#8221; style=&#8221;flat&#8221; shape=&#8221;square&#8221; color=&#8221;juicy-pink&#8221; i_icon_fontawesome=&#8221;fas fa-file-pdf&#8221; add_icon=&#8221;true&#8221; css=&#8221;.vc_custom_1614059220717{padding-right: 5px !important;padding-left: 5px !important;}&#8221;][vc_btn title=&#8221;&#8221; style=&#8221;flat&#8221; shape=&#8221;square&#8221; color=&#8221;juicy-pink&#8221; i_icon_fontawesome=&#8221;fas fa-file-signature&#8221; add_icon=&#8221;true&#8221; css=&#8221;.vc_custom_1614059417730{padding-right: 5px !important;padding-left: 5px !important;}&#8221;][vc_btn title=&#8221;\u00dcR\u00dcN KODU&#8221; style=&#8221;flat&#8221; shape=&#8221;square&#8221; css=&#8221;.vc_custom_1614059166857{padding-right: 5px !important;padding-left: 5px !important;}&#8221;]<div class='cws_textmodule cws_vc_shortcode_module urun-h5  vc_custom_1625727245745' id='cws_textmodule_69e7c5f4f4131'><div class='cws_textmodule_wrapper '><div class='cws_textmodule_text text_align_center'><div class='cws_textmodule_titles display_block'><h5 class='cws_textmodule_title'><span>Bloqueur de Route Mobile<\/span><\/h5><\/div><\/div><\/div><\/div>[\/vc_column_inner][vc_column_inner width=&#8221;1\/4&#8243; offset=&#8221;vc_col-lg-offset-0 vc_col-lg-3 vc_col-md-offset-0 vc_col-md-3 vc_col-sm-offset-0 vc_col-xs-offset-2 vc_col-xs-8&#8243;][vc_single_image image=&#8221;3641&#8243; img_size=&#8221;full&#8221; alignment=&#8221;center&#8221; style=&#8221;vc_box_shadow_3d&#8221; onclick=&#8221;custom_link&#8221; link=&#8221;https:\/\/www.stopgrup.com\/fr\/bloqueur-de-route-telescopique&#8221;][vc_btn title=&#8221;&#8221; style=&#8221;flat&#8221; shape=&#8221;square&#8221; color=&#8221;juicy-pink&#8221; i_icon_fontawesome=&#8221;fas fa-file-pdf&#8221; add_icon=&#8221;true&#8221; css=&#8221;.vc_custom_1614059220717{padding-right: 5px !important;padding-left: 5px !important;}&#8221;][vc_btn title=&#8221;&#8221; style=&#8221;flat&#8221; shape=&#8221;square&#8221; color=&#8221;juicy-pink&#8221; i_icon_fontawesome=&#8221;fas fa-file-signature&#8221; add_icon=&#8221;true&#8221; css=&#8221;.vc_custom_1614059417730{padding-right: 5px !important;padding-left: 5px !important;}&#8221;][vc_btn title=&#8221;\u00dcR\u00dcN KODU&#8221; style=&#8221;flat&#8221; shape=&#8221;square&#8221; css=&#8221;.vc_custom_1614059166857{padding-right: 5px !important;padding-left: 5px !important;}&#8221;]<div class='cws_textmodule cws_vc_shortcode_module urun-h5  vc_custom_1625727277824' id='cws_textmodule_69e7c5f5001c9'><div class='cws_textmodule_wrapper '><div class='cws_textmodule_text text_align_center'><div class='cws_textmodule_titles display_block'><h5 class='cws_textmodule_title'><span>Bloqueur de Route T\u00e9lescopique<\/span><\/h5><\/div><\/div><\/div><\/div>[\/vc_column_inner][\/vc_row_inner]<div class=\"cws_spacing cws_spacing_size_sm_desctop-on cws_spacing_tablet-on cws_spacing_mobile-on\"><div class=\"cws_spacing cws_spacing_default\" style=\"height:90px;\"><\/div> <div class=\"cws_spacing cws_spacing_size_sm_desctop\" style=\"height:90px;\"><\/div> <div class=\"cws_spacing cws_spacing_tablet\" style=\"height:40px;\"><\/div> <div class=\"cws_spacing cws_spacing_mobile\" style=\"height:40px;\"><\/div><\/div>[vc_row_inner][vc_column_inner width=&#8221;1\/4&#8243; offset=&#8221;vc_col-lg-offset-0 vc_col-lg-3 vc_col-md-offset-0 vc_col-md-3 vc_col-sm-offset-0 vc_col-xs-offset-2 vc_col-xs-8&#8243;][vc_single_image image=&#8221;3643&#8243; img_size=&#8221;full&#8221; alignment=&#8221;center&#8221; style=&#8221;vc_box_shadow_3d&#8221; onclick=&#8221;custom_link&#8221; link=&#8221;https:\/\/www.stopgrup.com\/fr\/bloqueur-de-route&#8221;][vc_btn title=&#8221;&#8221; style=&#8221;flat&#8221; shape=&#8221;square&#8221; color=&#8221;juicy-pink&#8221; i_icon_fontawesome=&#8221;fas fa-file-pdf&#8221; add_icon=&#8221;true&#8221; css=&#8221;.vc_custom_1614059220717{padding-right: 5px !important;padding-left: 5px !important;}&#8221;][vc_btn title=&#8221;&#8221; style=&#8221;flat&#8221; shape=&#8221;square&#8221; color=&#8221;juicy-pink&#8221; i_icon_fontawesome=&#8221;fas fa-file-signature&#8221; add_icon=&#8221;true&#8221; css=&#8221;.vc_custom_1614059417730{padding-right: 5px !important;padding-left: 5px !important;}&#8221;][vc_btn title=&#8221;\u00dcR\u00dcN KODU&#8221; style=&#8221;flat&#8221; shape=&#8221;square&#8221; css=&#8221;.vc_custom_1614059166857{padding-right: 5px !important;padding-left: 5px !important;}&#8221;]<div class='cws_textmodule cws_vc_shortcode_module urun-h5  vc_custom_1625727316881' id='cws_textmodule_69e7c5f5004ee'><div class='cws_textmodule_wrapper '><div class='cws_textmodule_text text_align_center'><div class='cws_textmodule_titles display_block'><h5 class='cws_textmodule_title'><span>Bloqueur de Route<\/span><\/h5><\/div><\/div><\/div><\/div>[\/vc_column_inner][\/vc_row_inner]<div class=\"cws_spacing cws_spacing_size_sm_desctop-on cws_spacing_tablet-on cws_spacing_mobile-on\"><div class=\"cws_spacing cws_spacing_default\" style=\"height:90px;\"><\/div> <div class=\"cws_spacing cws_spacing_size_sm_desctop\" style=\"height:90px;\"><\/div> <div class=\"cws_spacing cws_spacing_tablet\" style=\"height:40px;\"><\/div> <div class=\"cws_spacing cws_spacing_mobile\" style=\"height:40px;\"><\/div><\/div>[\/vc_column][\/vc_row]\n","protected":false},"excerpt":{"rendered":"<p>[vc_row][vc_column][vc_row_inner][vc_column_inner width=&#8221;1\/4&#8243; inner_col_bg_repeat=&#8221;no-repeat&#8221; offset=&#8221;vc_col-lg-offset-0 vc_col-lg-3 vc_col-md-offset-0 vc_col-md-3 vc_col-sm-offset-0 vc_col-xs-offset-2 vc_col-xs-8&#8243;][vc_single_image image=&#8221;3637&#8243; img_size=&#8221;full&#8221; alignment=&#8221;center&#8221; style=&#8221;vc_box_shadow_3d&#8221; onclick=&#8221;custom_link&#8221; link=&#8221;https:\/\/www.stopgrup.com\/fr\/bloqueur-de-route-sur-le-sol\/&#8221;][vc_btn title=&#8221;&#8221; style=&#8221;flat&#8221; shape=&#8221;square&#8221; color=&#8221;juicy-pink&#8221; i_icon_fontawesome=&#8221;fas fa-file-pdf&#8221; add_icon=&#8221;true&#8221; css=&#8221;.vc_custom_1614930603972{padding-right: 5px !important;padding-left: 5px !important;}&#8221;][vc_btn title=&#8221;&#8221; style=&#8221;flat&#8221; shape=&#8221;square&#8221; color=&#8221;juicy-pink&#8221; i_icon_fontawesome=&#8221;fas fa-file-signature&#8221; add_icon=&#8221;true&#8221; css=&#8221;.vc_custom_1614059417730{padding-right: 5px !important;padding-left: 5px !important;}&#8221;][vc_btn title=&#8221;\u00dcR\u00dcN KODU&#8221; style=&#8221;flat&#8221; shape=&#8221;square&#8221; css=&#8221;.vc_custom_1614059166857{padding-right: 5px !important;padding-left: 5px !important;}&#8221;][\/vc_column_inner][vc_column_inner width=&#8221;1\/4&#8243; offset=&#8221;vc_col-lg-offset-0 vc_col-lg-3 vc_col-md-offset-0 vc_col-md-3 vc_col-sm-offset-0 vc_col-xs-offset-2 vc_col-xs-8&#8243;][vc_single_image image=&#8221;3639&#8243; img_size=&#8221;full&#8221; alignment=&#8221;center&#8221; style=&#8221;vc_box_shadow_3d&#8221; onclick=&#8221;custom_link&#8221; link=&#8221;https:\/\/www.stopgrup.com\/fr\/bloqueur-de-route-anti-terreur&#8221;][vc_btn title=&#8221;&#8221; style=&#8221;flat&#8221; shape=&#8221;square&#8221; color=&#8221;juicy-pink&#8221; i_icon_fontawesome=&#8221;fas fa-file-pdf&#8221; add_icon=&#8221;true&#8221; css=&#8221;.vc_custom_1614059220717{padding-right: 5px !important;padding-left: 5px !important;}&#8221;][vc_btn title=&#8221;&#8221; style=&#8221;flat&#8221; shape=&#8221;square&#8221; color=&#8221;juicy-pink&#8221; i_icon_fontawesome=&#8221;fas fa-file-signature&#8221; add_icon=&#8221;true&#8221; css=&#8221;.vc_custom_1614059417730{padding-right: 5px !important;padding-left: 5px !important;}&#8221;][vc_btn title=&#8221;\u00dcR\u00dcN KODU&#8221; style=&#8221;flat&#8221; shape=&#8221;square&#8221; css=&#8221;.vc_custom_1614059166857{padding-right: 5px !important;padding-left: 5px !important;}&#8221;][\/vc_column_inner][vc_column_inner width=&#8221;1\/4&#8243; inner_col_bg_repeat=&#8221;no-repeat&#8221; inner_col_bg_position=&#8221;center_center&#8221; offset=&#8221;vc_col-lg-offset-0 vc_col-lg-3 vc_col-md-offset-0 vc_col-md-3 vc_col-sm-offset-0 vc_col-xs-offset-2 vc_col-xs-8&#8243;][vc_single_image image=&#8221;3640&#8243; img_size=&#8221;full&#8221; alignment=&#8221;center&#8221; style=&#8221;vc_box_shadow_3d&#8221; onclick=&#8221;custom_link&#8221; link=&#8221;https:\/\/www.stopgrup.com\/fr\/bloqueur-de-route-mobile&#8221;][vc_btn title=&#8221;&#8221; style=&#8221;flat&#8221; shape=&#8221;square&#8221; color=&#8221;juicy-pink&#8221; i_icon_fontawesome=&#8221;fas fa-file-pdf&#8221; add_icon=&#8221;true&#8221; css=&#8221;.vc_custom_1614059220717{padding-right: 5px !important;padding-left: 5px !important;}&#8221;][vc_btn title=&#8221;&#8221; style=&#8221;flat&#8221; shape=&#8221;square&#8221; color=&#8221;juicy-pink&#8221; i_icon_fontawesome=&#8221;fas fa-file-signature&#8221; add_icon=&#8221;true&#8221; css=&#8221;.vc_custom_1614059417730{padding-right: 5px !important;padding-left: 5px !important;}&#8221;][vc_btn title=&#8221;\u00dcR\u00dcN KODU&#8221; style=&#8221;flat&#8221; shape=&#8221;square&#8221; css=&#8221;.vc_custom_1614059166857{padding-right: 5px !important;padding-left: 5px !important;}&#8221;][\/vc_column_inner][vc_column_inner width=&#8221;1\/4&#8243; offset=&#8221;vc_col-lg-offset-0 vc_col-lg-3 vc_col-md-offset-0 vc_col-md-3 vc_col-sm-offset-0 vc_col-xs-offset-2 vc_col-xs-8&#8243;][vc_single_image image=&#8221;3641&#8243; img_size=&#8221;full&#8221; alignment=&#8221;center&#8221; style=&#8221;vc_box_shadow_3d&#8221; onclick=&#8221;custom_link&#8221; link=&#8221;https:\/\/www.stopgrup.com\/fr\/bloqueur-de-route-telescopique&#8221;][vc_btn title=&#8221;&#8221; style=&#8221;flat&#8221; shape=&#8221;square&#8221; color=&#8221;juicy-pink&#8221; i_icon_fontawesome=&#8221;fas fa-file-pdf&#8221; add_icon=&#8221;true&#8221; css=&#8221;.vc_custom_1614059220717{padding-right: 5px !important;padding-left: 5px !important;}&#8221;][vc_btn title=&#8221;&#8221; style=&#8221;flat&#8221; shape=&#8221;square&#8221; color=&#8221;juicy-pink&#8221; i_icon_fontawesome=&#8221;fas fa-file-signature&#8221; add_icon=&#8221;true&#8221; css=&#8221;.vc_custom_1614059417730{padding-right: 5px !important;padding-left: 5px !important;}&#8221;][vc_btn title=&#8221;\u00dcR\u00dcN KODU&#8221; style=&#8221;flat&#8221; shape=&#8221;square&#8221; css=&#8221;.vc_custom_1614059166857{padding-right: 5px !important;padding-left: 5px !important;}&#8221;][\/vc_column_inner][\/vc_row_inner][vc_row_inner][vc_column_inner width=&#8221;1\/4&#8243; offset=&#8221;vc_col-lg-offset-0 vc_col-lg-3 vc_col-md-offset-0 vc_col-md-3 vc_col-sm-offset-0 vc_col-xs-offset-2 vc_col-xs-8&#8243;][vc_single_image image=&#8221;3643&#8243; img_size=&#8221;full&#8221; alignment=&#8221;center&#8221; style=&#8221;vc_box_shadow_3d&#8221; onclick=&#8221;custom_link&#8221; link=&#8221;https:\/\/www.stopgrup.com\/fr\/bloqueur-de-route&#8221;][vc_btn title=&#8221;&#8221; style=&#8221;flat&#8221; shape=&#8221;square&#8221; color=&#8221;juicy-pink&#8221; i_icon_fontawesome=&#8221;fas fa-file-pdf&#8221; add_icon=&#8221;true&#8221; css=&#8221;.vc_custom_1614059220717{padding-right: 5px !important;padding-left: 5px !important;}&#8221;][vc_btn title=&#8221;&#8221; style=&#8221;flat&#8221; shape=&#8221;square&#8221; color=&#8221;juicy-pink&#8221; i_icon_fontawesome=&#8221;fas fa-file-signature&#8221; add_icon=&#8221;true&#8221; css=&#8221;.vc_custom_1614059417730{padding-right: 5px !important;padding-left: 5px !important;}&#8221;][vc_btn title=&#8221;\u00dcR\u00dcN KODU&#8221; style=&#8221;flat&#8221; shape=&#8221;square&#8221; css=&#8221;.vc_custom_1614059166857{padding-right: 5px !important;padding-left: 5px !important;}&#8221;][\/vc_column_inner][\/vc_row_inner][\/vc_column][\/vc_row]<\/p>\n","protected":false},"author":1,"featured_media":0,"parent":0,"menu_order":0,"comment_status":"closed","ping_status":"closed","template":"","meta":[],"yoast_head":"<!-- This site is optimized with the Yoast SEO plugin v16.4 - https:\/\/yoast.com\/wordpress\/plugins\/seo\/ -->\n<title>Syst\u00e8mes de Bloqueur de Route - Stop Grup Syst\u00e8mes de Cl\u00f4ture et de Barri\u00e8re<\/title>\n<meta name=\"robots\" content=\"index, follow, max-snippet:-1, max-image-preview:large, max-video-preview:-1\" \/>\n<link rel=\"canonical\" href=\"https:\/\/www.stopgrup.com\/fr\/systemes-de-bloqueur-de-route\/\" \/>\n<meta property=\"og:locale\" content=\"tr_TR\" \/>\n<meta property=\"og:type\" content=\"article\" \/>\n<meta property=\"og:title\" content=\"Syst\u00e8mes de Bloqueur de Route - Stop Grup Syst\u00e8mes de Cl\u00f4ture et de Barri\u00e8re\" \/>\n<meta property=\"og:description\" content=\"[vc_row][vc_column][vc_row_inner][vc_column_inner width=&#8221;1\/4&#8243; inner_col_bg_repeat=&#8221;no-repeat&#8221; offset=&#8221;vc_col-lg-offset-0 vc_col-lg-3 vc_col-md-offset-0 vc_col-md-3 vc_col-sm-offset-0 vc_col-xs-offset-2 vc_col-xs-8&#8243;][vc_single_image image=&#8221;3637&#8243; img_size=&#8221;full&#8221; alignment=&#8221;center&#8221; style=&#8221;vc_box_shadow_3d&#8221; onclick=&#8221;custom_link&#8221; link=&#8221;https:\/\/www.stopgrup.com\/fr\/bloqueur-de-route-sur-le-sol\/&#8221;][vc_btn title=&#8221;&#8221; style=&#8221;flat&#8221; shape=&#8221;square&#8221; color=&#8221;juicy-pink&#8221; i_icon_fontawesome=&#8221;fas fa-file-pdf&#8221; add_icon=&#8221;true&#8221; css=&#8221;.vc_custom_1614930603972{padding-right: 5px !important;padding-left: 5px !important;}&#8221;][vc_btn title=&#8221;&#8221; style=&#8221;flat&#8221; shape=&#8221;square&#8221; color=&#8221;juicy-pink&#8221; i_icon_fontawesome=&#8221;fas fa-file-signature&#8221; add_icon=&#8221;true&#8221; css=&#8221;.vc_custom_1614059417730{padding-right: 5px !important;padding-left: 5px !important;}&#8221;][vc_btn title=&#8221;\u00dcR\u00dcN KODU&#8221; style=&#8221;flat&#8221; shape=&#8221;square&#8221; css=&#8221;.vc_custom_1614059166857{padding-right: 5px !important;padding-left: 5px !important;}&#8221;][\/vc_column_inner][vc_column_inner width=&#8221;1\/4&#8243; offset=&#8221;vc_col-lg-offset-0 vc_col-lg-3 vc_col-md-offset-0 vc_col-md-3 vc_col-sm-offset-0 vc_col-xs-offset-2 vc_col-xs-8&#8243;][vc_single_image image=&#8221;3639&#8243; img_size=&#8221;full&#8221; alignment=&#8221;center&#8221; style=&#8221;vc_box_shadow_3d&#8221; onclick=&#8221;custom_link&#8221; link=&#8221;https:\/\/www.stopgrup.com\/fr\/bloqueur-de-route-anti-terreur&#8221;][vc_btn title=&#8221;&#8221; style=&#8221;flat&#8221; shape=&#8221;square&#8221; color=&#8221;juicy-pink&#8221; i_icon_fontawesome=&#8221;fas fa-file-pdf&#8221; add_icon=&#8221;true&#8221; css=&#8221;.vc_custom_1614059220717{padding-right: 5px !important;padding-left: 5px !important;}&#8221;][vc_btn title=&#8221;&#8221; style=&#8221;flat&#8221; shape=&#8221;square&#8221; color=&#8221;juicy-pink&#8221; i_icon_fontawesome=&#8221;fas fa-file-signature&#8221; add_icon=&#8221;true&#8221; css=&#8221;.vc_custom_1614059417730{padding-right: 5px !important;padding-left: 5px !important;}&#8221;][vc_btn title=&#8221;\u00dcR\u00dcN KODU&#8221; style=&#8221;flat&#8221; shape=&#8221;square&#8221; css=&#8221;.vc_custom_1614059166857{padding-right: 5px !important;padding-left: 5px !important;}&#8221;][\/vc_column_inner][vc_column_inner width=&#8221;1\/4&#8243; inner_col_bg_repeat=&#8221;no-repeat&#8221; inner_col_bg_position=&#8221;center_center&#8221; offset=&#8221;vc_col-lg-offset-0 vc_col-lg-3 vc_col-md-offset-0 vc_col-md-3 vc_col-sm-offset-0 vc_col-xs-offset-2 vc_col-xs-8&#8243;][vc_single_image image=&#8221;3640&#8243; img_size=&#8221;full&#8221; alignment=&#8221;center&#8221; style=&#8221;vc_box_shadow_3d&#8221; onclick=&#8221;custom_link&#8221; link=&#8221;https:\/\/www.stopgrup.com\/fr\/bloqueur-de-route-mobile&#8221;][vc_btn title=&#8221;&#8221; style=&#8221;flat&#8221; shape=&#8221;square&#8221; color=&#8221;juicy-pink&#8221; i_icon_fontawesome=&#8221;fas fa-file-pdf&#8221; add_icon=&#8221;true&#8221; css=&#8221;.vc_custom_1614059220717{padding-right: 5px !important;padding-left: 5px !important;}&#8221;][vc_btn title=&#8221;&#8221; style=&#8221;flat&#8221; shape=&#8221;square&#8221; color=&#8221;juicy-pink&#8221; i_icon_fontawesome=&#8221;fas fa-file-signature&#8221; add_icon=&#8221;true&#8221; css=&#8221;.vc_custom_1614059417730{padding-right: 5px !important;padding-left: 5px !important;}&#8221;][vc_btn title=&#8221;\u00dcR\u00dcN KODU&#8221; style=&#8221;flat&#8221; shape=&#8221;square&#8221; css=&#8221;.vc_custom_1614059166857{padding-right: 5px !important;padding-left: 5px !important;}&#8221;][\/vc_column_inner][vc_column_inner width=&#8221;1\/4&#8243; offset=&#8221;vc_col-lg-offset-0 vc_col-lg-3 vc_col-md-offset-0 vc_col-md-3 vc_col-sm-offset-0 vc_col-xs-offset-2 vc_col-xs-8&#8243;][vc_single_image image=&#8221;3641&#8243; img_size=&#8221;full&#8221; alignment=&#8221;center&#8221; style=&#8221;vc_box_shadow_3d&#8221; onclick=&#8221;custom_link&#8221; link=&#8221;https:\/\/www.stopgrup.com\/fr\/bloqueur-de-route-telescopique&#8221;][vc_btn title=&#8221;&#8221; style=&#8221;flat&#8221; shape=&#8221;square&#8221; color=&#8221;juicy-pink&#8221; i_icon_fontawesome=&#8221;fas fa-file-pdf&#8221; add_icon=&#8221;true&#8221; css=&#8221;.vc_custom_1614059220717{padding-right: 5px !important;padding-left: 5px !important;}&#8221;][vc_btn title=&#8221;&#8221; style=&#8221;flat&#8221; shape=&#8221;square&#8221; color=&#8221;juicy-pink&#8221; i_icon_fontawesome=&#8221;fas fa-file-signature&#8221; add_icon=&#8221;true&#8221; css=&#8221;.vc_custom_1614059417730{padding-right: 5px !important;padding-left: 5px !important;}&#8221;][vc_btn title=&#8221;\u00dcR\u00dcN KODU&#8221; style=&#8221;flat&#8221; shape=&#8221;square&#8221; css=&#8221;.vc_custom_1614059166857{padding-right: 5px !important;padding-left: 5px !important;}&#8221;][\/vc_column_inner][\/vc_row_inner][vc_row_inner][vc_column_inner width=&#8221;1\/4&#8243; offset=&#8221;vc_col-lg-offset-0 vc_col-lg-3 vc_col-md-offset-0 vc_col-md-3 vc_col-sm-offset-0 vc_col-xs-offset-2 vc_col-xs-8&#8243;][vc_single_image image=&#8221;3643&#8243; img_size=&#8221;full&#8221; alignment=&#8221;center&#8221; style=&#8221;vc_box_shadow_3d&#8221; onclick=&#8221;custom_link&#8221; link=&#8221;https:\/\/www.stopgrup.com\/fr\/bloqueur-de-route&#8221;][vc_btn title=&#8221;&#8221; style=&#8221;flat&#8221; shape=&#8221;square&#8221; color=&#8221;juicy-pink&#8221; i_icon_fontawesome=&#8221;fas fa-file-pdf&#8221; add_icon=&#8221;true&#8221; css=&#8221;.vc_custom_1614059220717{padding-right: 5px !important;padding-left: 5px !important;}&#8221;][vc_btn title=&#8221;&#8221; style=&#8221;flat&#8221; shape=&#8221;square&#8221; color=&#8221;juicy-pink&#8221; i_icon_fontawesome=&#8221;fas fa-file-signature&#8221; add_icon=&#8221;true&#8221; css=&#8221;.vc_custom_1614059417730{padding-right: 5px !important;padding-left: 5px !important;}&#8221;][vc_btn title=&#8221;\u00dcR\u00dcN KODU&#8221; style=&#8221;flat&#8221; shape=&#8221;square&#8221; css=&#8221;.vc_custom_1614059166857{padding-right: 5px !important;padding-left: 5px !important;}&#8221;][\/vc_column_inner][\/vc_row_inner][\/vc_column][\/vc_row]\" \/>\n<meta property=\"og:url\" content=\"https:\/\/www.stopgrup.com\/fr\/systemes-de-bloqueur-de-route\/\" \/>\n<meta property=\"og:site_name\" content=\"Stop Grup Syst\u00e8mes de Cl\u00f4ture et de Barri\u00e8re\" \/>\n<meta property=\"article:modified_time\" content=\"2021-07-08T06:55:30+00:00\" \/>\n<meta name=\"twitter:card\" content=\"summary_large_image\" \/>\n<meta name=\"twitter:label1\" content=\"Tahmini okuma s\u00fcresi\" \/>\n\t<meta name=\"twitter:data1\" content=\"2 dakika\" \/>\n<script type=\"application\/ld+json\" class=\"yoast-schema-graph\">{\"@context\":\"https:\/\/schema.org\",\"@graph\":[{\"@type\":\"WebSite\",\"@id\":\"https:\/\/www.stopgrup.com\/fr\/#website\",\"url\":\"https:\/\/www.stopgrup.com\/fr\/\",\"name\":\"Stop Grup Syst\\u00e8mes de Cl\\u00f4ture et de Barri\\u00e8re\",\"description\":\"\",\"potentialAction\":[{\"@type\":\"SearchAction\",\"target\":\"https:\/\/www.stopgrup.com\/fr\/?s={search_term_string}\",\"query-input\":\"required name=search_term_string\"}],\"inLanguage\":\"tr\"},{\"@type\":\"WebPage\",\"@id\":\"https:\/\/www.stopgrup.com\/fr\/systemes-de-bloqueur-de-route\/#webpage\",\"url\":\"https:\/\/www.stopgrup.com\/fr\/systemes-de-bloqueur-de-route\/\",\"name\":\"Syst\\u00e8mes de Bloqueur de Route - Stop Grup Syst\\u00e8mes de Cl\\u00f4ture et de Barri\\u00e8re\",\"isPartOf\":{\"@id\":\"https:\/\/www.stopgrup.com\/fr\/#website\"},\"datePublished\":\"2021-05-18T06:53:06+00:00\",\"dateModified\":\"2021-07-08T06:55:30+00:00\",\"breadcrumb\":{\"@id\":\"https:\/\/www.stopgrup.com\/fr\/systemes-de-bloqueur-de-route\/#breadcrumb\"},\"inLanguage\":\"tr\",\"potentialAction\":[{\"@type\":\"ReadAction\",\"target\":[\"https:\/\/www.stopgrup.com\/fr\/systemes-de-bloqueur-de-route\/\"]}]},{\"@type\":\"BreadcrumbList\",\"@id\":\"https:\/\/www.stopgrup.com\/fr\/systemes-de-bloqueur-de-route\/#breadcrumb\",\"itemListElement\":[{\"@type\":\"ListItem\",\"position\":1,\"item\":{\"@type\":\"WebPage\",\"@id\":\"https:\/\/www.stopgrup.com\/fr\/\",\"url\":\"https:\/\/www.stopgrup.com\/fr\/\",\"name\":\"Anasayfa\"}},{\"@type\":\"ListItem\",\"position\":2,\"item\":{\"@id\":\"https:\/\/www.stopgrup.com\/fr\/systemes-de-bloqueur-de-route\/#webpage\"}}]}]}<\/script>\n<!-- \/ Yoast SEO plugin. -->","_links":{"self":[{"href":"https:\/\/www.stopgrup.com\/fr\/wp-json\/wp\/v2\/pages\/5977"}],"collection":[{"href":"https:\/\/www.stopgrup.com\/fr\/wp-json\/wp\/v2\/pages"}],"about":[{"href":"https:\/\/www.stopgrup.com\/fr\/wp-json\/wp\/v2\/types\/page"}],"author":[{"embeddable":true,"href":"https:\/\/www.stopgrup.com\/fr\/wp-json\/wp\/v2\/users\/1"}],"replies":[{"embeddable":true,"href":"https:\/\/www.stopgrup.com\/fr\/wp-json\/wp\/v2\/comments?post=5977"}],"version-history":[{"count":8,"href":"https:\/\/www.stopgrup.com\/fr\/wp-json\/wp\/v2\/pages\/5977\/revisions"}],"predecessor-version":[{"id":5988,"href":"https:\/\/www.stopgrup.com\/fr\/wp-json\/wp\/v2\/pages\/5977\/revisions\/5988"}],"wp:attachment":[{"href":"https:\/\/www.stopgrup.com\/fr\/wp-json\/wp\/v2\/media?parent=5977"}],"curies":[{"name":"wp","href":"https:\/\/api.w.org\/{rel}","templated":true}]}}