{"id":5982,"date":"2021-05-18T09:53:53","date_gmt":"2021-05-18T06:53:53","guid":{"rendered":"https:\/\/www.stopgrup.com\/?page_id=5982"},"modified":"2021-07-08T10:13:40","modified_gmt":"2021-07-08T07:13:40","slug":"systemes-de-barriere-de-fleche","status":"publish","type":"page","link":"https:\/\/www.stopgrup.com\/fr\/systemes-de-barriere-de-fleche\/","title":{"rendered":"Syst\u00e8mes de Barri\u00e8re de Fl\u00e8che"},"content":{"rendered":"[vc_row][vc_column]<div class='cws_textmodule cws_vc_shortcode_module' id='cws_textmodule_69e7c5f4abf3e'><div class='cws_textmodule_wrapper add_divider divider_style_underline'><div class='cws_textmodule_text text_align_left'><div class='cws_textmodule_titles display_block'><h1 class='cws_textmodule_title'><span>Boom Barrier Systems<\/span><\/h1><\/div><\/div><\/div><\/div><div class=\"cws_spacing cws_spacing_size_sm_desctop-on cws_spacing_tablet-on cws_spacing_mobile-on\"><div class=\"cws_spacing cws_spacing_default\" style=\"height:90px;\"><\/div> <div class=\"cws_spacing cws_spacing_size_sm_desctop\" style=\"height:90px;\"><\/div> <div class=\"cws_spacing cws_spacing_tablet\" style=\"height:40px;\"><\/div> <div class=\"cws_spacing cws_spacing_mobile\" style=\"height:40px;\"><\/div><\/div>[vc_row_inner][vc_column_inner width=&#8221;1\/4&#8243; offset=&#8221;vc_col-lg-offset-0 vc_col-lg-3 vc_col-md-offset-0 vc_col-md-4 vc_col-sm-offset-0 vc_col-xs-offset-2 vc_col-xs-8&#8243;][vc_single_image image=&#8221;3636&#8243; img_size=&#8221;full&#8221; alignment=&#8221;center&#8221; style=&#8221;vc_box_shadow_3d&#8221; onclick=&#8221;custom_link&#8221; link=&#8221;https:\/\/www.stopgrup.com\/fr\/barriere-de-fleche-anti-terreur&#8221;][vc_btn title=&#8221;&#8221; style=&#8221;flat&#8221; shape=&#8221;square&#8221; color=&#8221;juicy-pink&#8221; i_icon_fontawesome=&#8221;fas fa-file-pdf&#8221; add_icon=&#8221;true&#8221; css=&#8221;.vc_custom_1614059220717{padding-right: 5px !important;padding-left: 5px !important;}&#8221;][vc_btn title=&#8221;&#8221; style=&#8221;flat&#8221; shape=&#8221;square&#8221; color=&#8221;juicy-pink&#8221; i_icon_fontawesome=&#8221;fas fa-file-signature&#8221; add_icon=&#8221;true&#8221; css=&#8221;.vc_custom_1614059417730{padding-right: 5px !important;padding-left: 5px !important;}&#8221;][vc_btn title=&#8221;\u00dcR\u00dcN KODU&#8221; style=&#8221;flat&#8221; shape=&#8221;square&#8221; css=&#8221;.vc_custom_1614059166857{padding-right: 5px !important;padding-left: 5px !important;}&#8221;]<div class='cws_textmodule cws_vc_shortcode_module urun-h5  vc_custom_1625727540260' id='cws_textmodule_69e7c5f4ac330'><div class='cws_textmodule_wrapper '><div class='cws_textmodule_text text_align_center'><div class='cws_textmodule_titles display_block'><h5 class='cws_textmodule_title'><span>Barri\u00e8re de Fl\u00e8che Anti-Terreur<\/span><\/h5><\/div><\/div><\/div><\/div>[\/vc_column_inner][vc_column_inner width=&#8221;1\/4&#8243; offset=&#8221;vc_col-lg-offset-0 vc_col-lg-3 vc_col-md-offset-0 vc_col-md-4 vc_col-sm-offset-0 vc_col-xs-offset-2 vc_col-xs-8&#8243;][vc_single_image image=&#8221;3649&#8243; img_size=&#8221;full&#8221; alignment=&#8221;center&#8221; style=&#8221;vc_box_shadow_3d&#8221; onclick=&#8221;custom_link&#8221; link=&#8221;https:\/\/www.stopgrup.com\/fr\/barriere-de-fleche&#8221;][vc_btn title=&#8221;&#8221; style=&#8221;flat&#8221; shape=&#8221;square&#8221; color=&#8221;juicy-pink&#8221; i_icon_fontawesome=&#8221;fas fa-file-pdf&#8221; add_icon=&#8221;true&#8221; css=&#8221;.vc_custom_1614059220717{padding-right: 5px !important;padding-left: 5px !important;}&#8221;][vc_btn title=&#8221;&#8221; style=&#8221;flat&#8221; shape=&#8221;square&#8221; color=&#8221;juicy-pink&#8221; i_icon_fontawesome=&#8221;fas fa-file-signature&#8221; add_icon=&#8221;true&#8221; css=&#8221;.vc_custom_1614059417730{padding-right: 5px !important;padding-left: 5px !important;}&#8221;][vc_btn title=&#8221;\u00dcR\u00dcN KODU&#8221; style=&#8221;flat&#8221; shape=&#8221;square&#8221; css=&#8221;.vc_custom_1614059166857{padding-right: 5px !important;padding-left: 5px !important;}&#8221;]<div class='cws_textmodule cws_vc_shortcode_module urun-h5  vc_custom_1625727572214' id='cws_textmodule_69e7c5f4ac69f'><div class='cws_textmodule_wrapper '><div class='cws_textmodule_text text_align_center'><div class='cws_textmodule_titles display_block'><h5 class='cws_textmodule_title'><span>Barri\u00e8re de Fl\u00e8che<\/span><\/h5><\/div><\/div><\/div><\/div>[\/vc_column_inner][\/vc_row_inner]<div class=\"cws_spacing cws_spacing_size_sm_desctop-on cws_spacing_tablet-on cws_spacing_mobile-on\"><div class=\"cws_spacing cws_spacing_default\" style=\"height:90px;\"><\/div> <div class=\"cws_spacing cws_spacing_size_sm_desctop\" style=\"height:90px;\"><\/div> <div class=\"cws_spacing cws_spacing_tablet\" style=\"height:40px;\"><\/div> <div class=\"cws_spacing cws_spacing_mobile\" style=\"height:40px;\"><\/div><\/div>[\/vc_column][\/vc_row]\n","protected":false},"excerpt":{"rendered":"<p>[vc_row][vc_column][vc_row_inner][vc_column_inner width=&#8221;1\/4&#8243; offset=&#8221;vc_col-lg-offset-0 vc_col-lg-3 vc_col-md-offset-0 vc_col-md-4 vc_col-sm-offset-0 vc_col-xs-offset-2 vc_col-xs-8&#8243;][vc_single_image image=&#8221;3636&#8243; img_size=&#8221;full&#8221; alignment=&#8221;center&#8221; style=&#8221;vc_box_shadow_3d&#8221; onclick=&#8221;custom_link&#8221; link=&#8221;https:\/\/www.stopgrup.com\/fr\/barriere-de-fleche-anti-terreur&#8221;][vc_btn title=&#8221;&#8221; style=&#8221;flat&#8221; shape=&#8221;square&#8221; color=&#8221;juicy-pink&#8221; i_icon_fontawesome=&#8221;fas fa-file-pdf&#8221; add_icon=&#8221;true&#8221; css=&#8221;.vc_custom_1614059220717{padding-right: 5px !important;padding-left: 5px !important;}&#8221;][vc_btn title=&#8221;&#8221; style=&#8221;flat&#8221; shape=&#8221;square&#8221; color=&#8221;juicy-pink&#8221; i_icon_fontawesome=&#8221;fas fa-file-signature&#8221; add_icon=&#8221;true&#8221; css=&#8221;.vc_custom_1614059417730{padding-right: 5px !important;padding-left: 5px !important;}&#8221;][vc_btn title=&#8221;\u00dcR\u00dcN KODU&#8221; style=&#8221;flat&#8221; shape=&#8221;square&#8221; css=&#8221;.vc_custom_1614059166857{padding-right: 5px !important;padding-left: 5px !important;}&#8221;][\/vc_column_inner][vc_column_inner width=&#8221;1\/4&#8243; offset=&#8221;vc_col-lg-offset-0 vc_col-lg-3 vc_col-md-offset-0 vc_col-md-4 vc_col-sm-offset-0 vc_col-xs-offset-2 vc_col-xs-8&#8243;][vc_single_image image=&#8221;3649&#8243; img_size=&#8221;full&#8221; alignment=&#8221;center&#8221; style=&#8221;vc_box_shadow_3d&#8221; onclick=&#8221;custom_link&#8221; link=&#8221;https:\/\/www.stopgrup.com\/fr\/barriere-de-fleche&#8221;][vc_btn title=&#8221;&#8221; style=&#8221;flat&#8221; shape=&#8221;square&#8221; color=&#8221;juicy-pink&#8221; i_icon_fontawesome=&#8221;fas fa-file-pdf&#8221; add_icon=&#8221;true&#8221; css=&#8221;.vc_custom_1614059220717{padding-right: 5px !important;padding-left: 5px !important;}&#8221;][vc_btn title=&#8221;&#8221; style=&#8221;flat&#8221; shape=&#8221;square&#8221; color=&#8221;juicy-pink&#8221; i_icon_fontawesome=&#8221;fas fa-file-signature&#8221; add_icon=&#8221;true&#8221; css=&#8221;.vc_custom_1614059417730{padding-right: 5px !important;padding-left: 5px !important;}&#8221;][vc_btn title=&#8221;\u00dcR\u00dcN KODU&#8221; style=&#8221;flat&#8221; shape=&#8221;square&#8221; css=&#8221;.vc_custom_1614059166857{padding-right: 5px !important;padding-left: 5px !important;}&#8221;][\/vc_column_inner][\/vc_row_inner][\/vc_column][\/vc_row]<\/p>\n","protected":false},"author":1,"featured_media":0,"parent":0,"menu_order":0,"comment_status":"closed","ping_status":"closed","template":"","meta":[],"yoast_head":"<!-- This site is optimized with the Yoast SEO plugin v16.4 - https:\/\/yoast.com\/wordpress\/plugins\/seo\/ -->\n<title>Syst\u00e8mes de Barri\u00e8re de Fl\u00e8che - Stop Grup Syst\u00e8mes de Cl\u00f4ture et de Barri\u00e8re<\/title>\n<meta name=\"robots\" content=\"index, follow, max-snippet:-1, max-image-preview:large, max-video-preview:-1\" \/>\n<link rel=\"canonical\" href=\"https:\/\/www.stopgrup.com\/fr\/systemes-de-barriere-de-fleche\/\" \/>\n<meta property=\"og:locale\" content=\"tr_TR\" \/>\n<meta property=\"og:type\" content=\"article\" \/>\n<meta property=\"og:title\" content=\"Syst\u00e8mes de Barri\u00e8re de Fl\u00e8che - Stop Grup Syst\u00e8mes de Cl\u00f4ture et de Barri\u00e8re\" \/>\n<meta property=\"og:description\" content=\"[vc_row][vc_column][vc_row_inner][vc_column_inner width=&#8221;1\/4&#8243; offset=&#8221;vc_col-lg-offset-0 vc_col-lg-3 vc_col-md-offset-0 vc_col-md-4 vc_col-sm-offset-0 vc_col-xs-offset-2 vc_col-xs-8&#8243;][vc_single_image image=&#8221;3636&#8243; img_size=&#8221;full&#8221; alignment=&#8221;center&#8221; style=&#8221;vc_box_shadow_3d&#8221; onclick=&#8221;custom_link&#8221; link=&#8221;https:\/\/www.stopgrup.com\/fr\/barriere-de-fleche-anti-terreur&#8221;][vc_btn title=&#8221;&#8221; style=&#8221;flat&#8221; shape=&#8221;square&#8221; color=&#8221;juicy-pink&#8221; i_icon_fontawesome=&#8221;fas fa-file-pdf&#8221; add_icon=&#8221;true&#8221; css=&#8221;.vc_custom_1614059220717{padding-right: 5px !important;padding-left: 5px !important;}&#8221;][vc_btn title=&#8221;&#8221; style=&#8221;flat&#8221; shape=&#8221;square&#8221; color=&#8221;juicy-pink&#8221; i_icon_fontawesome=&#8221;fas fa-file-signature&#8221; add_icon=&#8221;true&#8221; css=&#8221;.vc_custom_1614059417730{padding-right: 5px !important;padding-left: 5px !important;}&#8221;][vc_btn title=&#8221;\u00dcR\u00dcN KODU&#8221; style=&#8221;flat&#8221; shape=&#8221;square&#8221; css=&#8221;.vc_custom_1614059166857{padding-right: 5px !important;padding-left: 5px !important;}&#8221;][\/vc_column_inner][vc_column_inner width=&#8221;1\/4&#8243; offset=&#8221;vc_col-lg-offset-0 vc_col-lg-3 vc_col-md-offset-0 vc_col-md-4 vc_col-sm-offset-0 vc_col-xs-offset-2 vc_col-xs-8&#8243;][vc_single_image image=&#8221;3649&#8243; img_size=&#8221;full&#8221; alignment=&#8221;center&#8221; style=&#8221;vc_box_shadow_3d&#8221; onclick=&#8221;custom_link&#8221; link=&#8221;https:\/\/www.stopgrup.com\/fr\/barriere-de-fleche&#8221;][vc_btn title=&#8221;&#8221; style=&#8221;flat&#8221; shape=&#8221;square&#8221; color=&#8221;juicy-pink&#8221; i_icon_fontawesome=&#8221;fas fa-file-pdf&#8221; add_icon=&#8221;true&#8221; css=&#8221;.vc_custom_1614059220717{padding-right: 5px !important;padding-left: 5px !important;}&#8221;][vc_btn title=&#8221;&#8221; style=&#8221;flat&#8221; shape=&#8221;square&#8221; color=&#8221;juicy-pink&#8221; i_icon_fontawesome=&#8221;fas fa-file-signature&#8221; add_icon=&#8221;true&#8221; css=&#8221;.vc_custom_1614059417730{padding-right: 5px !important;padding-left: 5px !important;}&#8221;][vc_btn title=&#8221;\u00dcR\u00dcN KODU&#8221; style=&#8221;flat&#8221; shape=&#8221;square&#8221; css=&#8221;.vc_custom_1614059166857{padding-right: 5px !important;padding-left: 5px !important;}&#8221;][\/vc_column_inner][\/vc_row_inner][\/vc_column][\/vc_row]\" \/>\n<meta property=\"og:url\" content=\"https:\/\/www.stopgrup.com\/fr\/systemes-de-barriere-de-fleche\/\" \/>\n<meta property=\"og:site_name\" content=\"Stop Grup Syst\u00e8mes de Cl\u00f4ture et de Barri\u00e8re\" \/>\n<meta property=\"article:modified_time\" content=\"2021-07-08T07:13:40+00:00\" \/>\n<meta name=\"twitter:card\" content=\"summary_large_image\" \/>\n<meta name=\"twitter:label1\" content=\"Tahmini okuma s\u00fcresi\" \/>\n\t<meta name=\"twitter:data1\" content=\"1 dakika\" \/>\n<script type=\"application\/ld+json\" class=\"yoast-schema-graph\">{\"@context\":\"https:\/\/schema.org\",\"@graph\":[{\"@type\":\"WebSite\",\"@id\":\"https:\/\/www.stopgrup.com\/fr\/#website\",\"url\":\"https:\/\/www.stopgrup.com\/fr\/\",\"name\":\"Stop Grup Syst\\u00e8mes de Cl\\u00f4ture et de Barri\\u00e8re\",\"description\":\"\",\"potentialAction\":[{\"@type\":\"SearchAction\",\"target\":\"https:\/\/www.stopgrup.com\/fr\/?s={search_term_string}\",\"query-input\":\"required name=search_term_string\"}],\"inLanguage\":\"tr\"},{\"@type\":\"WebPage\",\"@id\":\"https:\/\/www.stopgrup.com\/fr\/systemes-de-barriere-de-fleche\/#webpage\",\"url\":\"https:\/\/www.stopgrup.com\/fr\/systemes-de-barriere-de-fleche\/\",\"name\":\"Syst\\u00e8mes de Barri\\u00e8re de Fl\\u00e8che - Stop Grup Syst\\u00e8mes de Cl\\u00f4ture et de Barri\\u00e8re\",\"isPartOf\":{\"@id\":\"https:\/\/www.stopgrup.com\/fr\/#website\"},\"datePublished\":\"2021-05-18T06:53:53+00:00\",\"dateModified\":\"2021-07-08T07:13:40+00:00\",\"breadcrumb\":{\"@id\":\"https:\/\/www.stopgrup.com\/fr\/systemes-de-barriere-de-fleche\/#breadcrumb\"},\"inLanguage\":\"tr\",\"potentialAction\":[{\"@type\":\"ReadAction\",\"target\":[\"https:\/\/www.stopgrup.com\/fr\/systemes-de-barriere-de-fleche\/\"]}]},{\"@type\":\"BreadcrumbList\",\"@id\":\"https:\/\/www.stopgrup.com\/fr\/systemes-de-barriere-de-fleche\/#breadcrumb\",\"itemListElement\":[{\"@type\":\"ListItem\",\"position\":1,\"item\":{\"@type\":\"WebPage\",\"@id\":\"https:\/\/www.stopgrup.com\/fr\/\",\"url\":\"https:\/\/www.stopgrup.com\/fr\/\",\"name\":\"Anasayfa\"}},{\"@type\":\"ListItem\",\"position\":2,\"item\":{\"@id\":\"https:\/\/www.stopgrup.com\/fr\/systemes-de-barriere-de-fleche\/#webpage\"}}]}]}<\/script>\n<!-- \/ Yoast SEO plugin. -->","_links":{"self":[{"href":"https:\/\/www.stopgrup.com\/fr\/wp-json\/wp\/v2\/pages\/5982"}],"collection":[{"href":"https:\/\/www.stopgrup.com\/fr\/wp-json\/wp\/v2\/pages"}],"about":[{"href":"https:\/\/www.stopgrup.com\/fr\/wp-json\/wp\/v2\/types\/page"}],"author":[{"embeddable":true,"href":"https:\/\/www.stopgrup.com\/fr\/wp-json\/wp\/v2\/users\/1"}],"replies":[{"embeddable":true,"href":"https:\/\/www.stopgrup.com\/fr\/wp-json\/wp\/v2\/comments?post=5982"}],"version-history":[{"count":7,"href":"https:\/\/www.stopgrup.com\/fr\/wp-json\/wp\/v2\/pages\/5982\/revisions"}],"predecessor-version":[{"id":7014,"href":"https:\/\/www.stopgrup.com\/fr\/wp-json\/wp\/v2\/pages\/5982\/revisions\/7014"}],"wp:attachment":[{"href":"https:\/\/www.stopgrup.com\/fr\/wp-json\/wp\/v2\/media?parent=5982"}],"curies":[{"name":"wp","href":"https:\/\/api.w.org\/{rel}","templated":true}]}}