{"id":6201,"date":"2021-05-21T11:31:40","date_gmt":"2021-05-21T08:31:40","guid":{"rendered":"https:\/\/www.stopgrup.com\/?page_id=6201"},"modified":"2021-07-07T09:04:04","modified_gmt":"2021-07-07T06:04:04","slug":"projets-de-barriere","status":"publish","type":"page","link":"https:\/\/www.stopgrup.com\/fr\/projets-de-barriere\/","title":{"rendered":"Projets de Barri\u00e8re"},"content":{"rendered":"[vc_row][vc_column]<section id='posts_grid_69e7c5f96193c' class='news hovernone blog_post posts_grid post_posts_grid posts_grid_4 posts_grid_grid'><div class='cws_vc_shortcode_wrapper'><div class='cws_vc_shortcode_grid grid layout-4'><article id='post_post_69e7c5f964065' class=\"item post no_likes post_post posts_grid_post  post-6299 type-post status-publish format-standard has-post-thumbnail hentry category-bariyer-projeleri\"><div class='post_wrapper post_post_wrapper posts_grid_post_wrapper clearfix'><div class='post_media post_post_media posts_grid_post_media'><div class='pic'><img src='https:\/\/www.stopgrup.com\/fr\/wp-content\/uploads\/2021\/05\/a7a2ccfe-b479-499a-8dcb-98b50ef8288f_01e001e01_6300.jpg' data-no-retina  alt='a7a2ccfe-b479-499a-8dcb-98b50ef8288f' \/><div class='hover-effect'><\/div><div class='plus_wrapper'><span><\/span><span><\/span><\/div><a class='link_area_post_media post_media_link post_post_media_link posts_grid_post_media_link' href='https:\/\/www.stopgrup.com\/fr\/bakirkoy-cem-evi-kollu-bariyer\/'><\/a><\/div><\/div><div class='post_post_info posts_grid_post_info'><div class='post_info_header'><div class='post_info_meta'><\/div><div class='post_info_divider'><\/div><\/div><h4 class='post_title post_post_title posts_grid_post_title'><a href='https:\/\/www.stopgrup.com\/fr\/bakirkoy-cem-evi-kollu-bariyer\/'>Bak\u0131rk\u00f6y Cem Evi &#8211; Kollu Bariyer<\/a><\/h4><div class='post_info_footer'><\/div><\/div><\/div><\/article><article id='post_post_69e7c5f96505d' class=\"item post no_likes post_post posts_grid_post  post-6237 type-post status-publish format-standard has-post-thumbnail hentry category-bariyer-projeleri\"><div class='post_wrapper post_post_wrapper posts_grid_post_wrapper clearfix'><div class='post_media post_post_media posts_grid_post_media'><div class='pic'><img src='https:\/\/www.stopgrup.com\/fr\/wp-content\/uploads\/2021\/05\/29bed8d6-70eb-48ed-a12e-979f1d8d236a_01e001e01_6238.jpg' data-no-retina  alt='29bed8d6-70eb-48ed-a12e-979f1d8d236a' \/><div class='hover-effect'><\/div><div class='plus_wrapper'><span><\/span><span><\/span><\/div><a class='link_area_post_media post_media_link post_post_media_link posts_grid_post_media_link' href='https:\/\/www.stopgrup.com\/fr\/mulk-gayrimenkul-ismodern-mantar-bariyer\/'><\/a><\/div><\/div><div class='post_post_info posts_grid_post_info'><div class='post_info_header'><div class='post_info_meta'><\/div><div class='post_info_divider'><\/div><\/div><h4 class='post_title post_post_title posts_grid_post_title'><a href='https:\/\/www.stopgrup.com\/fr\/mulk-gayrimenkul-ismodern-mantar-bariyer\/'>M\u00fclk Gayrimenkul \u0130\u015fmodern &#8211; Mantar Bariyer<\/a><\/h4><div class='post_info_footer'><\/div><\/div><\/div><\/article><article id='post_post_69e7c5f965d18' class=\"item post no_likes post_post posts_grid_post  post-6234 type-post status-publish format-standard has-post-thumbnail hentry category-bariyer-projeleri\"><div class='post_wrapper post_post_wrapper posts_grid_post_wrapper clearfix'><div class='post_media post_post_media posts_grid_post_media'><div class='pic'><img src='https:\/\/www.stopgrup.com\/fr\/wp-content\/uploads\/2021\/05\/947a66b8-268c-4c35-ba2f-878ceef53441_01e001e01_6235.jpg' data-no-retina  alt='947a66b8-268c-4c35-ba2f-878ceef53441' \/><div class='hover-effect'><\/div><div class='plus_wrapper'><span><\/span><span><\/span><\/div><a class='link_area_post_media post_media_link post_post_media_link posts_grid_post_media_link' href='https:\/\/www.stopgrup.com\/fr\/usak-altinsar-mantar-bariyer\/'><\/a><\/div><\/div><div class='post_post_info posts_grid_post_info'><div class='post_info_header'><div class='post_info_meta'><\/div><div class='post_info_divider'><\/div><\/div><h4 class='post_title post_post_title posts_grid_post_title'><a href='https:\/\/www.stopgrup.com\/fr\/usak-altinsar-mantar-bariyer\/'>U\u015fak Alt\u0131nsar &#8211; Mantar Bariyer<\/a><\/h4><div class='post_info_footer'><\/div><\/div><\/div><\/article><article id='post_post_69e7c5f966c29' class=\"item post no_likes post_post posts_grid_post  post-6229 type-post status-publish format-standard has-post-thumbnail hentry category-bariyer-projeleri\"><div class='post_wrapper post_post_wrapper posts_grid_post_wrapper clearfix'><div class='post_media post_post_media posts_grid_post_media'><div class='pic'><img src='https:\/\/www.stopgrup.com\/fr\/wp-content\/uploads\/2021\/05\/d970723b-d72a-494f-bb60-82cf6bb0e036_01e001e01_6230.jpg' data-no-retina  alt='d970723b-d72a-494f-bb60-82cf6bb0e036' \/><div class='hover-effect'><\/div><div class='plus_wrapper'><span><\/span><span><\/span><\/div><a class='link_area_post_media post_media_link post_post_media_link posts_grid_post_media_link' href='https:\/\/www.stopgrup.com\/fr\/goa-muhendislik-mantar-bariyer\/'><\/a><\/div><\/div><div class='post_post_info posts_grid_post_info'><div class='post_info_header'><div class='post_info_meta'><\/div><div class='post_info_divider'><\/div><\/div><h4 class='post_title post_post_title posts_grid_post_title'><a href='https:\/\/www.stopgrup.com\/fr\/goa-muhendislik-mantar-bariyer\/'>Goa M\u00fchendislik &#8211; Mantar Bariyer<\/a><\/h4><div class='post_info_footer'><\/div><\/div><\/div><\/article><article id='post_post_69e7c5f967ae6' class=\"item post no_likes post_post posts_grid_post  post-6225 type-post status-publish format-standard has-post-thumbnail hentry category-bariyer-projeleri\"><div class='post_wrapper post_post_wrapper posts_grid_post_wrapper clearfix'><div class='post_media post_post_media posts_grid_post_media'><div class='pic'><img src='https:\/\/www.stopgrup.com\/fr\/wp-content\/uploads\/2021\/05\/3067a642-db76-4bf1-ab48-46a56e7ddc47_01e001e01_6227.jpg' data-at2x='https:\/\/www.stopgrup.com\/fr\/wp-content\/uploads\/2021\/05\/3067a642-db76-4bf1-ab48-46a56e7ddc47_01e001e01_6227@2x.jpg'  alt='3067a642-db76-4bf1-ab48-46a56e7ddc47' \/><div class='hover-effect'><\/div><div class='plus_wrapper'><span><\/span><span><\/span><\/div><a class='link_area_post_media post_media_link post_post_media_link posts_grid_post_media_link' href='https:\/\/www.stopgrup.com\/fr\/irak-deniz-mavisi-road-blocker\/'><\/a><\/div><\/div><div class='post_post_info posts_grid_post_info'><div class='post_info_header'><div class='post_info_meta'><\/div><div class='post_info_divider'><\/div><\/div><h4 class='post_title post_post_title posts_grid_post_title'><a href='https:\/\/www.stopgrup.com\/fr\/irak-deniz-mavisi-road-blocker\/'>Irak Deniz Mavisi &#8211; Road Blocker<\/a><\/h4><div class='post_info_footer'><\/div><\/div><\/div><\/article><article id='post_post_69e7c5f968705' class=\"item post no_likes post_post posts_grid_post  post-6222 type-post status-publish format-standard has-post-thumbnail hentry category-bariyer-projeleri\"><div class='post_wrapper post_post_wrapper posts_grid_post_wrapper clearfix'><div class='post_media post_post_media posts_grid_post_media'><div class='pic'><img src='https:\/\/www.stopgrup.com\/fr\/wp-content\/uploads\/2021\/05\/1b9713c9-9062-44b3-a496-6d47295878a8_01e001e01_6223.jpg' data-at2x='https:\/\/www.stopgrup.com\/fr\/wp-content\/uploads\/2021\/05\/1b9713c9-9062-44b3-a496-6d47295878a8_01e001e01_6223@2x.jpg'  alt='1b9713c9-9062-44b3-a496-6d47295878a8' \/><div class='hover-effect'><\/div><div class='plus_wrapper'><span><\/span><span><\/span><\/div><a class='link_area_post_media post_media_link post_post_media_link posts_grid_post_media_link' href='https:\/\/www.stopgrup.com\/fr\/afganistan-nato\/'><\/a><\/div><\/div><div class='post_post_info posts_grid_post_info'><div class='post_info_header'><div class='post_info_meta'><\/div><div class='post_info_divider'><\/div><\/div><h4 class='post_title post_post_title posts_grid_post_title'><a href='https:\/\/www.stopgrup.com\/fr\/afganistan-nato\/'>Afganistan Nato &#8211; Road Blocker<\/a><\/h4><div class='post_info_footer'><\/div><\/div><\/div><\/article><article id='post_post_69e7c5f9693d5' class=\"item post no_likes post_post posts_grid_post  post-6219 type-post status-publish format-standard has-post-thumbnail hentry category-bariyer-projeleri\"><div class='post_wrapper post_post_wrapper posts_grid_post_wrapper clearfix'><div class='post_media post_post_media posts_grid_post_media'><div class='pic'><img src='https:\/\/www.stopgrup.com\/fr\/wp-content\/uploads\/2021\/05\/eee7fa63-99ee-4032-873f-7191299822d3_01e001e01_6220.jpg' data-at2x='https:\/\/www.stopgrup.com\/fr\/wp-content\/uploads\/2021\/05\/eee7fa63-99ee-4032-873f-7191299822d3_01e001e01_6220@2x.jpg'  alt='eee7fa63-99ee-4032-873f-7191299822d3' \/><div class='hover-effect'><\/div><div class='plus_wrapper'><span><\/span><span><\/span><\/div><a class='link_area_post_media post_media_link post_post_media_link posts_grid_post_media_link' href='https:\/\/www.stopgrup.com\/fr\/dersan-arac-yer-tuzagi\/'><\/a><\/div><\/div><div class='post_post_info posts_grid_post_info'><div class='post_info_header'><div class='post_info_meta'><\/div><div class='post_info_divider'><\/div><\/div><h4 class='post_title post_post_title posts_grid_post_title'><a href='https:\/\/www.stopgrup.com\/fr\/dersan-arac-yer-tuzagi\/'>Dersan &#8211; Ara\u00e7 Yer Tuza\u011f\u0131<\/a><\/h4><div class='post_info_footer'><\/div><\/div><\/div><\/article><article id='post_post_69e7c5f96a045' class=\"item post no_likes post_post posts_grid_post  post-6215 type-post status-publish format-standard has-post-thumbnail hentry category-bariyer-projeleri\"><div class='post_wrapper post_post_wrapper posts_grid_post_wrapper clearfix'><div class='post_media post_post_media posts_grid_post_media'><div class='pic'><img src='https:\/\/www.stopgrup.com\/fr\/wp-content\/uploads\/2021\/05\/2141_01e001e01_6217.jpg' data-no-retina  alt='2141' \/><div class='hover-effect'><\/div><div class='plus_wrapper'><span><\/span><span><\/span><\/div><a class='link_area_post_media post_media_link post_post_media_link posts_grid_post_media_link' href='https:\/\/www.stopgrup.com\/fr\/usak-arikan-mantar-bariyer\/'><\/a><\/div><\/div><div class='post_post_info posts_grid_post_info'><div class='post_info_header'><div class='post_info_meta'><\/div><div class='post_info_divider'><\/div><\/div><h4 class='post_title post_post_title posts_grid_post_title'><a href='https:\/\/www.stopgrup.com\/fr\/usak-arikan-mantar-bariyer\/'>U\u015fak Ar\u0131kan &#8211; Mantar Bariyer<\/a><\/h4><div class='post_info_footer'><\/div><\/div><\/div><\/article><article id='post_post_69e7c5f96aca0' class=\"item post no_likes post_post posts_grid_post  post-6210 type-post status-publish format-standard has-post-thumbnail hentry category-bariyer-projeleri\"><div class='post_wrapper post_post_wrapper posts_grid_post_wrapper clearfix'><div class='post_media post_post_media posts_grid_post_media'><div class='pic'><img src='https:\/\/www.stopgrup.com\/fr\/wp-content\/uploads\/2021\/05\/6fe259ae-78fd-4606-b060-4fe220ad35de_01e001e01_6211.jpg' data-at2x='https:\/\/www.stopgrup.com\/fr\/wp-content\/uploads\/2021\/05\/6fe259ae-78fd-4606-b060-4fe220ad35de_01e001e01_6211@2x.jpg'  alt='6fe259ae-78fd-4606-b060-4fe220ad35de' \/><div class='hover-effect'><\/div><div class='plus_wrapper'><span><\/span><span><\/span><\/div><a class='link_area_post_media post_media_link post_post_media_link posts_grid_post_media_link' href='https:\/\/www.stopgrup.com\/fr\/merter-platform-arac-yer-tuzagi\/'><\/a><\/div><\/div><div class='post_post_info posts_grid_post_info'><div class='post_info_header'><div class='post_info_meta'><\/div><div class='post_info_divider'><\/div><\/div><h4 class='post_title post_post_title posts_grid_post_title'><a href='https:\/\/www.stopgrup.com\/fr\/merter-platform-arac-yer-tuzagi\/'>Merter Platform &#8211; Ara\u00e7 Yer Tuza\u011f\u0131<\/a><\/h4><div class='post_info_footer'><\/div><\/div><\/div><\/article><article id='post_post_69e7c5f96b923' class=\"item post no_likes post_post posts_grid_post  post-6192 type-post status-publish format-standard has-post-thumbnail hentry category-bariyer-projeleri\"><div class='post_wrapper post_post_wrapper posts_grid_post_wrapper clearfix'><div class='post_media post_post_media posts_grid_post_media'><div class='pic'><img src='https:\/\/www.stopgrup.com\/fr\/wp-content\/uploads\/2021\/05\/road-blocker-60-1_01e001e01_6193.jpg' data-no-retina  alt='road-blocker-60' \/><div class='hover-effect'><\/div><div class='plus_wrapper'><span><\/span><span><\/span><\/div><a class='link_area_post_media post_media_link post_post_media_link posts_grid_post_media_link' href='https:\/\/www.stopgrup.com\/fr\/kirsehir-belediyesi-road-blocker\/'><\/a><\/div><\/div><div class='post_post_info posts_grid_post_info'><div class='post_info_header'><div class='post_info_meta'><\/div><div class='post_info_divider'><\/div><\/div><h4 class='post_title post_post_title posts_grid_post_title'><a href='https:\/\/www.stopgrup.com\/fr\/kirsehir-belediyesi-road-blocker\/'>K\u0131r\u015fehir Belediyesi &#8211; Road Blocker<\/a><\/h4><div class='post_info_footer'><\/div><\/div><\/div><\/article><article id='post_post_69e7c5f96c87e' class=\"item post no_likes post_post posts_grid_post  post-6189 type-post status-publish format-standard has-post-thumbnail hentry category-bariyer-projeleri\"><div class='post_wrapper post_post_wrapper posts_grid_post_wrapper clearfix'><div class='post_media post_post_media posts_grid_post_media'><div class='pic'><img src='https:\/\/www.stopgrup.com\/fr\/wp-content\/uploads\/2021\/05\/fbf10024-c57c-493f-96e6-613431f157ff_01e001e01_6190.jpg' data-no-retina  alt='fbf10024-c57c-493f-96e6-613431f157ff' \/><div class='hover-effect'><\/div><div class='plus_wrapper'><span><\/span><span><\/span><\/div><a class='link_area_post_media post_media_link post_post_media_link posts_grid_post_media_link' href='https:\/\/www.stopgrup.com\/fr\/emco-kollu-bariyer\/'><\/a><\/div><\/div><div class='post_post_info posts_grid_post_info'><div class='post_info_header'><div class='post_info_meta'><\/div><div class='post_info_divider'><\/div><\/div><h4 class='post_title post_post_title posts_grid_post_title'><a href='https:\/\/www.stopgrup.com\/fr\/emco-kollu-bariyer\/'>Emco &#8211; Kollu Bariyer<\/a><\/h4><div class='post_info_footer'><\/div><\/div><\/div><\/article><article id='post_post_69e7c5f96d51d' class=\"item post no_likes post_post posts_grid_post  post-6186 type-post status-publish format-standard has-post-thumbnail hentry category-bariyer-projeleri\"><div class='post_wrapper post_post_wrapper posts_grid_post_wrapper clearfix'><div class='post_media post_post_media posts_grid_post_media'><div class='pic'><img src='https:\/\/www.stopgrup.com\/fr\/wp-content\/uploads\/2021\/05\/road-blocker-52-1_01e001e01_6187.jpg' data-no-retina  alt='road-blocker-52' \/><div class='hover-effect'><\/div><div class='plus_wrapper'><span><\/span><span><\/span><\/div><a class='link_area_post_media post_media_link post_post_media_link posts_grid_post_media_link' href='https:\/\/www.stopgrup.com\/fr\/aksa-roas-blocker\/'><\/a><\/div><\/div><div class='post_post_info posts_grid_post_info'><div class='post_info_header'><div class='post_info_meta'><\/div><div class='post_info_divider'><\/div><\/div><h4 class='post_title post_post_title posts_grid_post_title'><a href='https:\/\/www.stopgrup.com\/fr\/aksa-roas-blocker\/'>Aksa &#8211; Roas Blocker<\/a><\/h4><div class='post_info_footer'><\/div><\/div><\/div><\/article><\/div><div  class='cws_loader_holder'><div  class='cws_loader'>\t\t\t\t<svg width='104px' height='104px' xmlns=\"http:\/\/www.w3.org\/2000\/svg\" viewBox=\"0 0 100 100\" preserveAspectRatio=\"xMidYMid\" class=\"uil-default\"><rect x=\"0\" y=\"0\" width=\"100\" height=\"100\" fill=\"none\" class=\"bk\"><\/rect><rect  x='46.5' y='40' width='7' height='20' rx='5' ry='5' fill='#000000' transform='rotate(0 50 50) translate(0 -30)'>  <animate attributeName='opacity' from='1' to='0' dur='1s' begin='0s' repeatCount='indefinite'\/><\/rect><rect  x='46.5' y='40' width='7' height='20' rx='5' ry='5' fill='#000000' transform='rotate(30 50 50) translate(0 -30)'>  <animate attributeName='opacity' from='1' to='0' dur='1s' begin='0.08333333333333333s' repeatCount='indefinite'\/><\/rect><rect  x='46.5' y='40' width='7' height='20' rx='5' ry='5' fill='#000000' transform='rotate(60 50 50) translate(0 -30)'>  <animate attributeName='opacity' from='1' to='0' dur='1s' begin='0.16666666666666666s' repeatCount='indefinite'\/><\/rect><rect  x='46.5' y='40' width='7' height='20' rx='5' ry='5' fill='#000000' transform='rotate(90 50 50) translate(0 -30)'>  <animate attributeName='opacity' from='1' to='0' dur='1s' begin='0.25s' repeatCount='indefinite'\/><\/rect><rect  x='46.5' y='40' width='7' height='20' rx='5' ry='5' fill='#000000' transform='rotate(120 50 50) translate(0 -30)'>  <animate attributeName='opacity' from='1' to='0' dur='1s' begin='0.3333333333333333s' repeatCount='indefinite'\/><\/rect><rect  x='46.5' y='40' width='7' height='20' rx='5' ry='5' fill='#000000' transform='rotate(150 50 50) translate(0 -30)'>  <animate attributeName='opacity' from='1' to='0' dur='1s' begin='0.4166666666666667s' repeatCount='indefinite'\/><\/rect><rect  x='46.5' y='40' width='7' height='20' rx='5' ry='5' fill='#000000' transform='rotate(180 50 50) translate(0 -30)'>  <animate attributeName='opacity' from='1' to='0' dur='1s' begin='0.5s' repeatCount='indefinite'\/><\/rect><rect  x='46.5' y='40' width='7' height='20' rx='5' ry='5' fill='#000000' transform='rotate(210 50 50) translate(0 -30)'>  <animate attributeName='opacity' from='1' to='0' dur='1s' begin='0.5833333333333334s' repeatCount='indefinite'\/><\/rect><rect  x='46.5' y='40' width='7' height='20' rx='5' ry='5' fill='#000000' transform='rotate(240 50 50) translate(0 -30)'>  <animate attributeName='opacity' from='1' to='0' dur='1s' begin='0.6666666666666666s' repeatCount='indefinite'\/><\/rect><rect  x='46.5' y='40' width='7' height='20' rx='5' ry='5' fill='#000000' transform='rotate(270 50 50) translate(0 -30)'>  <animate attributeName='opacity' from='1' to='0' dur='1s' begin='0.75s' repeatCount='indefinite'\/><\/rect><rect  x='46.5' y='40' width='7' height='20' rx='5' ry='5' fill='#000000' transform='rotate(300 50 50) translate(0 -30)'>  <animate attributeName='opacity' from='1' to='0' dur='1s' begin='0.8333333333333334s' repeatCount='indefinite'\/><\/rect><rect  x='46.5' y='40' width='7' height='20' rx='5' ry='5' fill='#000000' transform='rotate(330 50 50) translate(0 -30)'>  <animate attributeName='opacity' from='1' to='0' dur='1s' begin='0.9166666666666666s' repeatCount='indefinite'\/><\/rect><\/svg>\n\t\t\t\t<\/div><\/div><\/div>\n\t\t<div class=\"pagination\">\n\t\t\t<div class='page_links'>\n\t\t\t<span aria-current=\"page\" class=\"page-numbers current\">1<\/span>\n<a class=\"page-numbers\" href=\"https:\/\/www.stopgrup.com\/fr\/wp-json\/wp\/v2\/pages\/6201\/page\/2\/\">2<\/a>\n<a class=\"page-numbers\" href=\"https:\/\/www.stopgrup.com\/fr\/wp-json\/wp\/v2\/pages\/6201\/page\/3\/\">3<\/a>\n<a class=\"page-numbers\" href=\"https:\/\/www.stopgrup.com\/fr\/wp-json\/wp\/v2\/pages\/6201\/page\/4\/\">4<\/a>\n<a class=\"next page-numbers\" href=\"https:\/\/www.stopgrup.com\/fr\/wp-json\/wp\/v2\/pages\/6201\/page\/2\/\"><i class=''><\/i><\/a>\t\t\t<\/div>\n\t\t<\/div>\n\t\t<form id='posts_grid_69e7c5f96193c_data' class='ajax_data_form cws_blog_ajax_data_form posts_grid_ajax_data_form'><input type='hidden' id='posts_grid_69e7c5f96193c_ajax_data' class='ajax_data cws_blog_ajax_data posts_grid_ajax_data' name='posts_grid_69e7c5f96193c_ajax_data' value='{\"section_id\":\"posts_grid_69e7c5f96193c\",\"post_type\":\"post\",\"post_hide_meta\":[\"cats\",\"tags\",\"author\",\"likes\",\"date\",\"comments\",\"social\",\"excerpt\"],\"layout\":\"4\",\"sb_layout\":\"no_sidebars\",\"total_items_count\":10000,\"hover_effects\":\" hovernone\",\"items_pp\":12,\"page\":1,\"max_paged\":4,\"tax\":\"category\",\"terms\":[\"bariyer-projeleri\"],\"huge_layout\":null,\"current_filter_val\":\"_all_\",\"addl_query_args\":[],\"full_width\":false,\"pagination_grid\":\"\",\"related_items\":\"\",\"more_btn_text\":\"Read More\",\"link_show\":\"dots\",\"crop_featured\":\"1\",\"is_masonry\":false,\"chars_count\":\"75\"}' \/><\/form><\/section>[\/vc_column][\/vc_row]\n","protected":false},"excerpt":{"rendered":"","protected":false},"author":1,"featured_media":0,"parent":0,"menu_order":0,"comment_status":"closed","ping_status":"closed","template":"","meta":[],"yoast_head":"<!-- This site is optimized with the Yoast SEO plugin v16.4 - https:\/\/yoast.com\/wordpress\/plugins\/seo\/ -->\n<title>Projets de Barri\u00e8re - Stop Grup Syst\u00e8mes de Cl\u00f4ture et de Barri\u00e8re<\/title>\n<meta name=\"robots\" content=\"index, follow, max-snippet:-1, max-image-preview:large, max-video-preview:-1\" \/>\n<link rel=\"canonical\" href=\"https:\/\/www.stopgrup.com\/fr\/projets-de-barriere\/\" \/>\n<meta property=\"og:locale\" content=\"tr_TR\" \/>\n<meta property=\"og:type\" content=\"article\" \/>\n<meta property=\"og:title\" content=\"Projets de Barri\u00e8re - Stop Grup Syst\u00e8mes de Cl\u00f4ture et de Barri\u00e8re\" \/>\n<meta property=\"og:url\" content=\"https:\/\/www.stopgrup.com\/fr\/projets-de-barriere\/\" \/>\n<meta property=\"og:site_name\" content=\"Stop Grup Syst\u00e8mes de Cl\u00f4ture et de Barri\u00e8re\" \/>\n<meta property=\"article:modified_time\" content=\"2021-07-07T06:04:04+00:00\" \/>\n<meta name=\"twitter:card\" content=\"summary_large_image\" \/>\n<script type=\"application\/ld+json\" class=\"yoast-schema-graph\">{\"@context\":\"https:\/\/schema.org\",\"@graph\":[{\"@type\":\"WebSite\",\"@id\":\"https:\/\/www.stopgrup.com\/fr\/#website\",\"url\":\"https:\/\/www.stopgrup.com\/fr\/\",\"name\":\"Stop Grup Syst\\u00e8mes de Cl\\u00f4ture et de Barri\\u00e8re\",\"description\":\"\",\"potentialAction\":[{\"@type\":\"SearchAction\",\"target\":\"https:\/\/www.stopgrup.com\/fr\/?s={search_term_string}\",\"query-input\":\"required name=search_term_string\"}],\"inLanguage\":\"tr\"},{\"@type\":\"WebPage\",\"@id\":\"https:\/\/www.stopgrup.com\/fr\/projets-de-barriere\/#webpage\",\"url\":\"https:\/\/www.stopgrup.com\/fr\/projets-de-barriere\/\",\"name\":\"Projets de Barri\\u00e8re - Stop Grup Syst\\u00e8mes de Cl\\u00f4ture et de Barri\\u00e8re\",\"isPartOf\":{\"@id\":\"https:\/\/www.stopgrup.com\/fr\/#website\"},\"datePublished\":\"2021-05-21T08:31:40+00:00\",\"dateModified\":\"2021-07-07T06:04:04+00:00\",\"breadcrumb\":{\"@id\":\"https:\/\/www.stopgrup.com\/fr\/projets-de-barriere\/#breadcrumb\"},\"inLanguage\":\"tr\",\"potentialAction\":[{\"@type\":\"ReadAction\",\"target\":[\"https:\/\/www.stopgrup.com\/fr\/projets-de-barriere\/\"]}]},{\"@type\":\"BreadcrumbList\",\"@id\":\"https:\/\/www.stopgrup.com\/fr\/projets-de-barriere\/#breadcrumb\",\"itemListElement\":[{\"@type\":\"ListItem\",\"position\":1,\"item\":{\"@type\":\"WebPage\",\"@id\":\"https:\/\/www.stopgrup.com\/fr\/\",\"url\":\"https:\/\/www.stopgrup.com\/fr\/\",\"name\":\"Anasayfa\"}},{\"@type\":\"ListItem\",\"position\":2,\"item\":{\"@id\":\"https:\/\/www.stopgrup.com\/fr\/projets-de-barriere\/#webpage\"}}]}]}<\/script>\n<!-- \/ Yoast SEO plugin. -->","_links":{"self":[{"href":"https:\/\/www.stopgrup.com\/fr\/wp-json\/wp\/v2\/pages\/6201"}],"collection":[{"href":"https:\/\/www.stopgrup.com\/fr\/wp-json\/wp\/v2\/pages"}],"about":[{"href":"https:\/\/www.stopgrup.com\/fr\/wp-json\/wp\/v2\/types\/page"}],"author":[{"embeddable":true,"href":"https:\/\/www.stopgrup.com\/fr\/wp-json\/wp\/v2\/users\/1"}],"replies":[{"embeddable":true,"href":"https:\/\/www.stopgrup.com\/fr\/wp-json\/wp\/v2\/comments?post=6201"}],"version-history":[{"count":3,"href":"https:\/\/www.stopgrup.com\/fr\/wp-json\/wp\/v2\/pages\/6201\/revisions"}],"predecessor-version":[{"id":6881,"href":"https:\/\/www.stopgrup.com\/fr\/wp-json\/wp\/v2\/pages\/6201\/revisions\/6881"}],"wp:attachment":[{"href":"https:\/\/www.stopgrup.com\/fr\/wp-json\/wp\/v2\/media?parent=6201"}],"curies":[{"name":"wp","href":"https:\/\/api.w.org\/{rel}","templated":true}]}}